{"id":3,"date":"2024-03-25T20:34:32","date_gmt":"2024-03-25T20:34:32","guid":{"rendered":"https:\/\/gohotsite.com\/?page_id=3"},"modified":"2026-02-27T13:32:01","modified_gmt":"2026-02-27T13:32:01","slug":"privacy-policy","status":"publish","type":"page","link":"https:\/\/gohotsite.com\/da\/privacy-policy\/","title":{"rendered":"Privatlivspolitik"},"content":{"rendered":"<p>Dit privatliv er vigtigt for os. Det er GoHot Sites politik at respektere dit privatliv i forbindelse med alle oplysninger, vi m\u00e5tte indsamle fra dig p\u00e5 GoHot-webstedet og andre websteder, vi ejer og driver.<\/p>\n\n\n\n<p>Vi anmoder kun om personlige oplysninger, n\u00e5r vi virkelig har brug for dem for at kunne levere en tjeneste til dig. Vi g\u00f8r det retf\u00e6rdigt og lovligt, med din viden og dit samtykke. Vi informerer dig ogs\u00e5 om, hvorfor vi indsamler dem, og hvordan de vil blive brugt.<\/p>\n\n\n\n<p>Vi opbevarer kun indsamlede oplysninger, s\u00e5 l\u00e6nge det er n\u00f8dvendigt for at levere den \u00f8nskede tjeneste. N\u00e5r vi opbevarer data, beskytter vi dem inden for kommercielt acceptable midler for at forhindre tab og tyveri, samt uautoriseret adgang, videregivelse, kopiering, brug eller \u00e6ndring.<\/p>\n\n\n\n<p>Vi deler ikke personligt identificerbare oplysninger offentligt eller med tredjeparter, undtagen n\u00e5r det er p\u00e5kr\u00e6vet ved lov.<\/p>\n\n\n\n<p>Vores hjemmeside kan indeholde links til eksterne sider, som ikke drives af os. V\u00e6r opm\u00e6rksom p\u00e5, at vi ikke har nogen kontrol over indholdet og praksis p\u00e5 disse sider og ikke kan p\u00e5tage os ansvar for deres respektive privatlivspolitikker.<\/p>\n\n\n\n<p>Du er velkommen til at afvise vores anmodning om personlige oplysninger, idet du er klar over, at vi muligvis ikke kan levere nogle af de tjenester, du \u00f8nsker.<\/p>\n\n\n\n<p>Fortsat brug af vores hjemmeside vil blive betragtet som accept af vores praksis vedr\u00f8rende privatliv og personlige oplysninger. Hvis du har sp\u00f8rgsm\u00e5l om, hvordan vi h\u00e5ndterer brugerdata, bedes du kontakte os.<\/p>\n\n\n\n<h2 class=\"wp-block-heading\">Sikkerhed og tillid p\u00e5 GoHot-webstedet<\/h2>\n\n\n\n<p>Hjemmesiden er trov\u00e6rdig og sikker for brugernes browsing, som indikeret af verifikationen. Siden kontrollerer hjemmesidens oplysninger for at identificere potentielle sikkerhedsproblemer. Browserhistorikken, der er verificeret af Googles sikkerhedsv\u00e6rkt\u00f8j, viser, at hjemmesiden er sikker.<\/p>\n\n\n\n<h2 class=\"wp-block-heading\">Cookiepolitik<\/h2>\n\n\n\n<h3 class=\"wp-block-heading\">Hvad er cookies?<\/h3>\n\n\n\n<p>Som det er almindelig praksis p\u00e5 n\u00e6sten alle professionelle websteder, bruger dette websted cookies, som er sm\u00e5 filer, der downloades til din computer, for at forbedre din oplevelse.<\/p>\n\n\n\n<h3 class=\"wp-block-heading\">Hvordan bruger vi cookies?<\/h3>\n\n\n\n<p>Vi bruger cookies af flere \u00e5rsager, som er beskrevet nedenfor. I mange tilf\u00e6lde er der ingen standardmuligheder for at deaktivere cookies uden at g\u00e5 p\u00e5 kompromis med funktionaliteten.<\/p>\n\n\n\n<h3 class=\"wp-block-heading\">Deaktiver cookies<\/h3>\n\n\n\n<p>Du kan forhindre cookies i at blive gemt ved at justere dine browserindstillinger. Husk, at deaktivering af dem kan p\u00e5virke funktionaliteten af denne og andre hjemmesider.<\/p>\n\n\n\n<h3 class=\"wp-block-heading\">Cookies vi s\u00e6tter<\/h3>\n\n\n\n<h4 class=\"wp-block-heading\">Kontorelaterede cookies<\/h4>\n\n\n\n<p>Bruges til at administrere registreringsprocessen og generel kontoadministration.<\/p>\n\n\n\n<h4 class=\"wp-block-heading\">Login-relaterede cookies<\/h4>\n\n\n\n<p>De husker dine loginoplysninger, mens du bruger hjemmesiden.<\/p>\n\n\n\n<h4 class=\"wp-block-heading\">Cookies relateret til e-mailnyhedsbreve<\/h4>\n\n\n\n<p>Kan du huske, om du allerede er tilmeldt vores nyhedsbreve?.<\/p>\n\n\n\n<h4 class=\"wp-block-heading\">Cookies til ordrebehandling<\/h4>\n\n\n\n<p>Vigtigt for at huske varer mellem siderne, n\u00e5r du handler.<\/p>\n\n\n\n<h4 class=\"wp-block-heading\">Cookies relateret til s\u00f8gninger<\/h4>\n\n\n\n<p>Bruges til at huske deltagelse og opretholde n\u00f8jagtige resultater.<\/p>\n\n\n\n<h4 class=\"wp-block-heading\">Formularrelaterede cookies<\/h4>\n\n\n\n<p>De gemmer data, der indsendes i formularer, til senere udfyldelse.<\/p>\n\n\n\n<h4 class=\"wp-block-heading\">Cookies til webstedspr\u00e6ferencer<\/h4>\n\n\n\n<p>De gemmer dine browserindstillinger og pr\u00e6ferencer.<\/p>\n\n\n\n<h3 class=\"wp-block-heading\">Tredjepartscookies<\/h3>\n\n\n\n<p>I nogle s\u00e6rlige tilf\u00e6lde bruger vi cookies fra betroede tredjeparter.<\/p>\n\n\n\n<h4 class=\"wp-block-heading\">Google Analytics<\/h4>\n\n\n\n<p>Vi bruger Google Analytics til at forst\u00e5, hvordan du bruger hjemmesiden.<\/p>\n\n\n\n<p>For mere information, bes\u00f8g venligst den officielle Google Analytics-side.<\/p>\n\n\n\n<h4 class=\"wp-block-heading\">Tredjepartsanalysev\u00e6rkt\u00f8jer<\/h4>\n\n\n\n<p>Bruges til at m\u00e5le brugeradf\u00e6rd og forbedre hjemmesideoplevelsen.<\/p>\n\n\n\n<h4 class=\"wp-block-heading\">Funktionalitetstests<\/h4>\n\n\n\n<p>Bruges ved test af nye funktioner for at sikre konsistens.<\/p>\n\n\n\n<h4 class=\"wp-block-heading\">E-handelsstatistik<\/h4>\n\n\n\n<p>De m\u00e5ler, hvor mange bes\u00f8gende der foretager k\u00f8b, og hj\u00e6lper med virksomhedens prognoser.<\/p>\n\n\n\n<h2 class=\"wp-block-heading\">Annoncepr\u00e6ferencer og fravalgsmuligheder<\/h2>\n\n\n\n<p>Du kan administrere dine annoncepr\u00e6ferencer og begr\u00e6nse brugen af dine data til personlig annoncering ved hj\u00e6lp af eksterne v\u00e6rkt\u00f8jer. For at justere, hvordan annoncer vises for dig, skal du g\u00e5 til [link\/v\u00e6rkt\u00f8jsnavn]. \n<a href=\"https:\/\/www.google.com\/settings\/ads\" target=\"_blank\">Google Annoncepr\u00e6ferenceadministrator<\/a>.<\/p>\n\n\n\n<p>Hvis du \u00f8nsker at deaktivere personlige annoncer, kan du ogs\u00e5 bruge uafh\u00e6ngige mekanismer s\u00e5som:<\/p>\n\n\n\n<ul class=\"wp-block-list\">\n<li><a href=\"https:\/\/optout.networkadvertising.org\/\" target=\"_blank\">Framelding fra Network Advertising Initiative (NAI)<\/a><\/li>\n\n\n\n<li><a href=\"https:\/\/optout.aboutads.info\/\" target=\"_blank\">Framelding fra Digital Advertising Alliance (DAA)<\/a><\/li>\n<\/ul>\n\n\n\n<p>Disse systemer giver dig mulighed for at kontrollere indsamling og brug af cookies fra forskellige digitale reklametjenester.<\/p>\n\n\n\n<h2 class=\"wp-block-heading\">Brugerforpligtelse<\/h2>\n\n\n\n<p>Brugeren accepterer at:<\/p>\n\n\n\n<ul class=\"wp-block-list\">\n<li>Undlad at deltage i ulovlige aktiviteter eller aktiviteter, der strider mod god tro og offentlig orden.<\/li>\n\n\n\n<li>Du m\u00e5 ikke udbrede ulovligt, racistisk, fremmedfjendtligt, hasardspilrelateret, ulovlig pornografi, terrorrelateret indhold eller indhold, der kr\u00e6nker menneskerettighederne.<\/li>\n\n\n\n<li>For\u00e5rsage ikke skade p\u00e5 GoHot-webstedets eller tredjeparters fysiske eller logiske systemer.<\/li>\n\n\n\n<li>Introducer ikke virus eller skadelig software.<\/li>\n<\/ul>\n\n\n\n<h2 class=\"wp-block-heading\">Bloker cookies<\/h2>\n\n\n\n<p>Du kan til enhver tid blokere cookies i dine browserindstillinger.<\/p>\n\n\n\n<p>Hj\u00e6lpevejledninger:<\/p>\n\n\n\n<ul class=\"wp-block-list\">\n<li><a href=\"https:\/\/support.google.com\/chrome\/answer\/95647\">Google Chrome<\/a><\/li>\n\n\n\n<li><a href=\"https:\/\/support.mozilla.org\/pt-BR\/kb\/desative-cookies-terceiros-impedir-rastreamento\">Firefox<\/a><\/li>\n\n\n\n<li><a href=\"https:\/\/support.microsoft.com\/pt-br\/windows\/gerencie-cookies-no-microsoft-edge-exibir-permitir-bloquear-excluir-e-usar-168dab11-0753-043d-7c16-ede5947fc64d\">Microsoft Edge<\/a><\/li>\n\n\n\n<li><a href=\"https:\/\/help.opera.com\/en\/latest\/web-preferences\/#cookies\">Opera<\/a><\/li>\n\n\n\n<li><a href=\"https:\/\/support.apple.com\/pt-br\/HT201265\">Safari<\/a><\/li>\n<\/ul>\n\n\n\n<h2 class=\"wp-block-heading\">Mere information<\/h2>\n\n\n\n<p>Vi h\u00e5ber, at disse oplysninger er tydelige. Hvis du er usikker p\u00e5, om du skal deaktivere cookies, er det sikrere at lade dem v\u00e6re aktiveret.<\/p>\n\n\n\n<p>Denne politik tr\u00e6der i kraft fra: <strong>Februar 2026<\/strong>.<\/p>","protected":false},"excerpt":{"rendered":"<p>A sua privacidade \u00e9 importante para n\u00f3s. \u00c9 pol\u00edtica do GoHot Site respeitar a sua privacidade em rela\u00e7\u00e3o a qualquer informa\u00e7\u00e3o sua&#8230;<\/p>","protected":false},"author":1,"featured_media":0,"parent":0,"menu_order":0,"comment_status":"closed","ping_status":"open","template":"","meta":{"footnotes":""},"class_list":["post-3","page","type-page","status-publish","hentry","entry"],"_links":{"self":[{"href":"https:\/\/gohotsite.com\/da\/wp-json\/wp\/v2\/pages\/3","targetHints":{"allow":["GET"]}}],"collection":[{"href":"https:\/\/gohotsite.com\/da\/wp-json\/wp\/v2\/pages"}],"about":[{"href":"https:\/\/gohotsite.com\/da\/wp-json\/wp\/v2\/types\/page"}],"author":[{"embeddable":true,"href":"https:\/\/gohotsite.com\/da\/wp-json\/wp\/v2\/users\/1"}],"replies":[{"embeddable":true,"href":"https:\/\/gohotsite.com\/da\/wp-json\/wp\/v2\/comments?post=3"}],"version-history":[{"count":8,"href":"https:\/\/gohotsite.com\/da\/wp-json\/wp\/v2\/pages\/3\/revisions"}],"predecessor-version":[{"id":4089,"href":"https:\/\/gohotsite.com\/da\/wp-json\/wp\/v2\/pages\/3\/revisions\/4089"}],"wp:attachment":[{"href":"https:\/\/gohotsite.com\/da\/wp-json\/wp\/v2\/media?parent=3"}],"curies":[{"name":"wp","href":"https:\/\/api.w.org\/{rel}","templated":true}]}}