{"id":110,"date":"2024-04-02T17:57:58","date_gmt":"2024-04-02T17:57:58","guid":{"rendered":"https:\/\/gohotsite.com\/?page_id=110"},"modified":"2026-02-27T13:35:11","modified_gmt":"2026-02-27T13:35:11","slug":"termos-de-uso","status":"publish","type":"page","link":"https:\/\/gohotsite.com\/de\/termos-de-uso\/","title":{"rendered":"Nutzungsbedingungen"},"content":{"rendered":"<ul class=\"wp-block-list\">\n<li>Bedingungen<\/li>\n<\/ul>\n\n\n\n<p>Durch den Zugriff auf die Gohotsite-Website erkl\u00e4ren Sie sich mit diesen Servicebedingungen sowie allen geltenden Gesetzen und Vorschriften einverstanden und erkl\u00e4ren sich damit einverstanden, dass Sie f\u00fcr die Einhaltung aller geltenden lokalen Gesetze verantwortlich sind. Wenn Sie mit diesen Bedingungen nicht einverstanden sind, ist Ihnen die Nutzung oder der Zugriff auf diese Site untersagt. Die auf dieser Website enthaltenen Materialien sind durch geltendes Urheber- und Markenrecht gesch\u00fctzt.<\/p>\n\n\n\n<ul start=\"2\" class=\"wp-block-list\">\n<li>Nutzungslizenz<\/li>\n<\/ul>\n\n\n\n<p>Es wird die Erlaubnis erteilt, vor\u00fcbergehend eine Kopie der Materialien (Informationen oder Software) auf der Website von Gohotsite herunterzuladen, und zwar ausschlie\u00dflich zur pers\u00f6nlichen, nicht kommerziellen, vor\u00fcbergehenden Ansicht. Es handelt sich hierbei um die Gew\u00e4hrung einer Lizenz und nicht um eine \u00dcbertragung des Eigentumsrechts. Im Rahmen dieser Lizenz d\u00fcrfen Sie nicht:<\/p>\n\n\n\n<p>die Materialien ver\u00e4ndern oder kopieren; die Materialien f\u00fcr kommerzielle Zwecke oder f\u00fcr eine \u00f6ffentliche Darstellung (kommerziell oder nicht kommerziell) zu verwenden; versuchen, die auf der Gohotsite-Website enthaltene Software zu dekompilieren oder zur\u00fcckzuentwickeln; jegliche Urheberrechts- oder sonstige Eigentumsvermerke aus den Materialien entfernen; oder die Materialien an eine andere Person zu \u00fcbertragen oder die Materialien auf einem anderen Server zu \u201espiegeln\u201c. Diese Lizenz erlischt automatisch, wenn Sie gegen eine dieser Einschr\u00e4nkungen versto\u00dfen, und kann von Gohotsite jederzeit gek\u00fcndigt werden. Wenn Sie die Anzeige dieser Materialien beenden oder diese Lizenz erlischt, m\u00fcssen Sie s\u00e4mtliche heruntergeladenen Materialien in Ihrem Besitz vernichten, unabh\u00e4ngig davon, ob sie in elektronischer oder gedruckter Form vorliegen.<\/p>\n\n\n\n<ul class=\"wp-block-list\">\n<li>Haftungsausschluss<\/li>\n<\/ul>\n\n\n\n<p>Die Materialien auf der Website von Gohotsite werden \u201ewie besehen\u201c bereitgestellt. Gohotsite \u00fcbernimmt keine ausdr\u00fccklichen oder stillschweigenden Garantien und schlie\u00dft hiermit alle anderen Garantien aus, einschlie\u00dflich, aber nicht beschr\u00e4nkt auf stillschweigende Garantien oder Bedingungen hinsichtlich der Marktg\u00e4ngigkeit, Eignung f\u00fcr einen bestimmten Zweck oder Nichtverletzung von geistigem Eigentum oder sonstige Rechtsverletzungen. Dar\u00fcber hinaus \u00fcbernimmt Gohotsite keine Garantie oder Zusicherung hinsichtlich der Genauigkeit, der wahrscheinlichen Ergebnisse oder der Zuverl\u00e4ssigkeit der Verwendung der Materialien auf seiner Website oder in sonstiger Weise in Bezug auf diese Materialien oder auf Websites, die mit dieser Website verlinkt sind.<\/p>\n\n\n\n<ul class=\"wp-block-list\">\n<li>Einschr\u00e4nkungen<\/li>\n<\/ul>\n\n\n\n<p>Gohotsite oder seine Lieferanten haften in keinem Fall f\u00fcr Sch\u00e4den (einschlie\u00dflich, aber nicht beschr\u00e4nkt auf Sch\u00e4den durch Datenverlust oder entgangenen Gewinn oder aufgrund von Gesch\u00e4ftsunterbrechungen), die aus der Nutzung oder der Unm\u00f6glichkeit der Nutzung der Materialien auf Gohotsite entstehen, selbst wenn Gohotsite oder ein autorisierter Vertreter von Gohotsite m\u00fcndlich oder schriftlich \u00fcber die M\u00f6glichkeit solcher Sch\u00e4den informiert wurde. Da in einigen Rechtsgebieten die Einschr\u00e4nkung stillschweigender Garantien oder die Haftungsbeschr\u00e4nkung f\u00fcr Folge- oder Nebensch\u00e4den nicht zul\u00e4ssig ist, gelten diese Beschr\u00e4nkungen m\u00f6glicherweise nicht f\u00fcr Sie.<\/p>\n\n\n\n<ul start=\"5\" class=\"wp-block-list\">\n<li>Genauigkeit der Materialien<\/li>\n<\/ul>\n\n\n\n<p>Die auf der Gohotsite-Website angezeigten Materialien k\u00f6nnen technische, typografische oder fotografische Fehler enthalten. Gohotsite \u00fcbernimmt keine Gew\u00e4hr f\u00fcr die Richtigkeit, Vollst\u00e4ndigkeit oder Aktualit\u00e4t der Materialien auf seiner Website. Gohotsite kann jederzeit und ohne Vorank\u00fcndigung \u00c4nderungen an den auf seiner Website enthaltenen Materialien vornehmen. Gohotsite \u00fcbernimmt jedoch keine Verpflichtung, die Materialien zu aktualisieren.<\/p>\n\n\n\n<ul start=\"6\" class=\"wp-block-list\">\n<li>Links<\/li>\n<\/ul>\n\n\n\n<p>Gohotsite hat nicht alle mit seiner Website verkn\u00fcpften Sites \u00fcberpr\u00fcft und ist nicht f\u00fcr den Inhalt solcher verkn\u00fcpften Sites verantwortlich. Die Einbindung eines Links bedeutet nicht, dass Gohotsite die Site unterst\u00fctzt. Die Nutzung aller verlinkten Websites erfolgt auf eigene Gefahr des Benutzers.<\/p>\n\n\n\n<ul class=\"wp-block-list\">\n<li>\u00c4nderungen<\/li>\n<\/ul>\n\n\n\n<p>Gohotsite kann die Nutzungsbedingungen dieser Website jederzeit und ohne Vorank\u00fcndigung \u00e4ndern. Durch die Nutzung dieser Website erkl\u00e4ren Sie sich mit der jeweils aktuellen Version dieser Servicebedingungen einverstanden.<\/p>\n\n\n\n<ul class=\"wp-block-list\">\n<li>Geltendes Recht<\/li>\n<\/ul>\n\n\n\n<p><strong>Anwendbares Recht<\/strong> Diese Allgemeinen Gesch\u00e4ftsbedingungen unterliegen den Gesetzen von [Staat\/Land] und sind nach diesen auszulegen. <strong>F\u00f6derative Republik Brasilien<\/strong>. Die hier hergestellte Beziehung zwischen <strong>Gohotsite<\/strong> und der Benutzer beobachtet insbesondere die <strong>Allgemeines Gesetz zum Schutz personenbezogener Daten (LGPD \u2013 Gesetz Nr. 13.709\/2018)<\/strong>, Die <strong>Brasilianische Internet-Grundrechtecharta (Gesetz Nr. 12.965\/2014)<\/strong> und die <strong>Verbraucherschutzgesetz (Gesetz Nr. 8.078\/1990)<\/strong>, sofern zutreffend.<\/p>\n\n\n\n<p><strong>Wahlforum<\/strong> Zur Beilegung von Streitigkeiten, die sich aus diesen Bedingungen ergeben, w\u00e4hlen die Parteien die <strong>Gericht des Bezirks S\u00e3o Paulo, SP<\/strong>, unter Ausschluss aller anderen, wie privilegiert sie auch sein m\u00f6gen, zur Bearbeitung und Beurteilung etwaiger Rechtsstreitigkeiten.<\/p>","protected":false},"excerpt":{"rendered":"<p>Ao acessar ao site Gohotsite, concorda em cumprir estes termos de servi\u00e7o, todas as leis e regulamentos aplic\u00e1veis \u200b\u200be concorda que \u00e9&#8230;<\/p>","protected":false},"author":1,"featured_media":0,"parent":0,"menu_order":0,"comment_status":"closed","ping_status":"closed","template":"","meta":{"footnotes":""},"class_list":["post-110","page","type-page","status-publish","hentry","entry"],"_links":{"self":[{"href":"https:\/\/gohotsite.com\/de\/wp-json\/wp\/v2\/pages\/110","targetHints":{"allow":["GET"]}}],"collection":[{"href":"https:\/\/gohotsite.com\/de\/wp-json\/wp\/v2\/pages"}],"about":[{"href":"https:\/\/gohotsite.com\/de\/wp-json\/wp\/v2\/types\/page"}],"author":[{"embeddable":true,"href":"https:\/\/gohotsite.com\/de\/wp-json\/wp\/v2\/users\/1"}],"replies":[{"embeddable":true,"href":"https:\/\/gohotsite.com\/de\/wp-json\/wp\/v2\/comments?post=110"}],"version-history":[{"count":2,"href":"https:\/\/gohotsite.com\/de\/wp-json\/wp\/v2\/pages\/110\/revisions"}],"predecessor-version":[{"id":4091,"href":"https:\/\/gohotsite.com\/de\/wp-json\/wp\/v2\/pages\/110\/revisions\/4091"}],"wp:attachment":[{"href":"https:\/\/gohotsite.com\/de\/wp-json\/wp\/v2\/media?parent=110"}],"curies":[{"name":"wp","href":"https:\/\/api.w.org\/{rel}","templated":true}]}}