{"id":160,"date":"2024-04-24T22:52:38","date_gmt":"2024-04-24T22:52:38","guid":{"rendered":"https:\/\/gohotsite.com\/?page_id=160"},"modified":"2026-02-27T13:34:28","modified_gmt":"2026-02-27T13:34:28","slug":"sobre-nos","status":"publish","type":"page","link":"https:\/\/gohotsite.com\/de\/sobre-nos\/","title":{"rendered":"\u00dcber uns"},"content":{"rendered":"<p>DER <strong>Gohotsite<\/strong> Wir haben es uns zur Aufgabe gemacht, Ihre Reise durch die Welt der digitalen Vernetzung und der im Alltag angewandten Technologien zu vereinfachen. Wir sind ein Portal, das sich darauf spezialisiert hat, die Komplexit\u00e4t moderner Plattformen in echte Chancen f\u00fcr Sie zu verwandeln, sich abzuheben und effizient zu kommunizieren.<\/p>\n\n\n\n<h4 class=\"wp-block-heading\">Unser redaktionelles Konzept und unser Ziel<\/h4>\n\n\n\n<p>Wir wissen, dass die Nutzung von Apps und neuen Technologien eine Herausforderung sein kann. Deshalb bieten wir Ihnen direkt, hilfreich und stets aktuell. Wir verkn\u00fcpfen Technologie, Verhalten und Kommunikation, damit Sie sicherere und intelligentere Entscheidungen treffen k\u00f6nnen \u2013 egal ob Sie eine Beziehung suchen, Ihre Online-Pr\u00e4senz optimieren oder digitale Tools nutzen.<\/p>\n\n\n\n<h4 class=\"wp-block-heading\">Was Sie hier finden <\/h4>\n\n\n\n<p>Unser Content-\u00d6kosystem ist in strategische S\u00e4ulen unterteilt, um all Ihre digitalen Bed\u00fcrfnisse abzudecken:<\/p>\n\n\n\n<ul class=\"wp-block-list\">\n<li><strong>Dating-Apps:<\/strong> Umfassende Analysen und Strategien f\u00fcr Plattformen wie Tinder, Bumble, Happn und andere, die Ihnen helfen, wirkungsvolle Profile zu erstellen und die Algorithmen zu verstehen.<\/li>\n\n\n\n<li><strong>Tipps und Lifestyle-Ratgeber:<\/strong> Wir haben unseren Fokus \u00fcber reine Spielvermittlung hinaus erweitert. In dieser Kategorie bieten wir Tutorials zu digitalem Verhalten, Online-Sicherheit, Online-Etikette und praktische Tipps zur Verbesserung Ihrer Kommunikation und Produktivit\u00e4t in verschiedenen Alltagssituationen an.<\/li>\n\n\n\n<li><strong>Vergleiche und Anleitungen:<\/strong> Wir bewerten die wichtigsten Tools und Ressourcen auf dem Markt und bieten detaillierte Schritt-f\u00fcr-Schritt-Anleitungen, damit Sie die Funktionen jeder Anwendung einfach und verantwortungsbewusst beherrschen k\u00f6nnen.<\/li>\n<\/ul>\n\n\n\n<h4 class=\"wp-block-heading\">Unser Gesch\u00e4ftsmodell<\/h4>\n\n\n\n<p>DER <strong>Gohotsite<\/strong> Wir betreiben ein kostenloses Content-Portal f\u00fcr unsere Leser. Unser Gesch\u00e4ftsmodell basiert auf digitaler Werbung und Affiliate-Marketing-Partnerschaften. Das bedeutet, dass wir eine Provision erhalten, wenn Sie auf Links klicken oder in unseren Rezensionen empfohlene Dienstleistungen erwerben \u2013 ohne zus\u00e4tzliche Kosten f\u00fcr Sie. Dieses Modell gew\u00e4hrleistet die Unabh\u00e4ngigkeit unserer Redaktion und eine Struktur, die auf fundierte Recherche und hohe redaktionelle Qualit\u00e4t ausgerichtet ist.<\/p>\n\n\n\n<p>Ob es darum geht, neue Leute kennenzulernen, Freundschaften zu schlie\u00dfen oder einfach nur zu verstehen, wie Technologie das soziale Leben erleichtern kann, <strong>Gohotsite<\/strong> Dies ist Ihr Ausgangspunkt.<\/p>\n\n\n\n<p><strong>Willkommen.<\/strong> <em>Ihr n\u00e4chster Schritt in der digitalen Welt beginnt hier.<\/em><\/p>\n\n\n\n<p><\/p>","protected":false},"excerpt":{"rendered":"<p>O Gohotsite nasceu com a miss\u00e3o de simplificar a sua jornada no universo das conex\u00f5es digitais e da tecnologia aplicada ao dia&#8230;<\/p>","protected":false},"author":1,"featured_media":0,"parent":0,"menu_order":0,"comment_status":"closed","ping_status":"closed","template":"","meta":{"footnotes":""},"class_list":["post-160","page","type-page","status-publish","hentry","entry"],"_links":{"self":[{"href":"https:\/\/gohotsite.com\/de\/wp-json\/wp\/v2\/pages\/160","targetHints":{"allow":["GET"]}}],"collection":[{"href":"https:\/\/gohotsite.com\/de\/wp-json\/wp\/v2\/pages"}],"about":[{"href":"https:\/\/gohotsite.com\/de\/wp-json\/wp\/v2\/types\/page"}],"author":[{"embeddable":true,"href":"https:\/\/gohotsite.com\/de\/wp-json\/wp\/v2\/users\/1"}],"replies":[{"embeddable":true,"href":"https:\/\/gohotsite.com\/de\/wp-json\/wp\/v2\/comments?post=160"}],"version-history":[{"count":3,"href":"https:\/\/gohotsite.com\/de\/wp-json\/wp\/v2\/pages\/160\/revisions"}],"predecessor-version":[{"id":4090,"href":"https:\/\/gohotsite.com\/de\/wp-json\/wp\/v2\/pages\/160\/revisions\/4090"}],"wp:attachment":[{"href":"https:\/\/gohotsite.com\/de\/wp-json\/wp\/v2\/media?parent=160"}],"curies":[{"name":"wp","href":"https:\/\/api.w.org\/{rel}","templated":true}]}}