{"id":3,"date":"2024-03-25T20:34:32","date_gmt":"2024-03-25T20:34:32","guid":{"rendered":"https:\/\/gohotsite.com\/?page_id=3"},"modified":"2026-02-27T13:32:01","modified_gmt":"2026-02-27T13:32:01","slug":"privacy-policy","status":"publish","type":"page","link":"https:\/\/gohotsite.com\/de\/privacy-policy\/","title":{"rendered":"Datenschutzrichtlinie"},"content":{"rendered":"<p>Der Schutz Ihrer Daten ist uns wichtig. GoHot Site verpflichtet sich, Ihre Privatsph\u00e4re hinsichtlich aller Informationen, die wir auf der GoHot-Website und anderen von uns betriebenen Websites von Ihnen erfassen, zu respektieren.<\/p>\n\n\n\n<p>Wir erfragen personenbezogene Daten nur dann, wenn wir diese unbedingt ben\u00f6tigen, um Ihnen eine Dienstleistung anbieten zu k\u00f6nnen. Dies geschieht fair und rechtm\u00e4\u00dfig, mit Ihrem Wissen und Ihrer Einwilligung. Wir informieren Sie au\u00dferdem dar\u00fcber, warum wir Ihre Daten erheben und wie sie verwendet werden.<\/p>\n\n\n\n<p>Wir speichern die erhobenen Daten nur so lange, wie es f\u00fcr die Erbringung der angeforderten Dienstleistung erforderlich ist. Bei der Datenspeicherung sch\u00fctzen wir die Daten mit wirtschaftlich angemessenen Mitteln vor Verlust, Diebstahl sowie unbefugtem Zugriff, Offenlegung, Kopieren, Verwendung oder Ver\u00e4nderung.<\/p>\n\n\n\n<p>Wir geben personenbezogene Daten weder \u00f6ffentlich noch an Dritte weiter, es sei denn, dies ist gesetzlich vorgeschrieben.<\/p>\n\n\n\n<p>Unsere Website kann Links zu externen Websites enthalten, die nicht von uns betrieben werden. Bitte beachten Sie, dass wir keinen Einfluss auf die Inhalte und Praktiken dieser Websites haben und keine Verantwortung f\u00fcr deren Datenschutzrichtlinien \u00fcbernehmen k\u00f6nnen.<\/p>\n\n\n\n<p>Es steht Ihnen frei, unsere Anfrage nach pers\u00f6nlichen Informationen abzulehnen. Bitte haben Sie Verst\u00e4ndnis daf\u00fcr, dass wir Ihnen in diesem Fall m\u00f6glicherweise einige der gew\u00fcnschten Dienstleistungen nicht anbieten k\u00f6nnen.<\/p>\n\n\n\n<p>Durch die weitere Nutzung unserer Website erkl\u00e4ren Sie sich mit unseren Datenschutzbestimmungen und dem Umgang mit personenbezogenen Daten einverstanden. Bei Fragen zur Verarbeitung Ihrer Daten kontaktieren Sie uns bitte.<\/p>\n\n\n\n<h2 class=\"wp-block-heading\">Sicherheit und Vertrauensw\u00fcrdigkeit der GoHot-Website<\/h2>\n\n\n\n<p>Die Website ist vertrauensw\u00fcrdig und sicher, wie die Verifizierung best\u00e4tigt. Die Seite pr\u00fcft Website-Informationen, um potenzielle Sicherheitsl\u00fccken zu identifizieren. Der von Googles Sicherheitstool verifizierte Browserverlauf zeigt, dass die Website sicher ist.<\/p>\n\n\n\n<h2 class=\"wp-block-heading\">Cookie-Richtlinie<\/h2>\n\n\n\n<h3 class=\"wp-block-heading\">Was sind Cookies?<\/h3>\n\n\n\n<p>Wie auf fast allen professionellen Websites \u00fcblich, verwendet auch diese Website Cookies, kleine Dateien, die auf Ihren Computer heruntergeladen werden, um Ihre Benutzererfahrung zu verbessern.<\/p>\n\n\n\n<h3 class=\"wp-block-heading\">Wie verwenden wir Cookies?<\/h3>\n\n\n\n<p>Wir verwenden Cookies aus verschiedenen Gr\u00fcnden, die im Folgenden erl\u00e4utert werden. In vielen F\u00e4llen gibt es keine Standardoptionen zum Deaktivieren von Cookies, ohne die Funktionalit\u00e4t einzuschr\u00e4nken.<\/p>\n\n\n\n<h3 class=\"wp-block-heading\">Cookies deaktivieren<\/h3>\n\n\n\n<p>Sie k\u00f6nnen das Setzen von Cookies verhindern, indem Sie Ihre Browsereinstellungen anpassen. Beachten Sie jedoch, dass die Deaktivierung von Cookies die Funktionalit\u00e4t dieser und anderer Websites beeintr\u00e4chtigen kann.<\/p>\n\n\n\n<h3 class=\"wp-block-heading\">Cookies, die wir setzen<\/h3>\n\n\n\n<h4 class=\"wp-block-heading\">Kontobezogene Cookies<\/h4>\n\n\n\n<p>Wird zur Verwaltung des Registrierungsprozesses und der allgemeinen Kontoverwaltung verwendet.<\/p>\n\n\n\n<h4 class=\"wp-block-heading\">Login-bezogene Cookies<\/h4>\n\n\n\n<p>Sie speichern Ihre Anmeldeinformationen, w\u00e4hrend Sie auf der Website surfen.<\/p>\n\n\n\n<h4 class=\"wp-block-heading\">Cookies im Zusammenhang mit E-Mail-Newslettern<\/h4>\n\n\n\n<p>Wissen Sie noch, ob Sie unsere Newsletter bereits abonniert haben?.<\/p>\n\n\n\n<h4 class=\"wp-block-heading\">Cookies zur Auftragsverarbeitung<\/h4>\n\n\n\n<p>Unverzichtbar, um beim Einkaufen Artikel zwischen den Seiten wiederzuerkennen.<\/p>\n\n\n\n<h4 class=\"wp-block-heading\">Cookies im Zusammenhang mit Suchanfragen<\/h4>\n\n\n\n<p>Dient dazu, die Teilnahme zu erfassen und genaue Ergebnisse zu gew\u00e4hrleisten.<\/p>\n\n\n\n<h4 class=\"wp-block-heading\">Formularbezogene Cookies<\/h4>\n\n\n\n<p>Sie speichern die in Formularen eingegebenen Daten zur sp\u00e4teren Vervollst\u00e4ndigung.<\/p>\n\n\n\n<h4 class=\"wp-block-heading\">Cookies f\u00fcr Website-Einstellungen<\/h4>\n\n\n\n<p>Sie speichern Ihre Browsereinstellungen und Pr\u00e4ferenzen.<\/p>\n\n\n\n<h3 class=\"wp-block-heading\">Cookies von Drittanbietern<\/h3>\n\n\n\n<p>In einigen Sonderf\u00e4llen verwenden wir Cookies von vertrauensw\u00fcrdigen Drittanbietern.<\/p>\n\n\n\n<h4 class=\"wp-block-heading\">Google Analytics<\/h4>\n\n\n\n<p>Wir verwenden Google Analytics, um zu verstehen, wie Sie die Website nutzen.<\/p>\n\n\n\n<p>Weitere Informationen finden Sie auf der offiziellen Google Analytics-Seite.<\/p>\n\n\n\n<h4 class=\"wp-block-heading\">Analysetools von Drittanbietern<\/h4>\n\n\n\n<p>Wird verwendet, um das Nutzerverhalten zu messen und das Website-Erlebnis zu verbessern.<\/p>\n\n\n\n<h4 class=\"wp-block-heading\">Funktionstests<\/h4>\n\n\n\n<p>Wird beim Testen neuer Funktionen verwendet, um Konsistenz zu gew\u00e4hrleisten.<\/p>\n\n\n\n<h4 class=\"wp-block-heading\">E-Commerce-Statistiken<\/h4>\n\n\n\n<p>Sie messen, wie viele Besucher Eink\u00e4ufe t\u00e4tigen, und helfen bei der Gesch\u00e4ftsprognose.<\/p>\n\n\n\n<h2 class=\"wp-block-heading\">Werbepr\u00e4ferenzen und Abmeldeoptionen<\/h2>\n\n\n\n<p>Sie k\u00f6nnen Ihre Anzeigeneinstellungen verwalten und die Verwendung Ihrer Daten f\u00fcr personalisierte Werbung mithilfe externer Tools einschr\u00e4nken. Um die Anzeigendarstellung anzupassen, gehen Sie zu [Link\/Toolname]. \n<a href=\"https:\/\/www.google.com\/settings\/ads\" target=\"_blank\">Google Ads-Voreinstellungen-Manager<\/a>.<\/p>\n\n\n\n<p>Wenn Sie personalisierte Werbung deaktivieren m\u00f6chten, k\u00f6nnen Sie auch unabh\u00e4ngige Mechanismen nutzen, wie zum Beispiel:<\/p>\n\n\n\n<ul class=\"wp-block-list\">\n<li><a href=\"https:\/\/optout.networkadvertising.org\/\" target=\"_blank\">Opt-out-Option der Network Advertising Initiative (NAI)<\/a><\/li>\n\n\n\n<li><a href=\"https:\/\/optout.aboutads.info\/\" target=\"_blank\">Opt-out der Digital Advertising Alliance (DAA)<\/a><\/li>\n<\/ul>\n\n\n\n<p>Diese Systeme erm\u00f6glichen es Ihnen, die Erfassung und Verwendung von Cookies durch verschiedene digitale Werbedienste zu kontrollieren.<\/p>\n\n\n\n<h2 class=\"wp-block-heading\">Nutzerverpflichtung<\/h2>\n\n\n\n<p>Der Nutzer stimmt Folgendem zu:<\/p>\n\n\n\n<ul class=\"wp-block-list\">\n<li>Beteiligen Sie sich nicht an illegalen Aktivit\u00e4ten oder Aktivit\u00e4ten, die gegen Treu und Glauben und die \u00f6ffentliche Ordnung versto\u00dfen.<\/li>\n\n\n\n<li>Verbreiten Sie keine illegalen, rassistischen, fremdenfeindlichen, Gl\u00fccksspiel-, illegalen pornografischen, terroristischen Inhalte oder Inhalte, die gegen die Menschenrechte versto\u00dfen.<\/li>\n\n\n\n<li>Verursachen Sie keinen Schaden an den physischen oder logischen Systemen der GoHot-Website oder an Systemen Dritter.<\/li>\n\n\n\n<li>F\u00fchren Sie keine Viren oder sch\u00e4dliche Software ein.<\/li>\n<\/ul>\n\n\n\n<h2 class=\"wp-block-heading\">Cookies blockieren<\/h2>\n\n\n\n<p>Sie k\u00f6nnen Cookies jederzeit in Ihren Browsereinstellungen blockieren.<\/p>\n\n\n\n<p>Hilfehandb\u00fccher:<\/p>\n\n\n\n<ul class=\"wp-block-list\">\n<li><a href=\"https:\/\/support.google.com\/chrome\/answer\/95647\">Google Chrome<\/a><\/li>\n\n\n\n<li><a href=\"https:\/\/support.mozilla.org\/pt-BR\/kb\/desative-cookies-terceiros-impedir-rastreamento\">Firefox<\/a><\/li>\n\n\n\n<li><a href=\"https:\/\/support.microsoft.com\/pt-br\/windows\/gerencie-cookies-no-microsoft-edge-exibir-permitir-bloquear-excluir-e-usar-168dab11-0753-043d-7c16-ede5947fc64d\">Microsoft Edge<\/a><\/li>\n\n\n\n<li><a href=\"https:\/\/help.opera.com\/en\/latest\/web-preferences\/#cookies\">Oper<\/a><\/li>\n\n\n\n<li><a href=\"https:\/\/support.apple.com\/pt-br\/HT201265\">Safari<\/a><\/li>\n<\/ul>\n\n\n\n<h2 class=\"wp-block-heading\">Weitere Informationen<\/h2>\n\n\n\n<p>Wir hoffen, diese Informationen sind verst\u00e4ndlich. Wenn Sie sich nicht sicher sind, ob Sie Cookies deaktivieren sollten, ist es sicherer, sie aktiviert zu lassen.<\/p>\n\n\n\n<p>Diese Richtlinie tritt in Kraft ab: <strong>Februar 2026<\/strong>.<\/p>","protected":false},"excerpt":{"rendered":"<p>A sua privacidade \u00e9 importante para n\u00f3s. \u00c9 pol\u00edtica do GoHot Site respeitar a sua privacidade em rela\u00e7\u00e3o a qualquer informa\u00e7\u00e3o sua&#8230;<\/p>","protected":false},"author":1,"featured_media":0,"parent":0,"menu_order":0,"comment_status":"closed","ping_status":"open","template":"","meta":{"footnotes":""},"class_list":["post-3","page","type-page","status-publish","hentry","entry"],"_links":{"self":[{"href":"https:\/\/gohotsite.com\/de\/wp-json\/wp\/v2\/pages\/3","targetHints":{"allow":["GET"]}}],"collection":[{"href":"https:\/\/gohotsite.com\/de\/wp-json\/wp\/v2\/pages"}],"about":[{"href":"https:\/\/gohotsite.com\/de\/wp-json\/wp\/v2\/types\/page"}],"author":[{"embeddable":true,"href":"https:\/\/gohotsite.com\/de\/wp-json\/wp\/v2\/users\/1"}],"replies":[{"embeddable":true,"href":"https:\/\/gohotsite.com\/de\/wp-json\/wp\/v2\/comments?post=3"}],"version-history":[{"count":8,"href":"https:\/\/gohotsite.com\/de\/wp-json\/wp\/v2\/pages\/3\/revisions"}],"predecessor-version":[{"id":4089,"href":"https:\/\/gohotsite.com\/de\/wp-json\/wp\/v2\/pages\/3\/revisions\/4089"}],"wp:attachment":[{"href":"https:\/\/gohotsite.com\/de\/wp-json\/wp\/v2\/media?parent=3"}],"curies":[{"name":"wp","href":"https:\/\/api.w.org\/{rel}","templated":true}]}}