{"id":110,"date":"2024-04-02T17:57:58","date_gmt":"2024-04-02T17:57:58","guid":{"rendered":"https:\/\/gohotsite.com\/?page_id=110"},"modified":"2026-02-27T13:35:11","modified_gmt":"2026-02-27T13:35:11","slug":"termos-de-uso","status":"publish","type":"page","link":"https:\/\/gohotsite.com\/es\/termos-de-uso\/","title":{"rendered":"Terminos de uso"},"content":{"rendered":"<ul class=\"wp-block-list\">\n<li>T\u00e9rminos<\/li>\n<\/ul>\n\n\n\n<p>Al acceder al sitio web de Gohotsite, usted acepta estar sujeto a estos t\u00e9rminos de servicio, todas las leyes y regulaciones aplicables, y acepta que es responsable del cumplimiento de las leyes locales aplicables. Si no est\u00e1 de acuerdo con alguno de estos t\u00e9rminos, tiene prohibido usar o acceder a este sitio. Los materiales contenidos en este sitio est\u00e1n protegidos por las leyes de derechos de autor y marcas comerciales aplicables.<\/p>\n\n\n\n<ul start=\"2\" class=\"wp-block-list\">\n<li>Uso de licencia<\/li>\n<\/ul>\n\n\n\n<p>Se otorga permiso para descargar temporalmente una copia de los materiales (informaci\u00f3n o software) en el sitio web de Gohotsite para visualizaci\u00f3n transitoria personal y no comercial \u00fanicamente. Esta es la concesi\u00f3n de una licencia, no una transferencia de t\u00edtulo, y bajo esta licencia usted no puede:<\/p>\n\n\n\n<p>modificar o copiar los materiales; utilizar los materiales para cualquier fin comercial o para exhibici\u00f3n p\u00fablica (comercial o no comercial); intentar descompilar o aplicar ingenier\u00eda inversa a cualquier software contenido en el sitio web de Gohotsite; eliminar cualquier copyright u otras anotaciones de propiedad de los materiales; o transferir los materiales a otra persona o &quot;reflejar&quot; los materiales en cualquier otro servidor. Esta licencia finalizar\u00e1 autom\u00e1ticamente si usted viola cualquiera de estas restricciones y Gohotsite puede cancelarla en cualquier momento. Al finalizar la visualizaci\u00f3n de estos materiales o al finalizar esta licencia, debe eliminar cualquier material descargado que tenga en su poder, ya sea en formato electr\u00f3nico o impreso.<\/p>\n\n\n\n<ul class=\"wp-block-list\">\n<li>Descargo de responsabilidad<\/li>\n<\/ul>\n\n\n\n<p>Los materiales en el sitio web de Gohotsite se proporcionan &quot;tal cual&quot;. Gohotsite no ofrece garant\u00edas, expresas o impl\u00edcitas, y por la presente renuncia y niega todas las dem\u00e1s garant\u00edas, incluidas, entre otras, garant\u00edas impl\u00edcitas o condiciones de comerciabilidad, idoneidad para un prop\u00f3sito particular o no infracci\u00f3n de propiedad intelectual u otra violaci\u00f3n de derechos. Adem\u00e1s, Gohotsite no garantiza ni hace ninguna declaraci\u00f3n con respecto a la precisi\u00f3n, los resultados probables o la confiabilidad del uso de los materiales en su sitio web o de otro modo en relaci\u00f3n con dichos materiales o en cualquier sitio vinculado a este sitio.<\/p>\n\n\n\n<ul class=\"wp-block-list\">\n<li>Limitaciones<\/li>\n<\/ul>\n\n\n\n<p>En ning\u00fan caso Gohotsite o sus proveedores ser\u00e1n responsables de los da\u00f1os (incluidos, entre otros, da\u00f1os por p\u00e9rdida de datos o ganancias, o debido a la interrupci\u00f3n del negocio) que surjan del uso o la imposibilidad de usar los materiales en el sitio web de Gohotsite, incluso si Gohotsite o un representante autorizado de Gohotsite han sido notificados oralmente o por escrito de la posibilidad de tales da\u00f1os. Debido a que algunas jurisdicciones no permiten limitaciones a las garant\u00edas impl\u00edcitas o limitaciones de responsabilidad por da\u00f1os consecuentes o incidentales, es posible que estas limitaciones no se apliquen a usted.<\/p>\n\n\n\n<ul start=\"5\" class=\"wp-block-list\">\n<li>Precisi\u00f3n de materiales<\/li>\n<\/ul>\n\n\n\n<p>Los materiales que aparecen en el sitio web de Gohotsite podr\u00edan incluir errores t\u00e9cnicos, tipogr\u00e1ficos o fotogr\u00e1ficos. Gohotsite no garantiza que ning\u00fan material en su sitio web sea exacto, completo o actual. Gohotsite puede realizar cambios en los materiales contenidos en su sitio web en cualquier momento sin previo aviso. Sin embargo, Gohotsite no asume ning\u00fan compromiso de actualizar los materiales.<\/p>\n\n\n\n<ul start=\"6\" class=\"wp-block-list\">\n<li>Enlaces<\/li>\n<\/ul>\n\n\n\n<p>Gohotsite no ha revisado todos los sitios vinculados a su sitio web y no es responsable del contenido de ning\u00fan sitio vinculado. La inclusi\u00f3n de cualquier v\u00ednculo no implica aprobaci\u00f3n del sitio por parte de Gohotsite. El uso de cualquier sitio vinculado es bajo el propio riesgo del usuario.<\/p>\n\n\n\n<ul class=\"wp-block-list\">\n<li>Modificaciones<\/li>\n<\/ul>\n\n\n\n<p>Gohotsite puede revisar estos t\u00e9rminos de servicio de su sitio web en cualquier momento sin previo aviso. Al utilizar este sitio web, usted acepta estar sujeto a la versi\u00f3n actual de estos t\u00e9rminos de servicio.<\/p>\n\n\n\n<ul class=\"wp-block-list\">\n<li>Ley aplicable<\/li>\n<\/ul>\n\n\n\n<p><strong>Ley aplicable<\/strong> Estos T\u00e9rminos y Condiciones se rigen e interpretan de conformidad con las leyes de [Estado\/Pa\u00eds]. <strong>Rep\u00fablica Federativa de Brasil<\/strong>. La relaci\u00f3n establecida aqu\u00ed entre la <strong>Gohotsite<\/strong> y el usuario observa, en particular, la <strong>Ley General de Protecci\u00f3n de Datos Personales (LGPD \u2013 Ley n\u00ba 13.709\/2018)<\/strong>, Oh <strong>Carta Brasile\u00f1a de Derechos de Internet (Ley N\u00b0 12.965\/2014)<\/strong> y el <strong>C\u00f3digo de Protecci\u00f3n al Consumidor (Ley N\u00b0 8.078\/1990)<\/strong>, cuando corresponda.<\/p>\n\n\n\n<p><strong>Foro Electoral<\/strong> Para resolver cualquier disputa que surja de estos t\u00e9rminos, las partes eligen la <strong>Tribunal del Distrito de S\u00e3o Paulo, SP<\/strong>, excluyendo a cualquier otro, por muy privilegiado que sea, para tramitar y juzgar cualquier eventual disputa legal.<\/p>","protected":false},"excerpt":{"rendered":"<p>Ao acessar ao site Gohotsite, concorda em cumprir estes termos de servi\u00e7o, todas as leis e regulamentos aplic\u00e1veis \u200b\u200be concorda que \u00e9&#8230;<\/p>","protected":false},"author":1,"featured_media":0,"parent":0,"menu_order":0,"comment_status":"closed","ping_status":"closed","template":"","meta":{"footnotes":""},"class_list":["post-110","page","type-page","status-publish","hentry","entry"],"_links":{"self":[{"href":"https:\/\/gohotsite.com\/es\/wp-json\/wp\/v2\/pages\/110","targetHints":{"allow":["GET"]}}],"collection":[{"href":"https:\/\/gohotsite.com\/es\/wp-json\/wp\/v2\/pages"}],"about":[{"href":"https:\/\/gohotsite.com\/es\/wp-json\/wp\/v2\/types\/page"}],"author":[{"embeddable":true,"href":"https:\/\/gohotsite.com\/es\/wp-json\/wp\/v2\/users\/1"}],"replies":[{"embeddable":true,"href":"https:\/\/gohotsite.com\/es\/wp-json\/wp\/v2\/comments?post=110"}],"version-history":[{"count":2,"href":"https:\/\/gohotsite.com\/es\/wp-json\/wp\/v2\/pages\/110\/revisions"}],"predecessor-version":[{"id":4091,"href":"https:\/\/gohotsite.com\/es\/wp-json\/wp\/v2\/pages\/110\/revisions\/4091"}],"wp:attachment":[{"href":"https:\/\/gohotsite.com\/es\/wp-json\/wp\/v2\/media?parent=110"}],"curies":[{"name":"wp","href":"https:\/\/api.w.org\/{rel}","templated":true}]}}