{"id":160,"date":"2024-04-24T22:52:38","date_gmt":"2024-04-24T22:52:38","guid":{"rendered":"https:\/\/gohotsite.com\/?page_id=160"},"modified":"2026-02-27T13:34:28","modified_gmt":"2026-02-27T13:34:28","slug":"sobre-nos","status":"publish","type":"page","link":"https:\/\/gohotsite.com\/es\/sobre-nos\/","title":{"rendered":"Sobre nosotros"},"content":{"rendered":"<p>oh <strong>Gohotsite<\/strong> Nacimos con la misi\u00f3n de simplificar tu experiencia en el universo de las conexiones digitales y la tecnolog\u00eda aplicada a la vida cotidiana. Somos un portal especializado en transformar la complejidad de las plataformas modernas en oportunidades reales para que destaques y te comuniques eficazmente.<\/p>\n\n\n\n<h4 class=\"wp-block-heading\">Nuestra propuesta editorial y prop\u00f3sito<\/h4>\n\n\n\n<p>Sabemos que navegar por aplicaciones y nuevas tecnolog\u00edas puede ser complicado. Nuestro compromiso es ofrecer contenido directo, \u00fatil y siempre actualizado. Combinamos tecnolog\u00eda, comportamiento y comunicaci\u00f3n para ayudarte a tomar decisiones m\u00e1s seguras e inteligentes, ya sea que busques pareja, optimices tu presencia en l\u00ednea o uses herramientas digitales.<\/p>\n\n\n\n<h4 class=\"wp-block-heading\">Lo que encontrar\u00e1s aqu\u00ed <\/h4>\n\n\n\n<p>Nuestro ecosistema de contenidos se divide en pilares estrat\u00e9gicos para cubrir todas sus necesidades digitales:<\/p>\n\n\n\n<ul class=\"wp-block-list\">\n<li><strong>Aplicaciones de citas:<\/strong> An\u00e1lisis y estrategias exhaustivas para plataformas como Tinder, Bumble, Happn y otras, que te ayudar\u00e1n a crear perfiles de alto impacto y a comprender los algoritmos.<\/li>\n\n\n\n<li><strong>Consejos y gu\u00eda de estilo de vida:<\/strong> Hemos ampliado nuestro enfoque m\u00e1s all\u00e1 de los partidos. En esta categor\u00eda, ofrecemos tutoriales sobre comportamiento digital, seguridad en l\u00ednea, etiqueta en internet y consejos pr\u00e1cticos para mejorar tu comunicaci\u00f3n y productividad en diversos contextos cotidianos.<\/li>\n\n\n\n<li><strong>Comparaciones y tutoriales:<\/strong> Evaluamos las principales herramientas y recursos del mercado, ofreciendo gu\u00edas detalladas paso a paso para que puedas dominar las funciones de cada aplicaci\u00f3n con facilidad y responsabilidad.<\/li>\n<\/ul>\n\n\n\n<h4 class=\"wp-block-heading\">Nuestro modelo de negocio<\/h4>\n\n\n\n<p>oh <strong>Gohotsite<\/strong> Operamos como un portal de contenido gratuito para el lector. Nuestro modelo de negocio se basa en la publicidad digital y el marketing de afiliaci\u00f3n. Esto significa que recibimos una comisi\u00f3n cuando usted hace clic en los enlaces o compra los servicios recomendados en nuestras rese\u00f1as, sin ning\u00fan costo adicional para usted. Este modelo garantiza la independencia de nuestro equipo editorial y el mantenimiento de una estructura centrada en la investigaci\u00f3n y la calidad editorial.<\/p>\n\n\n\n<p>Ya sea para conocer gente nueva, hacer amigos o simplemente comprender c\u00f3mo la tecnolog\u00eda puede facilitar tu vida social, <strong>Gohotsite<\/strong> Este es tu punto de partida.<\/p>\n\n\n\n<p><strong>Bienvenido.<\/strong> <em>Tu pr\u00f3ximo paso en el mundo digital comienza aqu\u00ed.<\/em><\/p>\n\n\n\n<p><\/p>","protected":false},"excerpt":{"rendered":"<p>O Gohotsite nasceu com a miss\u00e3o de simplificar a sua jornada no universo das conex\u00f5es digitais e da tecnologia aplicada ao dia&#8230;<\/p>","protected":false},"author":1,"featured_media":0,"parent":0,"menu_order":0,"comment_status":"closed","ping_status":"closed","template":"","meta":{"footnotes":""},"class_list":["post-160","page","type-page","status-publish","hentry","entry"],"_links":{"self":[{"href":"https:\/\/gohotsite.com\/es\/wp-json\/wp\/v2\/pages\/160","targetHints":{"allow":["GET"]}}],"collection":[{"href":"https:\/\/gohotsite.com\/es\/wp-json\/wp\/v2\/pages"}],"about":[{"href":"https:\/\/gohotsite.com\/es\/wp-json\/wp\/v2\/types\/page"}],"author":[{"embeddable":true,"href":"https:\/\/gohotsite.com\/es\/wp-json\/wp\/v2\/users\/1"}],"replies":[{"embeddable":true,"href":"https:\/\/gohotsite.com\/es\/wp-json\/wp\/v2\/comments?post=160"}],"version-history":[{"count":3,"href":"https:\/\/gohotsite.com\/es\/wp-json\/wp\/v2\/pages\/160\/revisions"}],"predecessor-version":[{"id":4090,"href":"https:\/\/gohotsite.com\/es\/wp-json\/wp\/v2\/pages\/160\/revisions\/4090"}],"wp:attachment":[{"href":"https:\/\/gohotsite.com\/es\/wp-json\/wp\/v2\/media?parent=160"}],"curies":[{"name":"wp","href":"https:\/\/api.w.org\/{rel}","templated":true}]}}