{"id":3,"date":"2024-03-25T20:34:32","date_gmt":"2024-03-25T20:34:32","guid":{"rendered":"https:\/\/gohotsite.com\/?page_id=3"},"modified":"2026-02-27T13:32:01","modified_gmt":"2026-02-27T13:32:01","slug":"privacy-policy","status":"publish","type":"page","link":"https:\/\/gohotsite.com\/es\/privacy-policy\/","title":{"rendered":"Pol\u00edtica de privacidad"},"content":{"rendered":"<p>Su privacidad es importante para nosotros. La pol\u00edtica de GoHot Site es respetar su privacidad con respecto a cualquier informaci\u00f3n que podamos recopilar de usted en GoHot Site y en otros sitios que poseemos y operamos.<\/p>\n\n\n\n<p>Solo solicitamos informaci\u00f3n personal cuando realmente la necesitamos para prestarle un servicio. Lo hacemos de forma justa y legal, con su conocimiento y consentimiento. Asimismo, le informamos sobre el motivo de nuestra recopilaci\u00f3n y c\u00f3mo se utilizar\u00e1.<\/p>\n\n\n\n<p>Solo conservamos la informaci\u00f3n recopilada durante el tiempo necesario para prestar el servicio solicitado. Al almacenar los datos, los protegemos con medidas comercialmente aceptables para evitar su p\u00e9rdida, robo, acceso no autorizado, divulgaci\u00f3n, copia, uso o modificaci\u00f3n.<\/p>\n\n\n\n<p>No compartimos informaci\u00f3n de identificaci\u00f3n personal p\u00fablicamente ni con terceros, excepto cuando lo exige la ley.<\/p>\n\n\n\n<p>Nuestro sitio web puede contener enlaces a sitios externos que no gestionamos. Tenga en cuenta que no tenemos control sobre el contenido ni las pr\u00e1cticas de estos sitios y no nos hacemos responsables de sus respectivas pol\u00edticas de privacidad.<\/p>\n\n\n\n<p>Usted tiene la libertad de rechazar nuestra solicitud de informaci\u00f3n personal, entendiendo que, en ese caso, es posible que no podamos brindarle algunos de los servicios que desea.<\/p>\n\n\n\n<p>El uso continuado de nuestro sitio web implica la aceptaci\u00f3n de nuestras pr\u00e1cticas en materia de privacidad y protecci\u00f3n de datos personales. Si tiene alguna pregunta sobre c\u00f3mo gestionamos los datos de los usuarios, p\u00f3ngase en contacto con nosotros.<\/p>\n\n\n\n<h2 class=\"wp-block-heading\">Seguridad y confianza en el sitio web de GoHot.<\/h2>\n\n\n\n<p>El sitio web es fiable y seguro para la navegaci\u00f3n del usuario, como lo indica la verificaci\u00f3n. La p\u00e1gina comprueba la informaci\u00f3n del sitio web para identificar posibles problemas de seguridad. El historial de navegaci\u00f3n, verificado por la herramienta de seguridad de Google, demuestra que el sitio web es seguro.<\/p>\n\n\n\n<h2 class=\"wp-block-heading\">Pol\u00edtica de cookies<\/h2>\n\n\n\n<h3 class=\"wp-block-heading\">\u00bfQu\u00e9 son las cookies?<\/h3>\n\n\n\n<p>Como es pr\u00e1ctica habitual en casi todos los sitios web profesionales, este sitio utiliza cookies, que son peque\u00f1os archivos que se descargan en su ordenador, para mejorar su experiencia.<\/p>\n\n\n\n<h3 class=\"wp-block-heading\">\u00bfC\u00f3mo utilizamos las cookies?<\/h3>\n\n\n\n<p>Utilizamos cookies por diversas razones, que se detallan a continuaci\u00f3n. En muchos casos, no existen opciones est\u00e1ndar para desactivar las cookies sin que ello afecte a la funcionalidad del sitio web.<\/p>\n\n\n\n<h3 class=\"wp-block-heading\">Deshabilitar cookies<\/h3>\n\n\n\n<p>Puedes impedir que se instalen cookies ajustando la configuraci\u00f3n de tu navegador. Ten en cuenta que deshabilitarlas puede afectar al funcionamiento de este y otros sitios web.<\/p>\n\n\n\n<h3 class=\"wp-block-heading\">Cookies que configuramos<\/h3>\n\n\n\n<h4 class=\"wp-block-heading\">cookies relacionadas con la cuenta<\/h4>\n\n\n\n<p>Se utiliza para gestionar el proceso de registro y la administraci\u00f3n general de la cuenta.<\/p>\n\n\n\n<h4 class=\"wp-block-heading\">Cookies relacionadas con el inicio de sesi\u00f3n<\/h4>\n\n\n\n<p>Recuerdan tu informaci\u00f3n de inicio de sesi\u00f3n mientras navegas por el sitio web.<\/p>\n\n\n\n<h4 class=\"wp-block-heading\">Cookies relacionadas con boletines informativos por correo electr\u00f3nico<\/h4>\n\n\n\n<p>\u00bfRecuerdas si ya est\u00e1s suscrito a nuestros boletines informativos?.<\/p>\n\n\n\n<h4 class=\"wp-block-heading\">Cookies de procesamiento de pedidos<\/h4>\n\n\n\n<p>Imprescindible para recordar los art\u00edculos que se encuentran entre las p\u00e1ginas al hacer la compra.<\/p>\n\n\n\n<h4 class=\"wp-block-heading\">Cookies relacionadas con las b\u00fasquedas<\/h4>\n\n\n\n<p>Se utiliza para recordar la participaci\u00f3n y mantener resultados precisos.<\/p>\n\n\n\n<h4 class=\"wp-block-heading\">Cookies relacionadas con formularios<\/h4>\n\n\n\n<p>Almacenan los datos enviados en los formularios para su posterior cumplimentaci\u00f3n.<\/p>\n\n\n\n<h4 class=\"wp-block-heading\">cookies de preferencias del sitio<\/h4>\n\n\n\n<p>Almacenan tu configuraci\u00f3n y preferencias de navegaci\u00f3n.<\/p>\n\n\n\n<h3 class=\"wp-block-heading\">Cookies de terceros<\/h3>\n\n\n\n<p>En algunos casos especiales, utilizamos cookies de terceros de confianza.<\/p>\n\n\n\n<h4 class=\"wp-block-heading\">Google Analytics<\/h4>\n\n\n\n<p>Utilizamos Google Analytics para comprender c\u00f3mo utiliza usted el sitio web.<\/p>\n\n\n\n<p>Para obtener m\u00e1s informaci\u00f3n, visite la p\u00e1gina oficial de Google Analytics.<\/p>\n\n\n\n<h4 class=\"wp-block-heading\">Herramientas de an\u00e1lisis de terceros<\/h4>\n\n\n\n<p>Se utiliza para medir el comportamiento del usuario y mejorar la experiencia en el sitio web.<\/p>\n\n\n\n<h4 class=\"wp-block-heading\">Pruebas de funcionalidad<\/h4>\n\n\n\n<p>Se utiliza al probar nuevas funciones para garantizar la coherencia.<\/p>\n\n\n\n<h4 class=\"wp-block-heading\">Estad\u00edsticas de comercio electr\u00f3nico<\/h4>\n\n\n\n<p>Miden cu\u00e1ntos visitantes realizan compras y ayudan con la previsi\u00f3n comercial.<\/p>\n\n\n\n<h2 class=\"wp-block-heading\">Preferencias publicitarias y opciones para darse de baja<\/h2>\n\n\n\n<p>Puedes gestionar tus preferencias de anuncios y limitar el uso de tus datos para publicidad personalizada mediante herramientas externas. Para ajustar c\u00f3mo se te muestran los anuncios, ve a [link\/tool name]. \n<a href=\"https:\/\/www.google.com\/settings\/ads\" target=\"_blank\">Administrador de preferencias de anuncios de Google<\/a>.<\/p>\n\n\n\n<p>Si desea desactivar los anuncios personalizados, tambi\u00e9n puede utilizar mecanismos independientes como:<\/p>\n\n\n\n<ul class=\"wp-block-list\">\n<li><a href=\"https:\/\/optout.networkadvertising.org\/\" target=\"_blank\">Exclusi\u00f3n voluntaria de la Network Advertising Initiative (NAI).<\/a><\/li>\n\n\n\n<li><a href=\"https:\/\/optout.aboutads.info\/\" target=\"_blank\">Exclusi\u00f3n voluntaria de la Alianza de Publicidad Digital (DAA)<\/a><\/li>\n<\/ul>\n\n\n\n<p>Estos sistemas permiten controlar la recopilaci\u00f3n y el uso de cookies por parte de diversos servicios de publicidad digital.<\/p>\n\n\n\n<h2 class=\"wp-block-heading\">Compromiso del usuario<\/h2>\n\n\n\n<p>El usuario acepta:<\/p>\n\n\n\n<ul class=\"wp-block-list\">\n<li>No participe en actividades ilegales ni en actividades contrarias a la buena fe y al orden p\u00fablico.<\/li>\n\n\n\n<li>No difunda contenido ilegal, racista, xen\u00f3fobo, relacionado con juegos de azar, pornograf\u00eda ilegal, terrorismo o contenido que viole los derechos humanos.<\/li>\n\n\n\n<li>No cause da\u00f1os a los sistemas f\u00edsicos o l\u00f3gicos del sitio web de GoHot ni de terceros.<\/li>\n\n\n\n<li>No introduzca virus ni software malicioso.<\/li>\n<\/ul>\n\n\n\n<h2 class=\"wp-block-heading\">Bloquear cookies<\/h2>\n\n\n\n<p>Puedes bloquear las cookies en cualquier momento en la configuraci\u00f3n de tu navegador.<\/p>\n\n\n\n<p>Gu\u00edas de ayuda:<\/p>\n\n\n\n<ul class=\"wp-block-list\">\n<li><a href=\"https:\/\/support.google.com\/chrome\/answer\/95647\">Google Chrome<\/a><\/li>\n\n\n\n<li><a href=\"https:\/\/support.mozilla.org\/pt-BR\/kb\/desative-cookies-terceiros-impedir-rastreamento\">Firefox<\/a><\/li>\n\n\n\n<li><a href=\"https:\/\/support.microsoft.com\/pt-br\/windows\/gerencie-cookies-no-microsoft-edge-exibir-permitir-bloquear-excluir-e-usar-168dab11-0753-043d-7c16-ede5947fc64d\">Microsoft Edge<\/a><\/li>\n\n\n\n<li><a href=\"https:\/\/help.opera.com\/en\/latest\/web-preferences\/#cookies\">\u00d3pera<\/a><\/li>\n\n\n\n<li><a href=\"https:\/\/support.apple.com\/pt-br\/HT201265\">Safari<\/a><\/li>\n<\/ul>\n\n\n\n<h2 class=\"wp-block-heading\">M\u00e1s informaci\u00f3n<\/h2>\n\n\n\n<p>Esperamos que esta informaci\u00f3n sea clara. Si no est\u00e1 seguro de si necesita desactivar las cookies, es m\u00e1s seguro dejarlas activadas.<\/p>\n\n\n\n<p>Esta pol\u00edtica entra en vigor a partir de: <strong>Febrero de 2026<\/strong>.<\/p>","protected":false},"excerpt":{"rendered":"<p>A sua privacidade \u00e9 importante para n\u00f3s. \u00c9 pol\u00edtica do GoHot Site respeitar a sua privacidade em rela\u00e7\u00e3o a qualquer informa\u00e7\u00e3o sua&#8230;<\/p>","protected":false},"author":1,"featured_media":0,"parent":0,"menu_order":0,"comment_status":"closed","ping_status":"open","template":"","meta":{"footnotes":""},"class_list":["post-3","page","type-page","status-publish","hentry","entry"],"_links":{"self":[{"href":"https:\/\/gohotsite.com\/es\/wp-json\/wp\/v2\/pages\/3","targetHints":{"allow":["GET"]}}],"collection":[{"href":"https:\/\/gohotsite.com\/es\/wp-json\/wp\/v2\/pages"}],"about":[{"href":"https:\/\/gohotsite.com\/es\/wp-json\/wp\/v2\/types\/page"}],"author":[{"embeddable":true,"href":"https:\/\/gohotsite.com\/es\/wp-json\/wp\/v2\/users\/1"}],"replies":[{"embeddable":true,"href":"https:\/\/gohotsite.com\/es\/wp-json\/wp\/v2\/comments?post=3"}],"version-history":[{"count":8,"href":"https:\/\/gohotsite.com\/es\/wp-json\/wp\/v2\/pages\/3\/revisions"}],"predecessor-version":[{"id":4089,"href":"https:\/\/gohotsite.com\/es\/wp-json\/wp\/v2\/pages\/3\/revisions\/4089"}],"wp:attachment":[{"href":"https:\/\/gohotsite.com\/es\/wp-json\/wp\/v2\/media?parent=3"}],"curies":[{"name":"wp","href":"https:\/\/api.w.org\/{rel}","templated":true}]}}