{"id":110,"date":"2024-04-02T17:57:58","date_gmt":"2024-04-02T17:57:58","guid":{"rendered":"https:\/\/gohotsite.com\/?page_id=110"},"modified":"2026-02-27T13:35:11","modified_gmt":"2026-02-27T13:35:11","slug":"termos-de-uso","status":"publish","type":"page","link":"https:\/\/gohotsite.com\/fr\/termos-de-uso\/","title":{"rendered":"Conditions d&#039;utilisation"},"content":{"rendered":"<ul class=\"wp-block-list\">\n<li>Termes<\/li>\n<\/ul>\n\n\n\n<p>En acc\u00e9dant au site Web Gohotsite, vous acceptez de vous conformer \u00e0 ces conditions de service, \u00e0 toutes les lois et r\u00e9glementations applicables, et acceptez que vous \u00eates responsable du respect de toutes les lois locales applicables. Si vous n\u2019\u00eates pas d\u2019accord avec l\u2019une de ces conditions, il vous est interdit d\u2019utiliser ou d\u2019acc\u00e9der \u00e0 ce site. Les \u00e9l\u00e9ments contenus dans ce site Web sont prot\u00e9g\u00e9s par les lois applicables en mati\u00e8re de droit d\u2019auteur et de marques.<\/p>\n\n\n\n<ul start=\"2\" class=\"wp-block-list\">\n<li>Licence d&#039;utilisation<\/li>\n<\/ul>\n\n\n\n<p>L&#039;autorisation est accord\u00e9e de t\u00e9l\u00e9charger temporairement une copie du mat\u00e9riel (informations ou logiciels) sur le site Web de Gohotsite pour une visualisation transitoire personnelle et non commerciale uniquement. Il s&#039;agit de l&#039;octroi d&#039;une licence, et non d&#039;un transfert de titre, et en vertu de cette licence, vous ne pouvez pas :<\/p>\n\n\n\n<p>modifier ou copier les documents ; utiliser les mat\u00e9riaux \u00e0 des fins commerciales ou pour toute exposition publique (commerciale ou non commerciale)\u00a0; tenter de d\u00e9compiler ou de proc\u00e9der \u00e0 une ing\u00e9nierie inverse de tout logiciel contenu sur le site Web Gohotsite\u00a0; supprimer tout droit d\u2019auteur ou autre mention de propri\u00e9t\u00e9 des documents\u00a0; ou transf\u00e9rer les documents \u00e0 une autre personne ou \u00ab refl\u00e9ter \u00bb les documents sur un autre serveur. Cette licence sera automatiquement r\u00e9sili\u00e9e si vous violez l&#039;une de ces restrictions et peut \u00eatre r\u00e9sili\u00e9e par Gohotsite \u00e0 tout moment. \u00c0 la fin de votre consultation de ces documents ou \u00e0 la r\u00e9siliation de cette licence, vous devez d\u00e9truire tout document t\u00e9l\u00e9charg\u00e9 en votre possession, qu&#039;il soit sous forme \u00e9lectronique ou imprim\u00e9e.<\/p>\n\n\n\n<ul class=\"wp-block-list\">\n<li>Clause de non-responsabilit\u00e9<\/li>\n<\/ul>\n\n\n\n<p>Les \u00e9l\u00e9ments du site Web de Gohotsite sont fournis \u00ab tels quels \u00bb. Gohotsite n&#039;offre aucune garantie, expresse ou implicite, et d\u00e9cline et nie par la pr\u00e9sente toutes les autres garanties, y compris, sans limitation, les garanties ou conditions implicites de qualit\u00e9 marchande, d&#039;ad\u00e9quation \u00e0 un usage particulier ou de non-violation de la propri\u00e9t\u00e9 intellectuelle ou autre violation des droits. De plus, Gohotsite ne garantit ni ne fait aucune d\u00e9claration concernant l&#039;exactitude, les r\u00e9sultats probables ou la fiabilit\u00e9 de l&#039;utilisation des mat\u00e9riaux sur son site Web ou autrement li\u00e9s \u00e0 ces mat\u00e9riaux ou sur tout site li\u00e9 \u00e0 ce site.<\/p>\n\n\n\n<ul class=\"wp-block-list\">\n<li>Limites<\/li>\n<\/ul>\n\n\n\n<p>En aucun cas Gohotsite ou ses fournisseurs ne pourront \u00eatre tenus responsables de tout dommage (y compris, sans limitation, les dommages pour perte de donn\u00e9es ou de profit, ou en raison d&#039;une interruption d&#039;activit\u00e9) d\u00e9coulant de l&#039;utilisation ou de l&#039;impossibilit\u00e9 d&#039;utiliser les mat\u00e9riaux sur Gohotsite, m\u00eame si Gohotsite ou un repr\u00e9sentant autoris\u00e9 de Gohotsite a \u00e9t\u00e9 inform\u00e9 oralement ou par \u00e9crit de la possibilit\u00e9 de tels dommages. \u00c9tant donn\u00e9 que certaines juridictions n\u2019autorisent pas les limitations des garanties implicites ou les limitations de responsabilit\u00e9 pour les dommages indirects ou accessoires, ces limitations peuvent ne pas s\u2019appliquer \u00e0 vous.<\/p>\n\n\n\n<ul start=\"5\" class=\"wp-block-list\">\n<li>Pr\u00e9cision des mat\u00e9riaux<\/li>\n<\/ul>\n\n\n\n<p>Les \u00e9l\u00e9ments affich\u00e9s sur le site Web de Gohotsite peuvent contenir des erreurs techniques, typographiques ou photographiques. Gohotsite ne garantit pas que tout \u00e9l\u00e9ment de son site Web est exact, complet ou \u00e0 jour. Gohotsite peut apporter des modifications aux \u00e9l\u00e9ments contenus sur son site Web \u00e0 tout moment et sans pr\u00e9avis. Cependant, Gohotsite ne s&#039;engage pas \u00e0 mettre \u00e0 jour les documents.<\/p>\n\n\n\n<ul start=\"6\" class=\"wp-block-list\">\n<li>Links<\/li>\n<\/ul>\n\n\n\n<p>Gohotsite n&#039;a pas examin\u00e9 tous les sites li\u00e9s \u00e0 son site Web et n&#039;est pas responsable du contenu de ces sites li\u00e9s. L&#039;inclusion de tout lien n&#039;implique pas l&#039;approbation par Gohotsite du site. L&#039;utilisation de tout site Web li\u00e9 se fait aux risques et p\u00e9rils de l&#039;utilisateur.<\/p>\n\n\n\n<ul class=\"wp-block-list\">\n<li>Modifications<\/li>\n<\/ul>\n\n\n\n<p>Gohotsite peut r\u00e9viser ces conditions d&#039;utilisation du site Web \u00e0 tout moment sans pr\u00e9avis. En utilisant ce site Web, vous acceptez d&#039;\u00eatre li\u00e9 par la version alors en vigueur de ces conditions de service.<\/p>\n\n\n\n<ul class=\"wp-block-list\">\n<li>Loi applicable<\/li>\n<\/ul>\n\n\n\n<p><strong>Loi applicable<\/strong> Les pr\u00e9sentes conditions g\u00e9n\u00e9rales sont r\u00e9gies et interpr\u00e9t\u00e9es conform\u00e9ment aux lois de [\u00c9tat\/Pays]. <strong>R\u00e9publique f\u00e9d\u00e9rative du Br\u00e9sil<\/strong>. La relation \u00e9tablie ici entre les <strong>Site Gohot<\/strong> et l&#039;utilisateur observe, en particulier, le <strong>Loi g\u00e9n\u00e9rale sur la protection des donn\u00e9es personnelles (LGPD \u2013 Loi n\u00b0 13.709\/2018)<\/strong>, le <strong>D\u00e9claration br\u00e9silienne des droits sur Internet (Loi n\u00b0 12.965\/2014)<\/strong> et le <strong>Code de protection des consommateurs (Loi n\u00b0 8.078\/1990)<\/strong>, le cas \u00e9ch\u00e9ant.<\/p>\n\n\n\n<p><strong>Forum \u00e9lectoral<\/strong> Pour r\u00e9soudre tout diff\u00e9rend d\u00e9coulant des pr\u00e9sentes conditions, les parties choisissent la <strong>Tribunal du District de S\u00e3o Paulo, SP<\/strong>, \u00e0 l&#039;exclusion de toute autre juridiction, aussi privil\u00e9gi\u00e9e soit-elle, pour traiter et juger tout litige \u00e9ventuel.<\/p>","protected":false},"excerpt":{"rendered":"<p>Ao acessar ao site Gohotsite, concorda em cumprir estes termos de servi\u00e7o, todas as leis e regulamentos aplic\u00e1veis \u200b\u200be concorda que \u00e9&#8230;<\/p>","protected":false},"author":1,"featured_media":0,"parent":0,"menu_order":0,"comment_status":"closed","ping_status":"closed","template":"","meta":{"footnotes":""},"class_list":["post-110","page","type-page","status-publish","hentry","entry"],"_links":{"self":[{"href":"https:\/\/gohotsite.com\/fr\/wp-json\/wp\/v2\/pages\/110","targetHints":{"allow":["GET"]}}],"collection":[{"href":"https:\/\/gohotsite.com\/fr\/wp-json\/wp\/v2\/pages"}],"about":[{"href":"https:\/\/gohotsite.com\/fr\/wp-json\/wp\/v2\/types\/page"}],"author":[{"embeddable":true,"href":"https:\/\/gohotsite.com\/fr\/wp-json\/wp\/v2\/users\/1"}],"replies":[{"embeddable":true,"href":"https:\/\/gohotsite.com\/fr\/wp-json\/wp\/v2\/comments?post=110"}],"version-history":[{"count":2,"href":"https:\/\/gohotsite.com\/fr\/wp-json\/wp\/v2\/pages\/110\/revisions"}],"predecessor-version":[{"id":4091,"href":"https:\/\/gohotsite.com\/fr\/wp-json\/wp\/v2\/pages\/110\/revisions\/4091"}],"wp:attachment":[{"href":"https:\/\/gohotsite.com\/fr\/wp-json\/wp\/v2\/media?parent=110"}],"curies":[{"name":"wp","href":"https:\/\/api.w.org\/{rel}","templated":true}]}}