{"id":160,"date":"2024-04-24T22:52:38","date_gmt":"2024-04-24T22:52:38","guid":{"rendered":"https:\/\/gohotsite.com\/?page_id=160"},"modified":"2026-02-27T13:34:28","modified_gmt":"2026-02-27T13:34:28","slug":"sobre-nos","status":"publish","type":"page","link":"https:\/\/gohotsite.com\/fr\/sobre-nos\/","title":{"rendered":"\u00c0 propos de nous"},"content":{"rendered":"<p>LE <strong>Site Gohot<\/strong> Notre mission est de simplifier votre parcours dans l&#039;univers des connexions num\u00e9riques et des technologies appliqu\u00e9es au quotidien. Nous sommes un portail sp\u00e9cialis\u00e9 dans la transformation de la complexit\u00e9 des plateformes modernes en v\u00e9ritables opportunit\u00e9s pour vous d\u00e9marquer et communiquer efficacement.<\/p>\n\n\n\n<h4 class=\"wp-block-heading\">Notre proposition \u00e9ditoriale et notre objectif<\/h4>\n\n\n\n<p>Nous savons que la navigation parmi les applications et les nouvelles technologies peut s&#039;av\u00e9rer complexe. Nous nous engageons \u00e0 vous fournir un contenu direct, utile et toujours \u00e0 jour. Nous combinons technologie, comportement et communication pour vous aider \u00e0 faire des choix plus s\u00fbrs et plus judicieux, que vous recherchiez une relation, souhaitiez optimiser votre pr\u00e9sence en ligne ou utiliser des outils num\u00e9riques.<\/p>\n\n\n\n<h4 class=\"wp-block-heading\">Ce que vous trouverez ici <\/h4>\n\n\n\n<p>Notre \u00e9cosyst\u00e8me de contenu est divis\u00e9 en piliers strat\u00e9giques pour couvrir tous vos besoins num\u00e9riques\u00a0:<\/p>\n\n\n\n<ul class=\"wp-block-list\">\n<li><strong>Applications de rencontre :<\/strong> Des analyses et des strat\u00e9gies compl\u00e8tes pour les plateformes comme Tinder, Bumble, Happn et autres, vous aidant \u00e0 cr\u00e9er des profils percutants et \u00e0 comprendre les algorithmes.<\/li>\n\n\n\n<li><strong>Conseils et guide de style de vie\u00a0:<\/strong> Nous avons \u00e9largi notre champ d&#039;action au-del\u00e0 des simples rencontres. Dans cette cat\u00e9gorie, nous proposons des tutoriels sur le comportement num\u00e9rique, la s\u00e9curit\u00e9 en ligne, l&#039;\u00e9tiquette sur Internet et des conseils pratiques pour am\u00e9liorer votre communication et votre productivit\u00e9 au quotidien.<\/li>\n\n\n\n<li><strong>Comparaisons et tutoriels\u00a0:<\/strong> Nous \u00e9valuons les principaux outils et ressources du march\u00e9, en proposant des guides d\u00e9taill\u00e9s \u00e9tape par \u00e9tape pour que vous puissiez ma\u00eetriser les fonctions de chaque application avec facilit\u00e9 et responsabilit\u00e9.<\/li>\n<\/ul>\n\n\n\n<h4 class=\"wp-block-heading\">Notre mod\u00e8le d&#039;entreprise<\/h4>\n\n\n\n<p>LE <strong>Site Gohot<\/strong> Nous sommes un portail de contenu gratuit pour nos lecteurs. Notre mod\u00e8le \u00e9conomique repose sur la publicit\u00e9 num\u00e9rique et les partenariats d&#039;affiliation. Ainsi, nous percevons une commission lorsque vous cliquez sur les liens ou achetez les services recommand\u00e9s dans nos articles, sans frais suppl\u00e9mentaires pour vous. Ce mod\u00e8le garantit l&#039;ind\u00e9pendance de notre \u00e9quipe \u00e9ditoriale et le maintien d&#039;une structure ax\u00e9e sur la recherche et la qualit\u00e9 \u00e9ditoriale.<\/p>\n\n\n\n<p>Que ce soit pour rencontrer de nouvelles personnes, se faire des amis ou simplement comprendre comment la technologie peut faciliter votre vie sociale, <strong>Site Gohot<\/strong> Voici votre point de d\u00e9part.<\/p>\n\n\n\n<p><strong>Accueillir.<\/strong> <em>Votre prochaine \u00e9tape dans le monde num\u00e9rique commence ici.<\/em><\/p>\n\n\n\n<p><\/p>","protected":false},"excerpt":{"rendered":"<p>O Gohotsite nasceu com a miss\u00e3o de simplificar a sua jornada no universo das conex\u00f5es digitais e da tecnologia aplicada ao dia&#8230;<\/p>","protected":false},"author":1,"featured_media":0,"parent":0,"menu_order":0,"comment_status":"closed","ping_status":"closed","template":"","meta":{"footnotes":""},"class_list":["post-160","page","type-page","status-publish","hentry","entry"],"_links":{"self":[{"href":"https:\/\/gohotsite.com\/fr\/wp-json\/wp\/v2\/pages\/160","targetHints":{"allow":["GET"]}}],"collection":[{"href":"https:\/\/gohotsite.com\/fr\/wp-json\/wp\/v2\/pages"}],"about":[{"href":"https:\/\/gohotsite.com\/fr\/wp-json\/wp\/v2\/types\/page"}],"author":[{"embeddable":true,"href":"https:\/\/gohotsite.com\/fr\/wp-json\/wp\/v2\/users\/1"}],"replies":[{"embeddable":true,"href":"https:\/\/gohotsite.com\/fr\/wp-json\/wp\/v2\/comments?post=160"}],"version-history":[{"count":3,"href":"https:\/\/gohotsite.com\/fr\/wp-json\/wp\/v2\/pages\/160\/revisions"}],"predecessor-version":[{"id":4090,"href":"https:\/\/gohotsite.com\/fr\/wp-json\/wp\/v2\/pages\/160\/revisions\/4090"}],"wp:attachment":[{"href":"https:\/\/gohotsite.com\/fr\/wp-json\/wp\/v2\/media?parent=160"}],"curies":[{"name":"wp","href":"https:\/\/api.w.org\/{rel}","templated":true}]}}