{"id":3,"date":"2024-03-25T20:34:32","date_gmt":"2024-03-25T20:34:32","guid":{"rendered":"https:\/\/gohotsite.com\/?page_id=3"},"modified":"2026-02-27T13:32:01","modified_gmt":"2026-02-27T13:32:01","slug":"privacy-policy","status":"publish","type":"page","link":"https:\/\/gohotsite.com\/fr\/privacy-policy\/","title":{"rendered":"politique de confidentialit\u00e9"},"content":{"rendered":"<p>Le respect de votre vie priv\u00e9e est important pour nous. La politique du site GoHot est de respecter votre vie priv\u00e9e concernant toute information que nous pourrions recueillir aupr\u00e8s de vous sur le site GoHot et sur les autres sites que nous poss\u00e9dons et exploitons.<\/p>\n\n\n\n<p>Nous ne demandons des renseignements personnels que lorsque cela est strictement n\u00e9cessaire pour vous fournir un service. Nous agissons de mani\u00e8re loyale et licite, avec votre consentement \u00e9clair\u00e9. Nous vous informons \u00e9galement des raisons pour lesquelles nous recueillons ces donn\u00e9es et de l&#039;usage qui en sera fait.<\/p>\n\n\n\n<p>Nous ne conservons les informations collect\u00e9es que le temps n\u00e9cessaire \u00e0 la fourniture du service demand\u00e9. Lors du stockage des donn\u00e9es, nous les prot\u00e9geons par des moyens commercialement acceptables afin de pr\u00e9venir toute perte, vol, acc\u00e8s non autoris\u00e9, divulgation, copie, utilisation ou modification.<\/p>\n\n\n\n<p>Nous ne partageons pas publiquement ni avec des tiers les informations permettant d&#039;identifier une personne, sauf lorsque la loi l&#039;exige.<\/p>\n\n\n\n<p>Notre site web peut contenir des liens vers des sites externes qui ne sont pas exploit\u00e9s par nous. Veuillez noter que nous n&#039;avons aucun contr\u00f4le sur le contenu et les pratiques de ces sites et que nous ne pouvons \u00eatre tenus responsables de leurs politiques de confidentialit\u00e9 respectives.<\/p>\n\n\n\n<p>Vous \u00eates libre de refuser notre demande de renseignements personnels, \u00e9tant entendu que nous pourrions alors ne pas \u00eatre en mesure de vous fournir certains des services que vous souhaitez.<\/p>\n\n\n\n<p>En continuant \u00e0 utiliser notre site web, vous acceptez nos pratiques en mati\u00e8re de confidentialit\u00e9 et de traitement des donn\u00e9es personnelles. Pour toute question concernant la gestion de vos donn\u00e9es, veuillez nous contacter.<\/p>\n\n\n\n<h2 class=\"wp-block-heading\">S\u00e9curit\u00e9 et fiabilit\u00e9 du site GoHot<\/h2>\n\n\n\n<p>Le site web est fiable et s\u00e9curis\u00e9 pour la navigation des utilisateurs, comme l&#039;indique la v\u00e9rification. Cette page analyse les informations du site afin d&#039;identifier d&#039;\u00e9ventuels probl\u00e8mes de s\u00e9curit\u00e9. L&#039;historique de navigation v\u00e9rifi\u00e9 par l&#039;outil de s\u00e9curit\u00e9 de Google confirme que le site est s\u00e9curis\u00e9.<\/p>\n\n\n\n<h2 class=\"wp-block-heading\">Politique relative aux cookies<\/h2>\n\n\n\n<h3 class=\"wp-block-heading\">Que sont les cookies ?<\/h3>\n\n\n\n<p>Comme c&#039;est souvent le cas sur la plupart des sites web professionnels, ce site utilise des cookies, qui sont de petits fichiers t\u00e9l\u00e9charg\u00e9s sur votre ordinateur, afin d&#039;am\u00e9liorer votre exp\u00e9rience.<\/p>\n\n\n\n<h3 class=\"wp-block-heading\">Comment utilisons-nous les cookies ?<\/h3>\n\n\n\n<p>Nous utilisons des cookies pour plusieurs raisons, d\u00e9taill\u00e9es ci-dessous. Dans de nombreux cas, il n&#039;existe pas d&#039;options standard pour d\u00e9sactiver les cookies sans compromettre le bon fonctionnement du site.<\/p>\n\n\n\n<h3 class=\"wp-block-heading\">D\u00e9sactiver les cookies<\/h3>\n\n\n\n<p>Vous pouvez emp\u00eacher l&#039;installation de cookies en modifiant les param\u00e8tres de votre navigateur. Veuillez noter que leur d\u00e9sactivation peut affecter le fonctionnement de ce site web et d&#039;autres sites.<\/p>\n\n\n\n<h3 class=\"wp-block-heading\">Cookies que nous utilisons<\/h3>\n\n\n\n<h4 class=\"wp-block-heading\">Cookies li\u00e9s au compte<\/h4>\n\n\n\n<p>Utilis\u00e9 pour g\u00e9rer le processus d&#039;inscription et l&#039;administration g\u00e9n\u00e9rale des comptes.<\/p>\n\n\n\n<h4 class=\"wp-block-heading\">cookies li\u00e9s \u00e0 la connexion<\/h4>\n\n\n\n<p>Ils m\u00e9morisent vos informations de connexion pendant que vous naviguez sur le site web.<\/p>\n\n\n\n<h4 class=\"wp-block-heading\">Cookies li\u00e9s aux newsletters par e-mail<\/h4>\n\n\n\n<p>Vous souvenez-vous si vous \u00eates d\u00e9j\u00e0 abonn\u00e9(e) \u00e0 nos newsletters ?.<\/p>\n\n\n\n<h4 class=\"wp-block-heading\">Cookies de traitement des commandes<\/h4>\n\n\n\n<p>Indispensable pour se souvenir des articles entre les pages lors de vos achats.<\/p>\n\n\n\n<h4 class=\"wp-block-heading\">Cookies li\u00e9s aux recherches<\/h4>\n\n\n\n<p>Utilis\u00e9 pour m\u00e9moriser les participations et garantir l&#039;exactitude des r\u00e9sultats.<\/p>\n\n\n\n<h4 class=\"wp-block-heading\">Cookies li\u00e9s aux formulaires<\/h4>\n\n\n\n<p>Ils stockent les donn\u00e9es soumises dans les formulaires pour une compl\u00e9tion ult\u00e9rieure.<\/p>\n\n\n\n<h4 class=\"wp-block-heading\">Cookies de pr\u00e9f\u00e9rence du site<\/h4>\n\n\n\n<p>Ils enregistrent vos param\u00e8tres et pr\u00e9f\u00e9rences de navigation.<\/p>\n\n\n\n<h3 class=\"wp-block-heading\">Cookies tiers<\/h3>\n\n\n\n<p>Dans certains cas particuliers, nous utilisons des cookies provenant de tiers de confiance.<\/p>\n\n\n\n<h4 class=\"wp-block-heading\">Google Analytics<\/h4>\n\n\n\n<p>Nous utilisons Google Analytics pour comprendre comment vous utilisez le site web.<\/p>\n\n\n\n<p>Pour plus d&#039;informations, veuillez consulter la page officielle de Google Analytics.<\/p>\n\n\n\n<h4 class=\"wp-block-heading\">Outils d&#039;analyse tiers<\/h4>\n\n\n\n<p>Utilis\u00e9 pour mesurer le comportement des utilisateurs et am\u00e9liorer l&#039;exp\u00e9rience du site web.<\/p>\n\n\n\n<h4 class=\"wp-block-heading\">Tests de fonctionnalit\u00e9<\/h4>\n\n\n\n<p>Utilis\u00e9 lors des tests de nouvelles fonctionnalit\u00e9s pour garantir la coh\u00e9rence.<\/p>\n\n\n\n<h4 class=\"wp-block-heading\">Statistiques du commerce \u00e9lectronique<\/h4>\n\n\n\n<p>Ils permettent de mesurer le nombre de visiteurs qui effectuent des achats et aident \u00e0 \u00e9tablir des pr\u00e9visions commerciales.<\/p>\n\n\n\n<h2 class=\"wp-block-heading\">Pr\u00e9f\u00e9rences publicitaires et options de d\u00e9sabonnement<\/h2>\n\n\n\n<p>Vous pouvez g\u00e9rer vos pr\u00e9f\u00e9rences publicitaires et limiter l&#039;utilisation de vos donn\u00e9es \u00e0 des fins de publicit\u00e9 personnalis\u00e9e gr\u00e2ce \u00e0 des outils externes. Pour ajuster l&#039;affichage des publicit\u00e9s, rendez-vous sur [lien\/nom de l&#039;outil]. \n<a href=\"https:\/\/www.google.com\/settings\/ads\" target=\"_blank\">Gestionnaire de pr\u00e9f\u00e9rences pour les annonces Google<\/a>.<\/p>\n\n\n\n<p>Si vous souhaitez d\u00e9sactiver les publicit\u00e9s personnalis\u00e9es, vous pouvez \u00e9galement utiliser des m\u00e9canismes ind\u00e9pendants tels que\u00a0:<\/p>\n\n\n\n<ul class=\"wp-block-list\">\n<li><a href=\"https:\/\/optout.networkadvertising.org\/\" target=\"_blank\">Option de d\u00e9sabonnement \u00e0 la Network Advertising Initiative (NAI)<\/a><\/li>\n\n\n\n<li><a href=\"https:\/\/optout.aboutads.info\/\" target=\"_blank\">Option de d\u00e9sabonnement \u00e0 la Digital Advertising Alliance (DAA)<\/a><\/li>\n<\/ul>\n\n\n\n<p>Ces syst\u00e8mes vous permettent de contr\u00f4ler la collecte et l&#039;utilisation des cookies par diff\u00e9rents services de publicit\u00e9 num\u00e9rique.<\/p>\n\n\n\n<h2 class=\"wp-block-heading\">Engagement de l&#039;utilisateur<\/h2>\n\n\n\n<p>L&#039;utilisateur accepte\u00a0:<\/p>\n\n\n\n<ul class=\"wp-block-list\">\n<li>Ne vous livrez pas \u00e0 des activit\u00e9s ill\u00e9gales ou contraires \u00e0 la bonne foi et \u00e0 l&#039;ordre public.<\/li>\n\n\n\n<li>Ne diffusez pas de contenu ill\u00e9gal, raciste, x\u00e9nophobe, relatif aux jeux d&#039;argent, \u00e0 la pornographie ill\u00e9gale, \u00e0 des activit\u00e9s terroristes ou \u00e0 des violations des droits de l&#039;homme.<\/li>\n\n\n\n<li>Ne causez aucun dommage aux syst\u00e8mes physiques ou logiques du site GoHot ou de tiers.<\/li>\n\n\n\n<li>N&#039;introduisez pas de virus ou de logiciels malveillants.<\/li>\n<\/ul>\n\n\n\n<h2 class=\"wp-block-heading\">Bloquer les cookies<\/h2>\n\n\n\n<p>Vous pouvez bloquer les cookies \u00e0 tout moment dans les param\u00e8tres de votre navigateur.<\/p>\n\n\n\n<p>Guides d&#039;aide\u00a0:<\/p>\n\n\n\n<ul class=\"wp-block-list\">\n<li><a href=\"https:\/\/support.google.com\/chrome\/answer\/95647\">Google Chrome<\/a><\/li>\n\n\n\n<li><a href=\"https:\/\/support.mozilla.org\/pt-BR\/kb\/desative-cookies-terceiros-impedir-rastreamento\">Firefox<\/a><\/li>\n\n\n\n<li><a href=\"https:\/\/support.microsoft.com\/pt-br\/windows\/gerencie-cookies-no-microsoft-edge-exibir-permitir-bloquear-excluir-e-usar-168dab11-0753-043d-7c16-ede5947fc64d\">Microsoft Edge<\/a><\/li>\n\n\n\n<li><a href=\"https:\/\/help.opera.com\/en\/latest\/web-preferences\/#cookies\">Op\u00e9ra<\/a><\/li>\n\n\n\n<li><a href=\"https:\/\/support.apple.com\/pt-br\/HT201265\">Safari<\/a><\/li>\n<\/ul>\n\n\n\n<h2 class=\"wp-block-heading\">Plus d&#039;informations<\/h2>\n\n\n\n<p>Nous esp\u00e9rons que ces informations sont claires. En cas de doute, il est plus s\u00fbr de laisser les cookies activ\u00e9s.<\/p>\n\n\n\n<p>Cette politique entre en vigueur \u00e0 compter du : <strong>F\u00e9vrier 2026<\/strong>.<\/p>","protected":false},"excerpt":{"rendered":"<p>A sua privacidade \u00e9 importante para n\u00f3s. \u00c9 pol\u00edtica do GoHot Site respeitar a sua privacidade em rela\u00e7\u00e3o a qualquer informa\u00e7\u00e3o sua&#8230;<\/p>","protected":false},"author":1,"featured_media":0,"parent":0,"menu_order":0,"comment_status":"closed","ping_status":"open","template":"","meta":{"footnotes":""},"class_list":["post-3","page","type-page","status-publish","hentry","entry"],"_links":{"self":[{"href":"https:\/\/gohotsite.com\/fr\/wp-json\/wp\/v2\/pages\/3","targetHints":{"allow":["GET"]}}],"collection":[{"href":"https:\/\/gohotsite.com\/fr\/wp-json\/wp\/v2\/pages"}],"about":[{"href":"https:\/\/gohotsite.com\/fr\/wp-json\/wp\/v2\/types\/page"}],"author":[{"embeddable":true,"href":"https:\/\/gohotsite.com\/fr\/wp-json\/wp\/v2\/users\/1"}],"replies":[{"embeddable":true,"href":"https:\/\/gohotsite.com\/fr\/wp-json\/wp\/v2\/comments?post=3"}],"version-history":[{"count":8,"href":"https:\/\/gohotsite.com\/fr\/wp-json\/wp\/v2\/pages\/3\/revisions"}],"predecessor-version":[{"id":4089,"href":"https:\/\/gohotsite.com\/fr\/wp-json\/wp\/v2\/pages\/3\/revisions\/4089"}],"wp:attachment":[{"href":"https:\/\/gohotsite.com\/fr\/wp-json\/wp\/v2\/media?parent=3"}],"curies":[{"name":"wp","href":"https:\/\/api.w.org\/{rel}","templated":true}]}}