{"id":110,"date":"2024-04-02T17:57:58","date_gmt":"2024-04-02T17:57:58","guid":{"rendered":"https:\/\/gohotsite.com\/?page_id=110"},"modified":"2026-02-27T13:35:11","modified_gmt":"2026-02-27T13:35:11","slug":"termos-de-uso","status":"publish","type":"page","link":"https:\/\/gohotsite.com\/hr\/termos-de-uso\/","title":{"rendered":"Uvjeti kori\u0161tenja"},"content":{"rendered":"<ul class=\"wp-block-list\">\n<li>Uvjeti<\/li>\n<\/ul>\n\n\n\n<p>Pristupom web stranici Gohotsite pristajete na po\u0161tivanje ovih uvjeta pru\u017eanja usluge, svih va\u017ee\u0107ih zakona i propisa te pristajete da ste odgovorni za po\u0161tivanje svih va\u017ee\u0107ih lokalnih zakona. Ako se ne sla\u017eete s bilo kojim od ovih uvjeta, zabranjeno vam je kori\u0161tenje ili pristup ovoj stranici. Materijali sadr\u017eani na ovoj web stranici za\u0161ti\u0107eni su va\u017ee\u0107im zakonima o autorskim pravima i za\u0161titnim znakovima.<\/p>\n\n\n\n<ul start=\"2\" class=\"wp-block-list\">\n<li>Kori\u0161tenje licence<\/li>\n<\/ul>\n\n\n\n<p>Dozvoljeno je privremeno preuzimanje jedne kopije materijala (informacija ili softvera) s web stranice Gohotsite isklju\u010divo za osobno, nekomercijalno i privremeno pregledavanje. Ovo je dodjela licence, a ne prijenos vlasni\u0161tva, i pod ovom licencom ne smijete:<\/p>\n\n\n\n<p>Nije dopu\u0161teno mijenjati ili kopirati materijale; koristiti materijale u bilo koju komercijalnu svrhu ili za bilo kakvo javno prikazivanje (komercijalno ili nekomercijalno); poku\u0161avati dekompilirati ili rekonstruirati bilo koji softver sadr\u017ean na web stranici Gohotsite; uklanjati bilo kakve oznake autorskih prava ili druge vlasni\u010dke oznake s materijala; ili prenositi materijale na drugu osobu ili &#039;zrcaliti&#039; materijale na bilo kojem drugom poslu\u017eitelju. Ova licenca automatski prestaje ako prekr\u0161ite bilo koje od ovih ograni\u010denja i Gohotsite je mo\u017ee raskinuti u bilo kojem trenutku. Nakon prestanka pregledavanja ovih materijala ili nakon prestanka ove licence, morate uni\u0161titi sve preuzete materijale u svom posjedu, bilo u elektroni\u010dkom ili tiskanom obliku.<\/p>\n\n\n\n<ul class=\"wp-block-list\">\n<li>Odricanje<\/li>\n<\/ul>\n\n\n\n<p>Materijali na web stranici Gohotsite pru\u017eaju se &quot;kakvi jesu&quot;. Gohotsite ne daje nikakva jamstva, izri\u010dita ili implicitna, te se ovime odri\u010de i negira sva druga jamstva, uklju\u010duju\u0107i, bez ograni\u010denja, implicitna jamstva ili uvjete prodajnosti, prikladnosti za odre\u0111enu svrhu ili nekr\u0161enja intelektualnog vlasni\u0161tva ili drugog kr\u0161enja prava. Nadalje, Gohotsite ne jam\u010di niti daje bilo kakve izjave u vezi s to\u010dno\u0161\u0107u, vjerojatnim rezultatima ili pouzdano\u0161\u0107u kori\u0161tenja materijala na svojoj web stranici ili na drugi na\u010din u vezi s takvim materijalima ili na bilo kojim stranicama povezanim s ovom stranicom.<\/p>\n\n\n\n<ul class=\"wp-block-list\">\n<li>Ograni\u010denja<\/li>\n<\/ul>\n\n\n\n<p>Ni u kojem slu\u010daju Gohotsite ili njegovi dobavlja\u010di ne\u0107e biti odgovorni za bilo kakvu \u0161tetu (uklju\u010duju\u0107i, bez ograni\u010denja, \u0161tetu zbog gubitka podataka ili dobiti ili zbog prekida poslovanja) koja proizlazi iz kori\u0161tenja ili nemogu\u0107nosti kori\u0161tenja materijala na Gohotsiteu, \u010dak i ako je Gohotsite ili ovla\u0161teni predstavnik Gohotsitea usmeno ili pismeno obavije\u0161ten o mogu\u0107nosti takve \u0161tete. Budu\u0107i da neke jurisdikcije ne dopu\u0161taju ograni\u010denja implicitnih jamstava ili ograni\u010denja odgovornosti za posljedi\u010dnu ili slu\u010dajnu \u0161tetu, ta se ograni\u010denja mo\u017eda ne\u0107e odnositi na vas.<\/p>\n\n\n\n<ul start=\"5\" class=\"wp-block-list\">\n<li>Preciznost materijala<\/li>\n<\/ul>\n\n\n\n<p>Materijali prikazani na web stranici Gohotsite mogu sadr\u017eavati tehni\u010dke, tipografske ili fotografske pogre\u0161ke. Gohotsite ne jam\u010di da je bilo koji materijal na svojoj web stranici to\u010dan, potpun ili a\u017euran. Gohotsite mo\u017ee u bilo kojem trenutku bez prethodne najave izvr\u0161iti promjene u materijalima sadr\u017eanim na svojoj web stranici. Me\u0111utim, Gohotsite se ne obvezuje a\u017eurirati materijale.<\/p>\n\n\n\n<ul start=\"6\" class=\"wp-block-list\">\n<li>Linkovi<\/li>\n<\/ul>\n\n\n\n<p>Gohotsite nije pregledao sve stranice povezane s njegovom web stranicom i nije odgovoran za sadr\u017eaj bilo koje povezane stranice. Uklju\u010divanje bilo koje poveznice ne podrazumijeva odobravanje stranice od strane Gohotsitea. Kori\u0161tenje bilo koje povezane web stranice je na vlastitu odgovornost korisnika.<\/p>\n\n\n\n<ul class=\"wp-block-list\">\n<li>Izmjene<\/li>\n<\/ul>\n\n\n\n<p>Gohotsite mo\u017ee izmijeniti ove uvjete kori\u0161tenja web stranice u bilo kojem trenutku bez prethodne najave. Kori\u0161tenjem ove web stranice pristajete na trenutnu verziju ovih uvjeta kori\u0161tenja.<\/p>\n\n\n\n<ul class=\"wp-block-list\">\n<li>Primjenjivo pravo<\/li>\n<\/ul>\n\n\n\n<p><strong>Primjenjivo pravo<\/strong> Ovi Uvjeti i odredbe ure\u0111eni su i tuma\u010de se u skladu sa zakonima [Savezna dr\u017eava\/zemlja]. <strong>Federativna Republika Brazil<\/strong>. Odnos uspostavljen ovdje izme\u0111u <strong>Gohotsite<\/strong> a korisnik posebno primje\u0107uje <strong>Op\u0107i zakon o za\u0161titi osobnih podataka (LGPD \u2013 Zakon br. 13.709\/2018)<\/strong>, the <strong>Brazilski zakon o pravima na internetu (Zakon br. 12.965\/2014)<\/strong> i <strong>Zakon o za\u0161titi potro\u0161a\u010da (Zakon br. 8.078\/1990)<\/strong>, gdje je primjenjivo.<\/p>\n\n\n\n<p><strong>Izborni forum<\/strong> Za rje\u0161avanje bilo kakvih sporova koji proizlaze iz ovih uvjeta, stranke biraju <strong>Sud okruga S\u00e3o Paulo, SP<\/strong>, isklju\u010duju\u0107i bilo koga drugog, koliko god privilegirano bilo, za obradu i presu\u0111ivanje svih eventualnih pravnih sporova.<\/p>","protected":false},"excerpt":{"rendered":"<p>Ao acessar ao site Gohotsite, concorda em cumprir estes termos de servi\u00e7o, todas as leis e regulamentos aplic\u00e1veis \u200b\u200be concorda que \u00e9&#8230;<\/p>","protected":false},"author":1,"featured_media":0,"parent":0,"menu_order":0,"comment_status":"closed","ping_status":"closed","template":"","meta":{"footnotes":""},"class_list":["post-110","page","type-page","status-publish","hentry","entry"],"_links":{"self":[{"href":"https:\/\/gohotsite.com\/hr\/wp-json\/wp\/v2\/pages\/110","targetHints":{"allow":["GET"]}}],"collection":[{"href":"https:\/\/gohotsite.com\/hr\/wp-json\/wp\/v2\/pages"}],"about":[{"href":"https:\/\/gohotsite.com\/hr\/wp-json\/wp\/v2\/types\/page"}],"author":[{"embeddable":true,"href":"https:\/\/gohotsite.com\/hr\/wp-json\/wp\/v2\/users\/1"}],"replies":[{"embeddable":true,"href":"https:\/\/gohotsite.com\/hr\/wp-json\/wp\/v2\/comments?post=110"}],"version-history":[{"count":2,"href":"https:\/\/gohotsite.com\/hr\/wp-json\/wp\/v2\/pages\/110\/revisions"}],"predecessor-version":[{"id":4091,"href":"https:\/\/gohotsite.com\/hr\/wp-json\/wp\/v2\/pages\/110\/revisions\/4091"}],"wp:attachment":[{"href":"https:\/\/gohotsite.com\/hr\/wp-json\/wp\/v2\/media?parent=110"}],"curies":[{"name":"wp","href":"https:\/\/api.w.org\/{rel}","templated":true}]}}