{"id":160,"date":"2024-04-24T22:52:38","date_gmt":"2024-04-24T22:52:38","guid":{"rendered":"https:\/\/gohotsite.com\/?page_id=160"},"modified":"2026-02-27T13:34:28","modified_gmt":"2026-02-27T13:34:28","slug":"sobre-nos","status":"publish","type":"page","link":"https:\/\/gohotsite.com\/hr\/sobre-nos\/","title":{"rendered":"O nama"},"content":{"rendered":"<p>O <strong>Gohotsite<\/strong> Ro\u0111eni smo s misijom pojednostavljenja va\u0161eg putovanja u svemiru digitalnih veza i tehnologije primijenjene u svakodnevnom \u017eivotu. Mi smo portal specijaliziran za pretvaranje slo\u017eenosti modernih platformi u stvarne prilike za va\u0161e isticanje i u\u010dinkovitu komunikaciju.<\/p>\n\n\n\n<h4 class=\"wp-block-heading\">Na\u0161 uredni\u010dki prijedlog i svrha<\/h4>\n\n\n\n<p>Znamo da snala\u017eenje u aplikacijama i novim tehnologijama mo\u017ee biti izazovno. Na\u0161a je obveza pru\u017eati izravan, koristan i strogo a\u017euriran sadr\u017eaj. Kombiniramo tehnologiju, pona\u0161anje i komunikaciju kako bismo vam pomogli da donosite sigurnije i pametnije odluke, bilo da tra\u017eite vezu, optimizirate svoju online prisutnost ili koristite digitalne alate.<\/p>\n\n\n\n<h4 class=\"wp-block-heading\">\u0160to \u0107ete ovdje prona\u0107i <\/h4>\n\n\n\n<p>Na\u0161 ekosustav sadr\u017eaja podijeljen je na strate\u0161ke stupove kako bi pokrio sve va\u0161e digitalne potrebe:<\/p>\n\n\n\n<ul class=\"wp-block-list\">\n<li><strong>Aplikacije za upoznavanje:<\/strong> Sveobuhvatne analize i strategije za platforme poput Tindera, Bumblea, Happna i drugih, poma\u017eu\u0107i vam u stvaranju profila s visokim utjecajem i razumijevanju algoritama.<\/li>\n\n\n\n<li><strong>Savjeti i vodi\u010d za stil \u017eivota:<\/strong> Pro\u0161irili smo na\u0161 fokus izvan samih utakmica. U ovoj kategoriji nudimo tutorijale o digitalnom pona\u0161anju, online sigurnosti, online bontonu i prakti\u010dne savjete za pobolj\u0161anje va\u0161e komunikacije i produktivnosti u raznim svakodnevnim kontekstima.<\/li>\n\n\n\n<li><strong>Usporedbe i tutorijali:<\/strong> Procjenjujemo glavne alate i resurse na tr\u017ei\u0161tu, nude\u0107i detaljne vodi\u010de korak po korak kako biste s lako\u0107om i odgovorno\u0161\u0107u mogli savladati funkcije svake aplikacije.<\/li>\n<\/ul>\n\n\n\n<h4 class=\"wp-block-heading\">Na\u0161 poslovni model<\/h4>\n\n\n\n<p>O <strong>Gohotsite<\/strong> Djelujemo kao besplatni portal sadr\u017eaja za \u010ditatelje. Na\u0161 poslovni model temelji se na digitalnom ogla\u0161avanju i partnerskim odnosima putem affiliate marketinga. To zna\u010di da mo\u017eemo primiti proviziju kada kliknete na poveznice ili kupite usluge preporu\u010dene u na\u0161im recenzijama, bez dodatnih tro\u0161kova za vas. Ovaj model osigurava neovisnost na\u0161eg uredni\u010dkog tima i odr\u017eavanje strukture usmjerene na istra\u017eivanje i uredni\u010dku kvalitetu.<\/p>\n\n\n\n<p>Bilo da se radi o upoznavanju novih ljudi, stjecanju prijateljstava ili jednostavno razumijevanju kako tehnologija mo\u017ee olak\u0161ati va\u0161 dru\u0161tveni \u017eivot, <strong>Gohotsite<\/strong> Ovo je va\u0161a po\u010detna to\u010dka.<\/p>\n\n\n\n<p><strong>Dobrodo\u0161li.<\/strong> <em>Va\u0161 sljede\u0107i korak u digitalnom svijetu po\u010dinje ovdje.<\/em><\/p>\n\n\n\n<p><\/p>","protected":false},"excerpt":{"rendered":"<p>O Gohotsite nasceu com a miss\u00e3o de simplificar a sua jornada no universo das conex\u00f5es digitais e da tecnologia aplicada ao dia&#8230;<\/p>","protected":false},"author":1,"featured_media":0,"parent":0,"menu_order":0,"comment_status":"closed","ping_status":"closed","template":"","meta":{"footnotes":""},"class_list":["post-160","page","type-page","status-publish","hentry","entry"],"_links":{"self":[{"href":"https:\/\/gohotsite.com\/hr\/wp-json\/wp\/v2\/pages\/160","targetHints":{"allow":["GET"]}}],"collection":[{"href":"https:\/\/gohotsite.com\/hr\/wp-json\/wp\/v2\/pages"}],"about":[{"href":"https:\/\/gohotsite.com\/hr\/wp-json\/wp\/v2\/types\/page"}],"author":[{"embeddable":true,"href":"https:\/\/gohotsite.com\/hr\/wp-json\/wp\/v2\/users\/1"}],"replies":[{"embeddable":true,"href":"https:\/\/gohotsite.com\/hr\/wp-json\/wp\/v2\/comments?post=160"}],"version-history":[{"count":3,"href":"https:\/\/gohotsite.com\/hr\/wp-json\/wp\/v2\/pages\/160\/revisions"}],"predecessor-version":[{"id":4090,"href":"https:\/\/gohotsite.com\/hr\/wp-json\/wp\/v2\/pages\/160\/revisions\/4090"}],"wp:attachment":[{"href":"https:\/\/gohotsite.com\/hr\/wp-json\/wp\/v2\/media?parent=160"}],"curies":[{"name":"wp","href":"https:\/\/api.w.org\/{rel}","templated":true}]}}