{"id":3,"date":"2024-03-25T20:34:32","date_gmt":"2024-03-25T20:34:32","guid":{"rendered":"https:\/\/gohotsite.com\/?page_id=3"},"modified":"2026-02-27T13:32:01","modified_gmt":"2026-02-27T13:32:01","slug":"privacy-policy","status":"publish","type":"page","link":"https:\/\/gohotsite.com\/hr\/privacy-policy\/","title":{"rendered":"Pravila o privatnosti"},"content":{"rendered":"<p>Va\u0161a privatnost nam je va\u017ena. Politika GoHot stranice je po\u0161tivanje va\u0161e privatnosti u vezi sa svim informacijama koje mo\u017eemo prikupiti od vas na GoHot stranici i drugim stranicama koje posjedujemo i kojima upravljamo.<\/p>\n\n\n\n<p>Osobne podatke tra\u017eimo samo kada su nam zaista potrebni kako bismo vam pru\u017eili uslugu. To \u010dinimo po\u0161teno i zakonito, uz va\u0161e znanje i pristanak. Tako\u0111er vas obavje\u0161tavamo za\u0161to ih prikupljamo i kako \u0107e se koristiti.<\/p>\n\n\n\n<p>Prikupljene podatke \u010duvamo samo onoliko dugo koliko je potrebno za pru\u017eanje tra\u017eene usluge. Kada pohranjujemo podatke, \u0161titimo ih komercijalno prihvatljivim sredstvima kako bismo sprije\u010dili gubitak i kra\u0111u, kao i neovla\u0161teni pristup, otkrivanje, kopiranje, kori\u0161tenje ili izmjenu.<\/p>\n\n\n\n<p>Ne dijelimo osobne podatke javno ili s tre\u0107im stranama, osim kada je to zakonom propisano.<\/p>\n\n\n\n<p>Na\u0161a web stranica mo\u017ee sadr\u017eavati poveznice na vanjske stranice kojima ne upravljamo mi. Imajte na umu da nemamo kontrolu nad sadr\u017eajem i praksama tih stranica te ne mo\u017eemo preuzeti odgovornost za njihove odgovaraju\u0107e politike privatnosti.<\/p>\n\n\n\n<p>Slobodni ste odbiti na\u0161 zahtjev za osobnim podacima, uz razumijevanje da vam mo\u017eda ne\u0107emo mo\u0107i pru\u017eiti neke od usluga koje \u017eelite.<\/p>\n\n\n\n<p>Daljnje kori\u0161tenje na\u0161e web stranice smatrat \u0107e se prihva\u0107anjem na\u0161ih praksi u vezi s privatno\u0161\u0107u i osobnim podacima. Ako imate bilo kakvih pitanja o tome kako postupamo s korisni\u010dkim podacima, kontaktirajte nas.<\/p>\n\n\n\n<h2 class=\"wp-block-heading\">Sigurnost i povjerenje GoHot stranice<\/h2>\n\n\n\n<p>Web-stranica je pouzdana i sigurna za pregledavanje od strane korisnika, \u0161to je nazna\u010deno Provjerom. Stranica provjerava informacije o web-stranici kako bi identificirala potencijalne sigurnosne probleme. Povijest pregledavanja koju je provjerio Googleov sigurnosni alat pokazuje da je web-stranica sigurna.<\/p>\n\n\n\n<h2 class=\"wp-block-heading\">Pravila o kola\u010di\u0107ima<\/h2>\n\n\n\n<h3 class=\"wp-block-heading\">\u0160to su kola\u010di\u0107i?<\/h3>\n\n\n\n<p>Kao \u0161to je uobi\u010dajena praksa na gotovo svim profesionalnim web stranicama, ova stranica koristi kola\u010di\u0107e, male datoteke koje se preuzimaju na va\u0161e ra\u010dunalo, kako bi pobolj\u0161ala va\u0161e iskustvo.<\/p>\n\n\n\n<h3 class=\"wp-block-heading\">Kako koristimo kola\u010di\u0107e?<\/h3>\n\n\n\n<p>Kola\u010di\u0107e koristimo iz nekoliko razloga, detaljno opisanih u nastavku. U mnogim slu\u010dajevima ne postoje standardne opcije za onemogu\u0107avanje kola\u010di\u0107a bez ugro\u017eavanja funkcionalnosti.<\/p>\n\n\n\n<h3 class=\"wp-block-heading\">Onemogu\u0107i kola\u010di\u0107e<\/h3>\n\n\n\n<p>Postavljanje kola\u010di\u0107a mo\u017eete sprije\u010diti pode\u0161avanjem postavki preglednika. Imajte na umu da njihovo onemogu\u0107avanje mo\u017ee utjecati na funkcionalnost ove i drugih web stranica.<\/p>\n\n\n\n<h3 class=\"wp-block-heading\">Kola\u010di\u0107i koje postavljamo<\/h3>\n\n\n\n<h4 class=\"wp-block-heading\">Kola\u010di\u0107i povezani s ra\u010dunom<\/h4>\n\n\n\n<p>Koristi se za upravljanje postupkom registracije i op\u0107om administracijom ra\u010duna.<\/p>\n\n\n\n<h4 class=\"wp-block-heading\">Kola\u010di\u0107i povezani s prijavom<\/h4>\n\n\n\n<p>Pamte va\u0161e podatke za prijavu dok pregledavate web stranicu.<\/p>\n\n\n\n<h4 class=\"wp-block-heading\">Kola\u010di\u0107i povezani s e-mail biltenima<\/h4>\n\n\n\n<p>Sje\u0107ate li se jeste li ve\u0107 pretpla\u0107eni na na\u0161e biltene?.<\/p>\n\n\n\n<h4 class=\"wp-block-heading\">Kola\u010di\u0107i za obradu narud\u017ebi<\/h4>\n\n\n\n<p>Bitno za pam\u0107enje artikala izme\u0111u stranica prilikom kupovine.<\/p>\n\n\n\n<h4 class=\"wp-block-heading\">Kola\u010di\u0107i povezani s pretragama<\/h4>\n\n\n\n<p>Koristi se za pam\u0107enje sudjelovanja i odr\u017eavanje to\u010dnih rezultata.<\/p>\n\n\n\n<h4 class=\"wp-block-heading\">Kola\u010di\u0107i povezani s obrascima<\/h4>\n\n\n\n<p>Pohranjuju podatke poslane u obrasce za budu\u0107e popunjavanje.<\/p>\n\n\n\n<h4 class=\"wp-block-heading\">Kola\u010di\u0107i postavki web-mjesta<\/h4>\n\n\n\n<p>Pohranjuju va\u0161e postavke i preferencije pregledavanja.<\/p>\n\n\n\n<h3 class=\"wp-block-heading\">Kola\u010di\u0107i tre\u0107ih strana<\/h3>\n\n\n\n<p>U nekim posebnim slu\u010dajevima koristimo kola\u010di\u0107e pouzdanih tre\u0107ih strana.<\/p>\n\n\n\n<h4 class=\"wp-block-heading\">Google Analytics<\/h4>\n\n\n\n<p>Koristimo Google Analytics kako bismo razumjeli kako koristite web stranicu.<\/p>\n\n\n\n<p>Za vi\u0161e informacija posjetite slu\u017ebenu stranicu Google Analyticsa.<\/p>\n\n\n\n<h4 class=\"wp-block-heading\">Alati za analitiku tre\u0107ih strana<\/h4>\n\n\n\n<p>Koristi se za mjerenje pona\u0161anja korisnika i pobolj\u0161anje iskustva na web stranici.<\/p>\n\n\n\n<h4 class=\"wp-block-heading\">Testovi funkcionalnosti<\/h4>\n\n\n\n<p>Koristi se prilikom testiranja novih zna\u010dajki kako bi se osigurala dosljednost.<\/p>\n\n\n\n<h4 class=\"wp-block-heading\">Statistika e-trgovine<\/h4>\n\n\n\n<p>Mjere koliko posjetitelja obavlja kupnju i poma\u017eu u poslovnom predvi\u0111anju.<\/p>\n\n\n\n<h2 class=\"wp-block-heading\">Postavke ogla\u0161avanja i opcije isklju\u010divanja<\/h2>\n\n\n\n<p>Svojim postavkama oglasa mo\u017eete upravljati i ograni\u010diti kori\u0161tenje svojih podataka za personalizirano ogla\u0161avanje pomo\u0107u vanjskih alata. Da biste prilagodili na\u010din prikazivanja oglasa, idite na [link\/tool naziv]. \n<a href=\"https:\/\/www.google.com\/settings\/ads\" target=\"_blank\">Upravitelj postavki Google oglasa<\/a>.<\/p>\n\n\n\n<p>Ako \u017eelite onemogu\u0107iti personalizirane oglase, mo\u017eete koristiti i neovisne mehanizme kao \u0161to su:<\/p>\n\n\n\n<ul class=\"wp-block-list\">\n<li><a href=\"https:\/\/optout.networkadvertising.org\/\" target=\"_blank\">Isklju\u010divanje iz inicijative za mre\u017eno ogla\u0161avanje (NAI)<\/a><\/li>\n\n\n\n<li><a href=\"https:\/\/optout.aboutads.info\/\" target=\"_blank\">Isklju\u010divanje iz Digital Advertising Alliance (DAA)<\/a><\/li>\n<\/ul>\n\n\n\n<p>Ovi sustavi vam omogu\u0107uju kontrolu prikupljanja i kori\u0161tenja kola\u010di\u0107a od strane raznih digitalnih ogla\u0161iva\u010dkih usluga.<\/p>\n\n\n\n<h2 class=\"wp-block-heading\">Obveza korisnika<\/h2>\n\n\n\n<p>Korisnik se sla\u017ee sa:<\/p>\n\n\n\n<ul class=\"wp-block-list\">\n<li>Ne upu\u0161tajte se u nezakonite aktivnosti ili aktivnosti suprotne dobroj vjeri i javnom redu.<\/li>\n\n\n\n<li>Ne \u0161irite ilegalni, rasisti\u010dki, ksenofobni, kockarski, ilegalni pornografski, teroristi\u010dki sadr\u017eaj ili sadr\u017eaj koji kr\u0161i ljudska prava.<\/li>\n\n\n\n<li>Ne uzrokujte \u0161tetu fizi\u010dkim ili logi\u010dkim sustavima GoHot stranice ili tre\u0107ih strana.<\/li>\n\n\n\n<li>Ne uvodite viruse ili \u0161tetni softver.<\/li>\n<\/ul>\n\n\n\n<h2 class=\"wp-block-heading\">Blokiraj kola\u010di\u0107e<\/h2>\n\n\n\n<p>Kola\u010di\u0107e mo\u017eete blokirati u bilo kojem trenutku u postavkama preglednika.<\/p>\n\n\n\n<p>Vodi\u010di za pomo\u0107:<\/p>\n\n\n\n<ul class=\"wp-block-list\">\n<li><a href=\"https:\/\/support.google.com\/chrome\/answer\/95647\">Google Chrome<\/a><\/li>\n\n\n\n<li><a href=\"https:\/\/support.mozilla.org\/pt-BR\/kb\/desative-cookies-terceiros-impedir-rastreamento\">Firefox<\/a><\/li>\n\n\n\n<li><a href=\"https:\/\/support.microsoft.com\/pt-br\/windows\/gerencie-cookies-no-microsoft-edge-exibir-permitir-bloquear-excluir-e-usar-168dab11-0753-043d-7c16-ede5947fc64d\">Microsoft Edge<\/a><\/li>\n\n\n\n<li><a href=\"https:\/\/help.opera.com\/en\/latest\/web-preferences\/#cookies\">Opera<\/a><\/li>\n\n\n\n<li><a href=\"https:\/\/support.apple.com\/pt-br\/HT201265\">Safari<\/a><\/li>\n<\/ul>\n\n\n\n<h2 class=\"wp-block-heading\">Vi\u0161e informacija<\/h2>\n\n\n\n<p>Nadamo se da su ove informacije jasne. Ako niste sigurni trebate li onemogu\u0107iti kola\u010di\u0107e, sigurnije ih je ostaviti omogu\u0107ene.<\/p>\n\n\n\n<p>Ova politika stupa na snagu od: <strong>Velja\u010da 2026.<\/strong>.<\/p>","protected":false},"excerpt":{"rendered":"<p>A sua privacidade \u00e9 importante para n\u00f3s. \u00c9 pol\u00edtica do GoHot Site respeitar a sua privacidade em rela\u00e7\u00e3o a qualquer informa\u00e7\u00e3o sua&#8230;<\/p>","protected":false},"author":1,"featured_media":0,"parent":0,"menu_order":0,"comment_status":"closed","ping_status":"open","template":"","meta":{"footnotes":""},"class_list":["post-3","page","type-page","status-publish","hentry","entry"],"_links":{"self":[{"href":"https:\/\/gohotsite.com\/hr\/wp-json\/wp\/v2\/pages\/3","targetHints":{"allow":["GET"]}}],"collection":[{"href":"https:\/\/gohotsite.com\/hr\/wp-json\/wp\/v2\/pages"}],"about":[{"href":"https:\/\/gohotsite.com\/hr\/wp-json\/wp\/v2\/types\/page"}],"author":[{"embeddable":true,"href":"https:\/\/gohotsite.com\/hr\/wp-json\/wp\/v2\/users\/1"}],"replies":[{"embeddable":true,"href":"https:\/\/gohotsite.com\/hr\/wp-json\/wp\/v2\/comments?post=3"}],"version-history":[{"count":8,"href":"https:\/\/gohotsite.com\/hr\/wp-json\/wp\/v2\/pages\/3\/revisions"}],"predecessor-version":[{"id":4089,"href":"https:\/\/gohotsite.com\/hr\/wp-json\/wp\/v2\/pages\/3\/revisions\/4089"}],"wp:attachment":[{"href":"https:\/\/gohotsite.com\/hr\/wp-json\/wp\/v2\/media?parent=3"}],"curies":[{"name":"wp","href":"https:\/\/api.w.org\/{rel}","templated":true}]}}