{"id":110,"date":"2024-04-02T17:57:58","date_gmt":"2024-04-02T17:57:58","guid":{"rendered":"https:\/\/gohotsite.com\/?page_id=110"},"modified":"2026-02-27T13:35:11","modified_gmt":"2026-02-27T13:35:11","slug":"termos-de-uso","status":"publish","type":"page","link":"https:\/\/gohotsite.com\/it\/termos-de-uso\/","title":{"rendered":"Termini di utilizzo"},"content":{"rendered":"<ul class=\"wp-block-list\">\n<li>Informazioni<\/li>\n<\/ul>\n\n\n\n<p>Accedendo al sito web Gohotsite, l&#039;utente accetta di rispettare i presenti termini di servizio, tutte le leggi e i regolamenti applicabili e si impegna a rispettare tutte le leggi locali vigenti. Qualora non accetti uno qualsiasi di questi termini, l&#039;utente non \u00e8 autorizzato a utilizzare o accedere a questo sito. I materiali contenuti in questo sito web sono protetti dalle leggi applicabili in materia di copyright e marchi registrati.<\/p>\n\n\n\n<ul start=\"2\" class=\"wp-block-list\">\n<li>Utilizzo della licenza<\/li>\n<\/ul>\n\n\n\n<p>\u00c8 consentito scaricare temporaneamente una copia dei materiali (informazioni o software) presenti sul sito web Gohotsite esclusivamente per uso personale, non commerciale e a scopo di visualizzazione temporanea. Questa concessione costituisce una licenza, non un trasferimento di propriet\u00e0, e in base a tale licenza non \u00e8 consentito:<\/p>\n\n\n\n<p>Non \u00e8 consentito modificare o copiare i materiali; utilizzare i materiali per scopi commerciali o per qualsiasi tipo di esposizione pubblica (commerciale o non commerciale); tentare di decompilare o decodificare qualsiasi software presente sul sito web di Gohotsite; rimuovere qualsiasi avviso di copyright o altra indicazione di propriet\u00e0 dai materiali; o trasferire i materiali a terzi o &quot;duplicarli&quot; su qualsiasi altro server. La presente licenza si intender\u00e0 automaticamente risolta in caso di violazione di una qualsiasi di queste restrizioni e potr\u00e0 essere revocata da Gohotsite in qualsiasi momento. Al termine della visualizzazione di questi materiali o alla risoluzione della presente licenza, l&#039;utente \u00e8 tenuto a distruggere tutti i materiali scaricati in suo possesso, sia in formato elettronico che cartaceo.<\/p>\n\n\n\n<ul class=\"wp-block-list\">\n<li>Disclaimer<\/li>\n<\/ul>\n\n\n\n<p>I materiali presenti sul sito web di Gohotsite sono forniti &quot;cos\u00ec come sono&quot;. Gohotsite non offre alcuna garanzia, esplicita o implicita, e declina e nega espressamente qualsiasi altra garanzia, incluse, a titolo esemplificativo, le garanzie implicite o le condizioni di commerciabilit\u00e0, idoneit\u00e0 per uno scopo particolare o non violazione della propriet\u00e0 intellettuale o di altri diritti. Inoltre, Gohotsite non garantisce n\u00e9 rilascia alcuna dichiarazione in merito all&#039;accuratezza, ai risultati probabili o all&#039;affidabilit\u00e0 dell&#039;utilizzo dei materiali presenti sul proprio sito web o comunque relativi a tali materiali o a qualsiasi sito collegato a questo sito.<\/p>\n\n\n\n<ul class=\"wp-block-list\">\n<li>Limitazioni<\/li>\n<\/ul>\n\n\n\n<p>In nessun caso Gohotsite o i suoi fornitori saranno responsabili per eventuali danni (inclusi, a titolo esemplificativo, danni per perdita di dati o di profitto, o dovuti a interruzione dell&#039;attivit\u00e0) derivanti dall&#039;utilizzo o dall&#039;impossibilit\u00e0 di utilizzare i materiali presenti su Gohotsite, anche qualora Gohotsite o un suo rappresentante autorizzato siano stati informati oralmente o per iscritto della possibilit\u00e0 di tali danni. Poich\u00e9 alcune giurisdizioni non consentono limitazioni sulle garanzie implicite o limitazioni di responsabilit\u00e0 per danni consequenziali o incidentali, queste limitazioni potrebbero non essere applicabili all&#039;utente.<\/p>\n\n\n\n<ul start=\"5\" class=\"wp-block-list\">\n<li>Precisione del materiale<\/li>\n<\/ul>\n\n\n\n<p>Il materiale visualizzato sul sito web di Gohotsite potrebbe contenere errori tecnici, tipografici o fotografici. Gohotsite non garantisce che il materiale presente sul proprio sito web sia accurato, completo o aggiornato. Gohotsite si riserva il diritto di apportare modifiche al materiale contenuto sul proprio sito web in qualsiasi momento e senza preavviso. Tuttavia, Gohotsite non si impegna ad aggiornare tale materiale.<\/p>\n\n\n\n<ul start=\"6\" class=\"wp-block-list\">\n<li>Collegamenti<\/li>\n<\/ul>\n\n\n\n<p>Gohotsite non ha esaminato tutti i siti collegati al proprio sito web e non \u00e8 responsabile del contenuto di alcun sito collegato. L&#039;inclusione di un link non implica l&#039;approvazione del sito da parte di Gohotsite. L&#039;utilizzo di qualsiasi sito web collegato \u00e8 a rischio esclusivo dell&#039;utente.<\/p>\n\n\n\n<ul class=\"wp-block-list\">\n<li>Modifiche<\/li>\n<\/ul>\n\n\n\n<p>Gohotsite si riserva il diritto di modificare i presenti termini di servizio del sito web in qualsiasi momento e senza preavviso. Utilizzando questo sito web, l&#039;utente accetta di essere vincolato dalla versione corrente dei presenti termini di servizio.<\/p>\n\n\n\n<ul class=\"wp-block-list\">\n<li>Legge applicabile<\/li>\n<\/ul>\n\n\n\n<p><strong>Legge applicabile<\/strong> Le presenti Condizioni generali sono regolate e interpretate in conformit\u00e0 con le leggi di [Stato\/Paese]. <strong>Repubblica Federativa del Brasile<\/strong>. La relazione stabilita qui tra il <strong>Gohotsite<\/strong> e l&#039;utente osserva, in particolare, l&#039; <strong>Legge generale sulla protezione dei dati personali (LGPD \u2013 Legge n. 13.709\/2018)<\/strong>, IL <strong>Carta dei diritti di Internet del Brasile (Legge n. 12.965\/2014)<\/strong> e il <strong>Codice di tutela dei consumatori (Legge n. 8.078\/1990)<\/strong>, ove applicabile.<\/p>\n\n\n\n<p><strong>Forum elettorale<\/strong> Per risolvere qualsiasi controversia derivante da questi termini, le parti eleggono il <strong>Tribunale del Distretto di San Paolo, SP<\/strong>, ad esclusione di qualsiasi altro soggetto, per quanto privilegiato possa essere, per esaminare e giudicare eventuali controversie legali.<\/p>","protected":false},"excerpt":{"rendered":"<p>Ao acessar ao site Gohotsite, concorda em cumprir estes termos de servi\u00e7o, todas as leis e regulamentos aplic\u00e1veis \u200b\u200be concorda que \u00e9&#8230;<\/p>","protected":false},"author":1,"featured_media":0,"parent":0,"menu_order":0,"comment_status":"closed","ping_status":"closed","template":"","meta":{"footnotes":""},"class_list":["post-110","page","type-page","status-publish","hentry","entry"],"_links":{"self":[{"href":"https:\/\/gohotsite.com\/it\/wp-json\/wp\/v2\/pages\/110","targetHints":{"allow":["GET"]}}],"collection":[{"href":"https:\/\/gohotsite.com\/it\/wp-json\/wp\/v2\/pages"}],"about":[{"href":"https:\/\/gohotsite.com\/it\/wp-json\/wp\/v2\/types\/page"}],"author":[{"embeddable":true,"href":"https:\/\/gohotsite.com\/it\/wp-json\/wp\/v2\/users\/1"}],"replies":[{"embeddable":true,"href":"https:\/\/gohotsite.com\/it\/wp-json\/wp\/v2\/comments?post=110"}],"version-history":[{"count":2,"href":"https:\/\/gohotsite.com\/it\/wp-json\/wp\/v2\/pages\/110\/revisions"}],"predecessor-version":[{"id":4091,"href":"https:\/\/gohotsite.com\/it\/wp-json\/wp\/v2\/pages\/110\/revisions\/4091"}],"wp:attachment":[{"href":"https:\/\/gohotsite.com\/it\/wp-json\/wp\/v2\/media?parent=110"}],"curies":[{"name":"wp","href":"https:\/\/api.w.org\/{rel}","templated":true}]}}