{"id":1120,"date":"2025-04-16T23:11:59","date_gmt":"2025-04-16T23:11:59","guid":{"rendered":"https:\/\/gohotsite.com\/?page_id=1120"},"modified":"2025-04-25T17:30:45","modified_gmt":"2025-04-25T17:30:45","slug":"quiz-shein2","status":"publish","type":"page","link":"https:\/\/gohotsite.com\/it\/quiz-shein2\/","title":{"rendered":"Quiz SHEIN2"},"content":{"rendered":"<figure class=\"wp-block-image size-full\"><img loading=\"lazy\" decoding=\"async\" width=\"115\" height=\"40\" src=\"https:\/\/gohotsite.com\/wp-content\/uploads\/2024\/03\/3.png\" alt=\"\" class=\"wp-image-54\"\/><\/figure>\n\n\n\n<h2 class=\"wp-block-heading\">Roupas Gr\u00e1tis<\/h2>\n\n\n\n<p>Sabe como voc\u00ea pode conseguir roupas gr\u00e1tis?<\/p>\n\n\n<div class=\"lazyblock-cta-links-maior-Z23QP7m wp-block-lazyblock-cta-links-maior\">\n<!-- <div class=\"mt-5\"> -->\n    <!-- <div class=\"h-1 bg-gray-200 rounded overflow-hidden\">\n    <div class=\"w-16 h-full bg-custom\"><\/div>\n    <\/div> -->\n\n    <div class=\"mt-8 mb-8\">       \n        <div class=\"flex flex-col gap-2 mt-5\">\n                            <a style=\"padding-top: 20px !important;padding-bottom: 20px !important;\" class=\"cta-click1 flex justify-between items-center pl-4 pr-3 py-3 bg-custom rounded-lg text-white uppercase text-sm font-medium\" href=\"https:\/\/gohotsite.com\/it\/dicas-de-como-ganhar-roupas-gratis-da-shein\/\" aria-label=\"SIM\">\n                    SIM                    <svg xmlns=\"http:\/\/www.w3.org\/2000\/svg\" width=\"24\" height=\"24\" viewbox=\"0 0 24 24\"><title>circle-ctrl-right<\/title><g fill=\"#F7F7F7\"><path d=\"M24,12A12,12,0,1,0,12,24,12.013,12.013,0,0,0,24,12ZM10.293,16.707a1,1,0,0,1,0-1.414L13.586,12,10.293,8.707a1,1,0,1,1,1.414-1.414l4,4a1,1,0,0,1,0,1.414l-4,4a1,1,0,0,1-1.414,0Z\" fill=\"#F7F7F7\"><\/path><\/g><\/svg>\n                <\/a>\n                            <a style=\"padding-top: 20px !important;padding-bottom: 20px !important;\" class=\"cta-click1 flex justify-between items-center pl-4 pr-3 py-3 bg-custom rounded-lg text-white uppercase text-sm font-medium\" href=\"https:\/\/gohotsite.com\/it\/dicas-de-como-ganhar-roupas-gratis-da-shein\/\" aria-label=\"N\u00c3O\">\n                    N\u00c3O                    <svg xmlns=\"http:\/\/www.w3.org\/2000\/svg\" width=\"24\" height=\"24\" viewbox=\"0 0 24 24\"><title>circle-ctrl-right<\/title><g fill=\"#F7F7F7\"><path d=\"M24,12A12,12,0,1,0,12,24,12.013,12.013,0,0,0,24,12ZM10.293,16.707a1,1,0,0,1,0-1.414L13.586,12,10.293,8.707a1,1,0,1,1,1.414-1.414l4,4a1,1,0,0,1,0,1.414l-4,4a1,1,0,0,1-1.414,0Z\" fill=\"#F7F7F7\"><\/path><\/g><\/svg>\n                <\/a>\n                    <\/div>\n    <\/div>\n<!-- <\/div> --><\/div>","protected":false},"excerpt":{"rendered":"<p>Roupas Gr\u00e1tis Sabe como voc\u00ea pode conseguir roupas gr\u00e1tis?<\/p>","protected":false},"author":4,"featured_media":0,"parent":0,"menu_order":0,"comment_status":"closed","ping_status":"closed","template":"blank-page.php","meta":{"footnotes":""},"class_list":["post-1120","page","type-page","status-publish","hentry","entry"],"_links":{"self":[{"href":"https:\/\/gohotsite.com\/it\/wp-json\/wp\/v2\/pages\/1120","targetHints":{"allow":["GET"]}}],"collection":[{"href":"https:\/\/gohotsite.com\/it\/wp-json\/wp\/v2\/pages"}],"about":[{"href":"https:\/\/gohotsite.com\/it\/wp-json\/wp\/v2\/types\/page"}],"author":[{"embeddable":true,"href":"https:\/\/gohotsite.com\/it\/wp-json\/wp\/v2\/users\/4"}],"replies":[{"embeddable":true,"href":"https:\/\/gohotsite.com\/it\/wp-json\/wp\/v2\/comments?post=1120"}],"version-history":[{"count":5,"href":"https:\/\/gohotsite.com\/it\/wp-json\/wp\/v2\/pages\/1120\/revisions"}],"predecessor-version":[{"id":1199,"href":"https:\/\/gohotsite.com\/it\/wp-json\/wp\/v2\/pages\/1120\/revisions\/1199"}],"wp:attachment":[{"href":"https:\/\/gohotsite.com\/it\/wp-json\/wp\/v2\/media?parent=1120"}],"curies":[{"name":"wp","href":"https:\/\/api.w.org\/{rel}","templated":true}]}}