{"id":3,"date":"2024-03-25T20:34:32","date_gmt":"2024-03-25T20:34:32","guid":{"rendered":"https:\/\/gohotsite.com\/?page_id=3"},"modified":"2026-02-27T13:32:01","modified_gmt":"2026-02-27T13:32:01","slug":"privacy-policy","status":"publish","type":"page","link":"https:\/\/gohotsite.com\/it\/privacy-policy\/","title":{"rendered":"politica sulla riservatezza"},"content":{"rendered":"<p>La tua privacy \u00e8 importante per noi. \u00c8 politica del sito GoHot rispettare la tua privacy in relazione a qualsiasi informazione che potremmo raccogliere da te sul sito GoHot e su altri siti di nostra propriet\u00e0 e gestiti da noi.<\/p>\n\n\n\n<p>Richiediamo informazioni personali solo quando sono effettivamente necessarie per fornirti un servizio. Lo facciamo in modo corretto e lecito, con la tua conoscenza e il tuo consenso. Ti informiamo inoltre sul motivo della raccolta e su come verranno utilizzate.<\/p>\n\n\n\n<p>Conserviamo le informazioni raccolte solo per il tempo necessario a fornire il servizio richiesto. Quando memorizziamo i dati, li proteggiamo con mezzi commercialmente accettabili per prevenire perdite e furti, nonch\u00e9 accessi, divulgazioni, copie, utilizzi o modifiche non autorizzati.<\/p>\n\n\n\n<p>Non condividiamo informazioni personali identificabili pubblicamente o con terze parti, salvo nei casi previsti dalla legge.<\/p>\n\n\n\n<p>Il nostro sito web potrebbe contenere link a siti esterni non gestiti da noi. Si prega di notare che non abbiamo alcun controllo sul contenuto e sulle pratiche di questi siti e non possiamo assumerci alcuna responsabilit\u00e0 per le rispettive politiche sulla privacy.<\/p>\n\n\n\n<p>Sei libero di rifiutare la nostra richiesta di informazioni personali, tenendo presente che potremmo non essere in grado di fornirti alcuni dei servizi che desideri.<\/p>\n\n\n\n<p>Continuando a utilizzare il nostro sito web, si accetta implicitamente la nostra politica in materia di privacy e trattamento dei dati personali. Per qualsiasi domanda sul trattamento dei dati degli utenti, non esitate a contattarci.<\/p>\n\n\n\n<h2 class=\"wp-block-heading\">Sicurezza e affidabilit\u00e0 del sito GoHot<\/h2>\n\n\n\n<p>Il sito web \u00e8 affidabile e sicuro per la navigazione degli utenti, come indicato dalla verifica. La pagina controlla le informazioni del sito web per identificare potenziali problemi di sicurezza. La cronologia di navigazione verificata dallo strumento di sicurezza di Google dimostra che il sito web \u00e8 sicuro.<\/p>\n\n\n\n<h2 class=\"wp-block-heading\">Informativa sui cookie<\/h2>\n\n\n\n<h3 class=\"wp-block-heading\">Cosa sono i cookie?<\/h3>\n\n\n\n<p>Come avviene nella maggior parte dei siti web professionali, anche questo sito utilizza i cookie, ovvero piccoli file scaricati sul tuo computer, per migliorare la tua esperienza di navigazione.<\/p>\n\n\n\n<h3 class=\"wp-block-heading\">Come utilizziamo i cookie?<\/h3>\n\n\n\n<p>Utilizziamo i cookie per diverse ragioni, descritte di seguito. In molti casi, non esistono opzioni standard per disabilitare i cookie senza compromettere la funzionalit\u00e0.<\/p>\n\n\n\n<h3 class=\"wp-block-heading\">Disabilita i cookie<\/h3>\n\n\n\n<p>\u00c8 possibile impedire l&#039;installazione dei cookie modificando le impostazioni del browser. Tieni presente che la disabilitazione dei cookie potrebbe compromettere il funzionamento di questo e di altri siti web.<\/p>\n\n\n\n<h3 class=\"wp-block-heading\">Cookie che impostiamo<\/h3>\n\n\n\n<h4 class=\"wp-block-heading\">Cookie relativi all&#039;account<\/h4>\n\n\n\n<p>Utilizzato per gestire il processo di registrazione e l&#039;amministrazione generale dell&#039;account.<\/p>\n\n\n\n<h4 class=\"wp-block-heading\">Cookie relativi all&#039;accesso<\/h4>\n\n\n\n<p>Ricordano le tue informazioni di accesso mentre navighi sul sito web.<\/p>\n\n\n\n<h4 class=\"wp-block-heading\">Cookie relativi alle newsletter via email<\/h4>\n\n\n\n<p>Ricordi se sei gi\u00e0 iscritto alle nostre newsletter?.<\/p>\n\n\n\n<h4 class=\"wp-block-heading\">Cookie di elaborazione degli ordini<\/h4>\n\n\n\n<p>Indispensabile per ricordare gli articoli presenti tra le pagine durante lo shopping.<\/p>\n\n\n\n<h4 class=\"wp-block-heading\">Cookie relativi alle ricerche<\/h4>\n\n\n\n<p>Utilizzato per tenere traccia delle partecipazioni e mantenere risultati accurati.<\/p>\n\n\n\n<h4 class=\"wp-block-heading\">Cookie relativi ai moduli<\/h4>\n\n\n\n<p>Memorizzano i dati inviati tramite i moduli per un successivo completamento.<\/p>\n\n\n\n<h4 class=\"wp-block-heading\">Cookie di preferenza del sito<\/h4>\n\n\n\n<p>Memorizzano le tue impostazioni e preferenze di navigazione.<\/p>\n\n\n\n<h3 class=\"wp-block-heading\">Cookie di terze parti<\/h3>\n\n\n\n<p>In alcuni casi particolari, utilizziamo cookie di terze parti fidate.<\/p>\n\n\n\n<h4 class=\"wp-block-heading\">Google Analytics<\/h4>\n\n\n\n<p>Utilizziamo Google Analytics per capire come utilizzi il sito web.<\/p>\n\n\n\n<p>Per ulteriori informazioni, si prega di visitare la pagina ufficiale di Google Analytics.<\/p>\n\n\n\n<h4 class=\"wp-block-heading\">Strumenti di analisi di terze parti<\/h4>\n\n\n\n<p>Utilizzato per misurare il comportamento degli utenti e migliorare l&#039;esperienza sul sito web.<\/p>\n\n\n\n<h4 class=\"wp-block-heading\">Test di funzionalit\u00e0<\/h4>\n\n\n\n<p>Utilizzato durante la fase di test di nuove funzionalit\u00e0 per garantirne la coerenza.<\/p>\n\n\n\n<h4 class=\"wp-block-heading\">Statistiche sull&#039;e-commerce<\/h4>\n\n\n\n<p>Misurano quanti visitatori effettuano acquisti e aiutano nelle previsioni commerciali.<\/p>\n\n\n\n<h2 class=\"wp-block-heading\">Preferenze pubblicitarie e opzioni di disattivazione<\/h2>\n\n\n\n<p>Puoi gestire le tue preferenze pubblicitarie e limitare l&#039;utilizzo dei tuoi dati per la pubblicit\u00e0 personalizzata tramite strumenti esterni. Per modificare la modalit\u00e0 di visualizzazione degli annunci, vai a [link\/nome dello strumento]. \n<a href=\"https:\/\/www.google.com\/settings\/ads\" target=\"_blank\">Gestione preferenze annunci Google<\/a>.<\/p>\n\n\n\n<p>Se desideri disattivare gli annunci personalizzati, puoi anche utilizzare meccanismi indipendenti come:<\/p>\n\n\n\n<ul class=\"wp-block-list\">\n<li><a href=\"https:\/\/optout.networkadvertising.org\/\" target=\"_blank\">Opzione di disattivazione della Network Advertising Initiative (NAI)<\/a><\/li>\n\n\n\n<li><a href=\"https:\/\/optout.aboutads.info\/\" target=\"_blank\">Opzione di disattivazione della Digital Advertising Alliance (DAA)<\/a><\/li>\n<\/ul>\n\n\n\n<p>Questi sistemi consentono di controllare la raccolta e l&#039;utilizzo dei cookie da parte di diversi servizi di pubblicit\u00e0 digitale.<\/p>\n\n\n\n<h2 class=\"wp-block-heading\">Impegno dell&#039;utente<\/h2>\n\n\n\n<p>L&#039;utente accetta di:<\/p>\n\n\n\n<ul class=\"wp-block-list\">\n<li>Non intraprendere attivit\u00e0 illegali o contrarie alla buona fede e all&#039;ordine pubblico.<\/li>\n\n\n\n<li>Non diffondere contenuti illegali, razzisti, xenofobi, relativi al gioco d&#039;azzardo, alla pornografia illegale, al terrorismo o che violino i diritti umani.<\/li>\n\n\n\n<li>Non arrecare danni ai sistemi fisici o logici del sito GoHot o di terzi.<\/li>\n\n\n\n<li>Non introdurre virus o software dannosi.<\/li>\n<\/ul>\n\n\n\n<h2 class=\"wp-block-heading\">Cookie di blocco<\/h2>\n\n\n\n<p>\u00c8 possibile bloccare i cookie in qualsiasi momento nelle impostazioni del browser.<\/p>\n\n\n\n<p>Guide di aiuto:<\/p>\n\n\n\n<ul class=\"wp-block-list\">\n<li><a href=\"https:\/\/support.google.com\/chrome\/answer\/95647\">Google Chrome<\/a><\/li>\n\n\n\n<li><a href=\"https:\/\/support.mozilla.org\/pt-BR\/kb\/desative-cookies-terceiros-impedir-rastreamento\">Firefox<\/a><\/li>\n\n\n\n<li><a href=\"https:\/\/support.microsoft.com\/pt-br\/windows\/gerencie-cookies-no-microsoft-edge-exibir-permitir-bloquear-excluir-e-usar-168dab11-0753-043d-7c16-ede5947fc64d\">Microsoft Edge<\/a><\/li>\n\n\n\n<li><a href=\"https:\/\/help.opera.com\/en\/latest\/web-preferences\/#cookies\">Opera<\/a><\/li>\n\n\n\n<li><a href=\"https:\/\/support.apple.com\/pt-br\/HT201265\">Safari<\/a><\/li>\n<\/ul>\n\n\n\n<h2 class=\"wp-block-heading\">Ulteriori informazioni<\/h2>\n\n\n\n<p>Ci auguriamo che queste informazioni siano chiare. In caso di dubbi sulla necessit\u00e0 di disabilitare i cookie, \u00e8 pi\u00f9 sicuro lasciarli abilitati.<\/p>\n\n\n\n<p>La presente politica entra in vigore a partire dal: <strong>Febbraio 2026<\/strong>.<\/p>","protected":false},"excerpt":{"rendered":"<p>A sua privacidade \u00e9 importante para n\u00f3s. \u00c9 pol\u00edtica do GoHot Site respeitar a sua privacidade em rela\u00e7\u00e3o a qualquer informa\u00e7\u00e3o sua&#8230;<\/p>","protected":false},"author":1,"featured_media":0,"parent":0,"menu_order":0,"comment_status":"closed","ping_status":"open","template":"","meta":{"footnotes":""},"class_list":["post-3","page","type-page","status-publish","hentry","entry"],"_links":{"self":[{"href":"https:\/\/gohotsite.com\/it\/wp-json\/wp\/v2\/pages\/3","targetHints":{"allow":["GET"]}}],"collection":[{"href":"https:\/\/gohotsite.com\/it\/wp-json\/wp\/v2\/pages"}],"about":[{"href":"https:\/\/gohotsite.com\/it\/wp-json\/wp\/v2\/types\/page"}],"author":[{"embeddable":true,"href":"https:\/\/gohotsite.com\/it\/wp-json\/wp\/v2\/users\/1"}],"replies":[{"embeddable":true,"href":"https:\/\/gohotsite.com\/it\/wp-json\/wp\/v2\/comments?post=3"}],"version-history":[{"count":8,"href":"https:\/\/gohotsite.com\/it\/wp-json\/wp\/v2\/pages\/3\/revisions"}],"predecessor-version":[{"id":4089,"href":"https:\/\/gohotsite.com\/it\/wp-json\/wp\/v2\/pages\/3\/revisions\/4089"}],"wp:attachment":[{"href":"https:\/\/gohotsite.com\/it\/wp-json\/wp\/v2\/media?parent=3"}],"curies":[{"name":"wp","href":"https:\/\/api.w.org\/{rel}","templated":true}]}}