{"id":3,"date":"2024-03-25T20:34:32","date_gmt":"2024-03-25T20:34:32","guid":{"rendered":"https:\/\/gohotsite.com\/?page_id=3"},"modified":"2026-02-27T13:32:01","modified_gmt":"2026-02-27T13:32:01","slug":"privacy-policy","status":"publish","type":"page","link":"https:\/\/gohotsite.com\/ja\/privacy-policy\/","title":{"rendered":"\u30d7\u30e9\u30a4\u30d0\u30b7\u30fc\u30dd\u30ea\u30b7\u30fc"},"content":{"rendered":"<p>\u304a\u5ba2\u69d8\u306e\u30d7\u30e9\u30a4\u30d0\u30b7\u30fc\u306f\u5f53\u793e\u306b\u3068\u3063\u3066\u91cd\u8981\u3067\u3059\u3002GoHot Site\u306f\u3001GoHot Site\u304a\u3088\u3073\u5f53\u793e\u304c\u6240\u6709\u30fb\u904b\u55b6\u3059\u308b\u305d\u306e\u4ed6\u306e\u30b5\u30a4\u30c8\u3067\u304a\u5ba2\u69d8\u304b\u3089\u53ce\u96c6\u3059\u308b\u3042\u3089\u3086\u308b\u60c5\u5831\u306b\u95a2\u3057\u3066\u3001\u304a\u5ba2\u69d8\u306e\u30d7\u30e9\u30a4\u30d0\u30b7\u30fc\u3092\u5c0a\u91cd\u3059\u308b\u3053\u3068\u3092\u65b9\u91dd\u3068\u3057\u3066\u3044\u307e\u3059\u3002.<\/p>\n\n\n\n<p>\u5f53\u793e\u306f\u3001\u304a\u5ba2\u69d8\u306b\u30b5\u30fc\u30d3\u30b9\u3092\u63d0\u4f9b\u3059\u308b\u305f\u3081\u306b\u771f\u306b\u5fc5\u8981\u3068\u306a\u308b\u5834\u5408\u306b\u306e\u307f\u3001\u500b\u4eba\u60c5\u5831\u306e\u63d0\u4f9b\u3092\u304a\u9858\u3044\u3057\u3066\u304a\u308a\u307e\u3059\u3002\u305d\u306e\u969b\u3001\u304a\u5ba2\u69d8\u306e\u3054\u627f\u77e5\u3068\u3054\u540c\u610f\u3092\u5f97\u305f\u4e0a\u3067\u3001\u516c\u6b63\u304b\u3064\u5408\u6cd5\u7684\u306a\u65b9\u6cd5\u3067\u60c5\u5831\u3092\u53ce\u96c6\u3044\u305f\u3057\u307e\u3059\u3002\u307e\u305f\u3001\u53ce\u96c6\u306e\u76ee\u7684\u3068\u5229\u7528\u65b9\u6cd5\u306b\u3064\u3044\u3066\u3082\u3054\u8aac\u660e\u3044\u305f\u3057\u307e\u3059\u3002.<\/p>\n\n\n\n<p>\u5f53\u793e\u306f\u3001\u3054\u4f9d\u983c\u3044\u305f\u3060\u3044\u305f\u30b5\u30fc\u30d3\u30b9\u3092\u63d0\u4f9b\u3059\u308b\u305f\u3081\u306b\u5fc5\u8981\u306a\u671f\u9593\u306e\u307f\u3001\u53ce\u96c6\u3057\u305f\u60c5\u5831\u3092\u4fdd\u6301\u3057\u307e\u3059\u3002\u30c7\u30fc\u30bf\u306e\u4fdd\u7ba1\u306b\u3042\u305f\u3063\u3066\u306f\u3001\u7d1b\u5931\u3084\u76d7\u96e3\u3001\u4e0d\u6b63\u30a2\u30af\u30bb\u30b9\u3001\u958b\u793a\u3001\u8907\u88fd\u3001\u4f7f\u7528\u3001\u6539\u5909\u3092\u9632\u6b62\u3059\u308b\u305f\u3081\u3001\u5546\u696d\u7684\u306b\u8a31\u5bb9\u3055\u308c\u308b\u7bc4\u56f2\u5185\u3067\u30c7\u30fc\u30bf\u3092\u4fdd\u8b77\u3057\u307e\u3059\u3002.<\/p>\n\n\n\n<p>\u5f53\u793e\u306f\u3001\u6cd5\u5f8b\u3067\u7fa9\u52d9\u4ed8\u3051\u3089\u308c\u3066\u3044\u308b\u5834\u5408\u3092\u9664\u304d\u3001\u500b\u4eba\u3092\u7279\u5b9a\u3067\u304d\u308b\u60c5\u5831\u3092\u4e00\u822c\u306b\u516c\u958b\u3057\u305f\u308a\u3001\u7b2c\u4e09\u8005\u3068\u5171\u6709\u3057\u305f\u308a\u3059\u308b\u3053\u3068\u306f\u3042\u308a\u307e\u305b\u3093\u3002.<\/p>\n\n\n\n<p>\u5f53\u30a6\u30a7\u30d6\u30b5\u30a4\u30c8\u306b\u306f\u3001\u5f53\u793e\u304c\u904b\u55b6\u3057\u3066\u3044\u306a\u3044\u5916\u90e8\u30b5\u30a4\u30c8\u3078\u306e\u30ea\u30f3\u30af\u304c\u542b\u307e\u308c\u3066\u3044\u308b\u5834\u5408\u304c\u3042\u308a\u307e\u3059\u3002\u3053\u308c\u3089\u306e\u30b5\u30a4\u30c8\u306e\u30b3\u30f3\u30c6\u30f3\u30c4\u3084\u904b\u55b6\u65b9\u6cd5\u306b\u3064\u3044\u3066\u306f\u5f53\u793e\u306f\u4e00\u5207\u7ba1\u7406\u3057\u3066\u304a\u3089\u305a\u3001\u305d\u308c\u305e\u308c\u306e\u30d7\u30e9\u30a4\u30d0\u30b7\u30fc\u30dd\u30ea\u30b7\u30fc\u306b\u3064\u3044\u3066\u3082\u8cac\u4efb\u3092\u8ca0\u3044\u304b\u306d\u307e\u3059\u306e\u3067\u3054\u4e86\u627f\u304f\u3060\u3055\u3044\u3002.<\/p>\n\n\n\n<p>\u500b\u4eba\u60c5\u5831\u306e\u63d0\u4f9b\u3092\u62d2\u5426\u3059\u308b\u6a29\u5229\u306f\u3042\u308a\u307e\u3059\u304c\u3001\u305d\u306e\u5834\u5408\u3001\u3054\u5e0c\u671b\u306e\u30b5\u30fc\u30d3\u30b9\u306e\u4e00\u90e8\u3092\u63d0\u4f9b\u3067\u304d\u306a\u304f\u306a\u308b\u53ef\u80fd\u6027\u304c\u3042\u308b\u3053\u3068\u3092\u3054\u4e86\u627f\u304f\u3060\u3055\u3044\u3002.<\/p>\n\n\n\n<p>\u5f53\u30a6\u30a7\u30d6\u30b5\u30a4\u30c8\u3092\u7d99\u7d9a\u3057\u3066\u3054\u5229\u7528\u3044\u305f\u3060\u304f\u5834\u5408\u3001\u30d7\u30e9\u30a4\u30d0\u30b7\u30fc\u304a\u3088\u3073\u500b\u4eba\u60c5\u5831\u306b\u95a2\u3059\u308b\u5f53\u793e\u306e\u65b9\u91dd\u306b\u540c\u610f\u3044\u305f\u3060\u3044\u305f\u3082\u306e\u3068\u307f\u306a\u3057\u307e\u3059\u3002\u30e6\u30fc\u30b6\u30fc\u30c7\u30fc\u30bf\u306e\u53d6\u308a\u6271\u3044\u306b\u3064\u3044\u3066\u3054\u8cea\u554f\u304c\u3042\u308b\u5834\u5408\u306f\u3001\u5f53\u793e\u307e\u3067\u304a\u554f\u3044\u5408\u308f\u305b\u304f\u3060\u3055\u3044\u3002.<\/p>\n\n\n\n<h2 class=\"wp-block-heading\">GoHot\u30b5\u30a4\u30c8\u306e\u30bb\u30ad\u30e5\u30ea\u30c6\u30a3\u3068\u4fe1\u983c\u6027<\/h2>\n\n\n\n<p>\u691c\u8a3c\u7d50\u679c\u304c\u793a\u3059\u3088\u3046\u306b\u3001\u3053\u306e\u30a6\u30a7\u30d6\u30b5\u30a4\u30c8\u306f\u4fe1\u983c\u6027\u304c\u9ad8\u304f\u3001\u30e6\u30fc\u30b6\u30fc\u304c\u5b89\u5168\u306b\u95b2\u89a7\u3067\u304d\u307e\u3059\u3002\u3053\u306e\u30da\u30fc\u30b8\u306f\u30a6\u30a7\u30d6\u30b5\u30a4\u30c8\u306e\u60c5\u5831\u3092\u30c1\u30a7\u30c3\u30af\u3057\u3001\u6f5c\u5728\u7684\u306a\u30bb\u30ad\u30e5\u30ea\u30c6\u30a3\u4e0a\u306e\u554f\u984c\u3092\u7279\u5b9a\u3057\u307e\u3059\u3002Google\u306e\u30bb\u30ad\u30e5\u30ea\u30c6\u30a3\u30c4\u30fc\u30eb\u306b\u3088\u3063\u3066\u691c\u8a3c\u3055\u308c\u305f\u95b2\u89a7\u5c65\u6b74\u306f\u3001\u3053\u306e\u30a6\u30a7\u30d6\u30b5\u30a4\u30c8\u304c\u5b89\u5168\u3067\u3042\u308b\u3053\u3068\u3092\u793a\u3057\u3066\u3044\u307e\u3059\u3002.<\/p>\n\n\n\n<h2 class=\"wp-block-heading\">\u30af\u30c3\u30ad\u30fc\u30dd\u30ea\u30b7\u30fc<\/h2>\n\n\n\n<h3 class=\"wp-block-heading\">\u30af\u30c3\u30ad\u30fc\u3068\u306f\u4f55\u3067\u3059\u304b\uff1f<\/h3>\n\n\n\n<p>\u307b\u307c\u3059\u3079\u3066\u306e\u30d7\u30ed\u30d5\u30a7\u30c3\u30b7\u30e7\u30ca\u30eb\u306a\u30a6\u30a7\u30d6\u30b5\u30a4\u30c8\u3067\u4e00\u822c\u7684\u306b\u884c\u308f\u308c\u3066\u3044\u308b\u3088\u3046\u306b\u3001\u3053\u306e\u30b5\u30a4\u30c8\u3067\u306f\u3001\u30e6\u30fc\u30b6\u30fc\u30a8\u30af\u30b9\u30da\u30ea\u30a8\u30f3\u30b9\u3092\u5411\u4e0a\u3055\u305b\u308b\u305f\u3081\u306b\u3001\u304a\u4f7f\u3044\u306e\u30b3\u30f3\u30d4\u30e5\u30fc\u30bf\u30fc\u306b\u30c0\u30a6\u30f3\u30ed\u30fc\u30c9\u3055\u308c\u308b\u5c0f\u3055\u306a\u30d5\u30a1\u30a4\u30eb\u3067\u3042\u308b\u30af\u30c3\u30ad\u30fc\u3092\u4f7f\u7528\u3057\u3066\u3044\u307e\u3059\u3002.<\/p>\n\n\n\n<h3 class=\"wp-block-heading\">\u30af\u30c3\u30ad\u30fc\u306f\u3069\u306e\u3088\u3046\u306b\u4f7f\u7528\u3055\u308c\u307e\u3059\u304b\uff1f<\/h3>\n\n\n\n<p>\u5f0a\u793e\u3067\u306f\u3001\u4ee5\u4e0b\u306b\u8a73\u8ff0\u3059\u308b\u3044\u304f\u3064\u304b\u306e\u7406\u7531\u3067\u30af\u30c3\u30ad\u30fc\u3092\u4f7f\u7528\u3057\u3066\u3044\u307e\u3059\u3002\u591a\u304f\u306e\u5834\u5408\u3001\u6a5f\u80fd\u6027\u3092\u640d\u306a\u3046\u3053\u3068\u306a\u304f\u30af\u30c3\u30ad\u30fc\u3092\u7121\u52b9\u306b\u3059\u308b\u6a19\u6e96\u7684\u306a\u65b9\u6cd5\u306f\u5b58\u5728\u3057\u307e\u305b\u3093\u3002.<\/p>\n\n\n\n<h3 class=\"wp-block-heading\">\u30af\u30c3\u30ad\u30fc\u3092\u7121\u52b9\u306b\u3059\u308b<\/h3>\n\n\n\n<p>\u30d6\u30e9\u30a6\u30b6\u306e\u8a2d\u5b9a\u3092\u5909\u66f4\u3059\u308b\u3053\u3068\u3067\u3001Cookie\u306e\u8a2d\u5b9a\u3092\u9632\u6b62\u3067\u304d\u307e\u3059\u3002\u305f\u3060\u3057\u3001Cookie\u3092\u7121\u52b9\u306b\u3059\u308b\u3068\u3001\u3053\u306e\u30a6\u30a7\u30d6\u30b5\u30a4\u30c8\u3084\u4ed6\u306e\u30a6\u30a7\u30d6\u30b5\u30a4\u30c8\u306e\u6a5f\u80fd\u306b\u5f71\u97ff\u304c\u51fa\u308b\u53ef\u80fd\u6027\u304c\u3042\u308b\u3053\u3068\u306b\u3054\u6ce8\u610f\u304f\u3060\u3055\u3044\u3002.<\/p>\n\n\n\n<h3 class=\"wp-block-heading\">\u5f53\u793e\u304c\u8a2d\u5b9a\u3059\u308b\u30af\u30c3\u30ad\u30fc<\/h3>\n\n\n\n<h4 class=\"wp-block-heading\">\u30a2\u30ab\u30a6\u30f3\u30c8\u95a2\u9023\u306e\u30af\u30c3\u30ad\u30fc<\/h4>\n\n\n\n<p>\u767b\u9332\u624b\u7d9a\u304d\u304a\u3088\u3073\u4e00\u822c\u7684\u306a\u30a2\u30ab\u30a6\u30f3\u30c8\u7ba1\u7406\u306b\u4f7f\u7528\u3055\u308c\u307e\u3059\u3002.<\/p>\n\n\n\n<h4 class=\"wp-block-heading\">\u30ed\u30b0\u30a4\u30f3\u95a2\u9023\u306e\u30af\u30c3\u30ad\u30fc<\/h4>\n\n\n\n<p>\u30a6\u30a7\u30d6\u30b5\u30a4\u30c8\u3092\u95b2\u89a7\u3057\u3066\u3044\u308b\u9593\u3001\u30ed\u30b0\u30a4\u30f3\u60c5\u5831\u304c\u8a18\u61b6\u3055\u308c\u307e\u3059\u3002.<\/p>\n\n\n\n<h4 class=\"wp-block-heading\">\u30e1\u30fc\u30eb\u30cb\u30e5\u30fc\u30b9\u30ec\u30bf\u30fc\u306b\u95a2\u9023\u3059\u308b\u30af\u30c3\u30ad\u30fc<\/h4>\n\n\n\n<p>\u5f0a\u793e\u306e\u30cb\u30e5\u30fc\u30b9\u30ec\u30bf\u30fc\u306b\u65e2\u306b\u3054\u767b\u9332\u3044\u305f\u3060\u3044\u3066\u3044\u308b\u304b\u3069\u3046\u304b\u3001\u899a\u3048\u3066\u3044\u3089\u3063\u3057\u3083\u3044\u307e\u3059\u304b\uff1f.<\/p>\n\n\n\n<h4 class=\"wp-block-heading\">\u6ce8\u6587\u51e6\u7406\u7528\u30af\u30c3\u30ad\u30fc<\/h4>\n\n\n\n<p>\u8cb7\u3044\u7269\u4e2d\u306b\u30da\u30fc\u30b8\u3092\u3081\u304f\u308b\u305f\u3073\u306b\u3001\u63a2\u3057\u3066\u3044\u308b\u5546\u54c1\u3092\u899a\u3048\u3066\u304a\u304f\u306e\u306b\u6b20\u304b\u305b\u306a\u3044\u3002.<\/p>\n\n\n\n<h4 class=\"wp-block-heading\">\u691c\u7d22\u306b\u95a2\u9023\u3059\u308b\u30af\u30c3\u30ad\u30fc<\/h4>\n\n\n\n<p>\u53c2\u52a0\u72b6\u6cc1\u3092\u8a18\u9332\u3057\u3001\u6b63\u78ba\u306a\u7d50\u679c\u3092\u7dad\u6301\u3059\u308b\u305f\u3081\u306b\u4f7f\u7528\u3055\u308c\u307e\u3059\u3002.<\/p>\n\n\n\n<h4 class=\"wp-block-heading\">\u30d5\u30a9\u30fc\u30e0\u95a2\u9023\u306e\u30af\u30c3\u30ad\u30fc<\/h4>\n\n\n\n<p>\u30d5\u30a9\u30fc\u30e0\u306b\u5165\u529b\u3055\u308c\u305f\u30c7\u30fc\u30bf\u306f\u3001\u5f8c\u3067\u5165\u529b\u3067\u304d\u308b\u3088\u3046\u306b\u4fdd\u5b58\u3055\u308c\u307e\u3059\u3002.<\/p>\n\n\n\n<h4 class=\"wp-block-heading\">\u30b5\u30a4\u30c8\u8a2d\u5b9a\u30af\u30c3\u30ad\u30fc<\/h4>\n\n\n\n<p>\u305d\u308c\u3089\u306f\u3042\u306a\u305f\u306e\u95b2\u89a7\u8a2d\u5b9a\u3068\u74b0\u5883\u8a2d\u5b9a\u3092\u4fdd\u5b58\u3057\u307e\u3059\u3002.<\/p>\n\n\n\n<h3 class=\"wp-block-heading\">\u30b5\u30fc\u30c9\u30d1\u30fc\u30c6\u30a3Cookie<\/h3>\n\n\n\n<p>\u7279\u5225\u306a\u5834\u5408\u3001\u5f53\u793e\u306f\u4fe1\u983c\u3067\u304d\u308b\u7b2c\u4e09\u8005\u304b\u3089\u306e\u30af\u30c3\u30ad\u30fc\u3092\u4f7f\u7528\u3057\u307e\u3059\u3002.<\/p>\n\n\n\n<h4 class=\"wp-block-heading\">Google\u30a2\u30ca\u30ea\u30c6\u30a3\u30af\u30b9<\/h4>\n\n\n\n<p>\u5f53\u30b5\u30a4\u30c8\u3067\u306f\u3001\u304a\u5ba2\u69d8\u306e\u30a6\u30a7\u30d6\u30b5\u30a4\u30c8\u5229\u7528\u72b6\u6cc1\u3092\u628a\u63e1\u3059\u308b\u305f\u3081\u306bGoogle Analytics\u3092\u4f7f\u7528\u3057\u3066\u3044\u307e\u3059\u3002.<\/p>\n\n\n\n<p>\u8a73\u7d30\u306b\u3064\u3044\u3066\u306f\u3001Google Analytics\u306e\u516c\u5f0f\u30da\u30fc\u30b8\u3092\u3054\u89a7\u304f\u3060\u3055\u3044\u3002.<\/p>\n\n\n\n<h4 class=\"wp-block-heading\">\u30b5\u30fc\u30c9\u30d1\u30fc\u30c6\u30a3\u306e\u5206\u6790\u30c4\u30fc\u30eb<\/h4>\n\n\n\n<p>\u30e6\u30fc\u30b6\u30fc\u306e\u884c\u52d5\u3092\u6e2c\u5b9a\u3057\u3001\u30a6\u30a7\u30d6\u30b5\u30a4\u30c8\u306e\u30e6\u30fc\u30b6\u30fc\u30a8\u30af\u30b9\u30da\u30ea\u30a8\u30f3\u30b9\u3092\u5411\u4e0a\u3055\u305b\u308b\u305f\u3081\u306b\u4f7f\u7528\u3055\u308c\u307e\u3059\u3002.<\/p>\n\n\n\n<h4 class=\"wp-block-heading\">\u6a5f\u80fd\u30c6\u30b9\u30c8<\/h4>\n\n\n\n<p>\u65b0\u6a5f\u80fd\u306e\u30c6\u30b9\u30c8\u6642\u306b\u3001\u4e00\u8cab\u6027\u3092\u78ba\u4fdd\u3059\u308b\u305f\u3081\u306b\u4f7f\u7528\u3055\u308c\u307e\u3059\u3002.<\/p>\n\n\n\n<h4 class=\"wp-block-heading\">\u96fb\u5b50\u5546\u53d6\u5f15\u7d71\u8a08<\/h4>\n\n\n\n<p>\u5f7c\u3089\u306f\u3001\u3069\u308c\u3060\u3051\u306e\u8a2a\u554f\u8005\u304c\u5546\u54c1\u3092\u8cfc\u5165\u3057\u3066\u3044\u308b\u304b\u3092\u6e2c\u5b9a\u3057\u3001\u4e8b\u696d\u4e88\u6e2c\u306b\u5f79\u7acb\u3066\u3066\u3044\u308b\u3002.<\/p>\n\n\n\n<h2 class=\"wp-block-heading\">\u5e83\u544a\u8a2d\u5b9a\u3068\u30aa\u30d7\u30c8\u30a2\u30a6\u30c8\u30aa\u30d7\u30b7\u30e7\u30f3<\/h2>\n\n\n\n<p>\u5916\u90e8\u30c4\u30fc\u30eb\u3092\u4f7f\u7528\u3059\u308b\u3053\u3068\u3067\u3001\u5e83\u544a\u8a2d\u5b9a\u3092\u7ba1\u7406\u3057\u3001\u30d1\u30fc\u30bd\u30ca\u30e9\u30a4\u30ba\u30c9\u5e83\u544a\u3078\u306e\u30c7\u30fc\u30bf\u5229\u7528\u3092\u5236\u9650\u3067\u304d\u307e\u3059\u3002\u5e83\u544a\u306e\u8868\u793a\u65b9\u6cd5\u3092\u8abf\u6574\u3059\u308b\u306b\u306f\u3001[\u30ea\u30f3\u30af\/\u30c4\u30fc\u30eb\u540d]\u306b\u30a2\u30af\u30bb\u30b9\u3057\u3066\u304f\u3060\u3055\u3044\u3002 \n<a href=\"https:\/\/www.google.com\/settings\/ads\" target=\"_blank\">Google\u5e83\u544a\u8a2d\u5b9a\u30de\u30cd\u30fc\u30b8\u30e3\u30fc<\/a>.<\/p>\n\n\n\n<p>\u30d1\u30fc\u30bd\u30ca\u30e9\u30a4\u30ba\u30c9\u5e83\u544a\u3092\u7121\u52b9\u306b\u3057\u305f\u3044\u5834\u5408\u306f\u3001\u6b21\u306e\u3088\u3046\u306a\u72ec\u7acb\u3057\u305f\u4ed5\u7d44\u307f\u3092\u4f7f\u7528\u3059\u308b\u3053\u3068\u3082\u3067\u304d\u307e\u3059\u3002<\/p>\n\n\n\n<ul class=\"wp-block-list\">\n<li><a href=\"https:\/\/optout.networkadvertising.org\/\" target=\"_blank\">\u30cd\u30c3\u30c8\u30ef\u30fc\u30af\u5e83\u544a\u30a4\u30cb\u30b7\u30a2\u30c1\u30d6\uff08NAI\uff09\u30aa\u30d7\u30c8\u30a2\u30a6\u30c8<\/a><\/li>\n\n\n\n<li><a href=\"https:\/\/optout.aboutads.info\/\" target=\"_blank\">\u30c7\u30b8\u30bf\u30eb\u5e83\u544a\u30a2\u30e9\u30a4\u30a2\u30f3\u30b9\uff08DAA\uff09\u30aa\u30d7\u30c8\u30a2\u30a6\u30c8<\/a><\/li>\n<\/ul>\n\n\n\n<p>\u3053\u308c\u3089\u306e\u30b7\u30b9\u30c6\u30e0\u3092\u5229\u7528\u3059\u308b\u3053\u3068\u3067\u3001\u69d8\u3005\u306a\u30c7\u30b8\u30bf\u30eb\u5e83\u544a\u30b5\u30fc\u30d3\u30b9\u306b\u3088\u308b\u30af\u30c3\u30ad\u30fc\u306e\u53ce\u96c6\u3068\u5229\u7528\u3092\u5236\u5fa1\u3067\u304d\u307e\u3059\u3002.<\/p>\n\n\n\n<h2 class=\"wp-block-heading\">\u30e6\u30fc\u30b6\u30fc\u306e\u30b3\u30df\u30c3\u30c8\u30e1\u30f3\u30c8<\/h2>\n\n\n\n<p>\u30e6\u30fc\u30b6\u30fc\u306f\u4ee5\u4e0b\u306e\u4e8b\u9805\u306b\u540c\u610f\u3059\u308b\u3082\u306e\u3068\u3057\u307e\u3059\u3002<\/p>\n\n\n\n<ul class=\"wp-block-list\">\n<li>\u9055\u6cd5\u884c\u70ba\u3001\u307e\u305f\u306f\u4fe1\u7fa9\u8aa0\u5b9f\u6027\u3084\u516c\u5171\u306e\u79e9\u5e8f\u306b\u53cd\u3059\u308b\u884c\u70ba\u306b\u5f93\u4e8b\u3057\u3066\u306f\u306a\u3089\u306a\u3044\u3002.<\/li>\n\n\n\n<li>\u9055\u6cd5\u3001\u4eba\u7a2e\u5dee\u5225\u7684\u3001\u5916\u56fd\u4eba\u5acc\u60aa\u7684\u3001\u30ae\u30e3\u30f3\u30d6\u30eb\u3001\u9055\u6cd5\u30dd\u30eb\u30ce\u3001\u30c6\u30ed\u95a2\u9023\u30b3\u30f3\u30c6\u30f3\u30c4\u3001\u307e\u305f\u306f\u4eba\u6a29\u3092\u4fb5\u5bb3\u3059\u308b\u30b3\u30f3\u30c6\u30f3\u30c4\u3092\u62e1\u6563\u3057\u306a\u3044\u3067\u304f\u3060\u3055\u3044\u3002.<\/li>\n\n\n\n<li>GoHot\u30b5\u30a4\u30c8\u307e\u305f\u306f\u7b2c\u4e09\u8005\u306e\u7269\u7406\u7684\u30b7\u30b9\u30c6\u30e0\u3084\u8ad6\u7406\u30b7\u30b9\u30c6\u30e0\u306b\u640d\u5bb3\u3092\u4e0e\u3048\u306a\u3044\u3067\u304f\u3060\u3055\u3044\u3002.<\/li>\n\n\n\n<li>\u30a6\u30a4\u30eb\u30b9\u3084\u6709\u5bb3\u306a\u30bd\u30d5\u30c8\u30a6\u30a7\u30a2\u3092\u5c0e\u5165\u3057\u306a\u3044\u3067\u304f\u3060\u3055\u3044\u3002.<\/li>\n<\/ul>\n\n\n\n<h2 class=\"wp-block-heading\">\u30af\u30c3\u30ad\u30fc\u3092\u30d6\u30ed\u30c3\u30af\u3059\u308b<\/h2>\n\n\n\n<p>\u30d6\u30e9\u30a6\u30b6\u306e\u8a2d\u5b9a\u3067\u3044\u3064\u3067\u3082Cookie\u3092\u30d6\u30ed\u30c3\u30af\u3067\u304d\u307e\u3059\u3002.<\/p>\n\n\n\n<p>\u30d8\u30eb\u30d7\u30ac\u30a4\u30c9\uff1a<\/p>\n\n\n\n<ul class=\"wp-block-list\">\n<li><a href=\"https:\/\/support.google.com\/chrome\/answer\/95647\">Google Chrome<\/a><\/li>\n\n\n\n<li><a href=\"https:\/\/support.mozilla.org\/pt-BR\/kb\/desative-cookies-terceiros-impedir-rastreamento\">\u30d5\u30a1\u30a4\u30a2\u30d5\u30a9\u30c3\u30af\u30b9<\/a><\/li>\n\n\n\n<li><a href=\"https:\/\/support.microsoft.com\/pt-br\/windows\/gerencie-cookies-no-microsoft-edge-exibir-permitir-bloquear-excluir-e-usar-168dab11-0753-043d-7c16-ede5947fc64d\">Microsoft Edge<\/a><\/li>\n\n\n\n<li><a href=\"https:\/\/help.opera.com\/en\/latest\/web-preferences\/#cookies\">\u30aa\u30da\u30e9<\/a><\/li>\n\n\n\n<li><a href=\"https:\/\/support.apple.com\/pt-br\/HT201265\">\u30b5\u30d5\u30a1\u30ea<\/a><\/li>\n<\/ul>\n\n\n\n<h2 class=\"wp-block-heading\">\u8a73\u7d30\u60c5\u5831<\/h2>\n\n\n\n<p>\u3053\u306e\u60c5\u5831\u304c\u5206\u304b\u308a\u3084\u3059\u3044\u3053\u3068\u3092\u9858\u3063\u3066\u3044\u307e\u3059\u3002\u30af\u30c3\u30ad\u30fc\u3092\u7121\u52b9\u306b\u3059\u308b\u5fc5\u8981\u304c\u3042\u308b\u304b\u3069\u3046\u304b\u4e0d\u660e\u306a\u5834\u5408\u306f\u3001\u6709\u52b9\u306b\u3057\u3066\u304a\u304f\u65b9\u304c\u5b89\u5168\u3067\u3059\u3002.<\/p>\n\n\n\n<p>\u3053\u306e\u30dd\u30ea\u30b7\u30fc\u306f\u4ee5\u4e0b\u304b\u3089\u6709\u52b9\u306b\u306a\u308a\u307e\u3059\u3002 <strong>2026\u5e742\u6708<\/strong>.<\/p>","protected":false},"excerpt":{"rendered":"<p>A sua privacidade \u00e9 importante para n\u00f3s. \u00c9 pol\u00edtica do GoHot Site respeitar a sua privacidade em rela\u00e7\u00e3o a qualquer informa\u00e7\u00e3o sua&#8230;<\/p>","protected":false},"author":1,"featured_media":0,"parent":0,"menu_order":0,"comment_status":"closed","ping_status":"open","template":"","meta":{"footnotes":""},"class_list":["post-3","page","type-page","status-publish","hentry","entry"],"_links":{"self":[{"href":"https:\/\/gohotsite.com\/ja\/wp-json\/wp\/v2\/pages\/3","targetHints":{"allow":["GET"]}}],"collection":[{"href":"https:\/\/gohotsite.com\/ja\/wp-json\/wp\/v2\/pages"}],"about":[{"href":"https:\/\/gohotsite.com\/ja\/wp-json\/wp\/v2\/types\/page"}],"author":[{"embeddable":true,"href":"https:\/\/gohotsite.com\/ja\/wp-json\/wp\/v2\/users\/1"}],"replies":[{"embeddable":true,"href":"https:\/\/gohotsite.com\/ja\/wp-json\/wp\/v2\/comments?post=3"}],"version-history":[{"count":8,"href":"https:\/\/gohotsite.com\/ja\/wp-json\/wp\/v2\/pages\/3\/revisions"}],"predecessor-version":[{"id":4089,"href":"https:\/\/gohotsite.com\/ja\/wp-json\/wp\/v2\/pages\/3\/revisions\/4089"}],"wp:attachment":[{"href":"https:\/\/gohotsite.com\/ja\/wp-json\/wp\/v2\/media?parent=3"}],"curies":[{"name":"wp","href":"https:\/\/api.w.org\/{rel}","templated":true}]}}