{"id":3,"date":"2024-03-25T20:34:32","date_gmt":"2024-03-25T20:34:32","guid":{"rendered":"https:\/\/gohotsite.com\/?page_id=3"},"modified":"2026-02-27T13:32:01","modified_gmt":"2026-02-27T13:32:01","slug":"privacy-policy","status":"publish","type":"page","link":"https:\/\/gohotsite.com\/ko\/privacy-policy\/","title":{"rendered":"\uac1c\uc778\uc815\ubcf4 \ubcf4\ud638\uc815\ucc45"},"content":{"rendered":"<p>\uc800\ud76c\ub294 \uace0\uac1d\ub2d8\uc758 \uac1c\uc778\uc815\ubcf4 \ubcf4\ud638\ub97c \uc911\uc694\ud558\uac8c \uc0dd\uac01\ud569\ub2c8\ub2e4. GoHot Site\ub294 GoHot Site \ubc0f \uc800\ud76c\uac00 \uc18c\uc720\ud558\uace0 \uc6b4\uc601\ud558\ub294 \ub2e4\ub978 \uc0ac\uc774\ud2b8\uc5d0\uc11c \uc218\uc9d1\ud558\ub294 \ubaa8\ub4e0 \uc815\ubcf4\uc5d0 \ub300\ud574 \uace0\uac1d\ub2d8\uc758 \uac1c\uc778\uc815\ubcf4\ub97c \uc874\uc911\ud558\ub294 \uac83\uc744 \uc6d0\uce59\uc73c\ub85c \ud569\ub2c8\ub2e4.<\/p>\n\n\n\n<p>\uc800\ud76c\ub294 \uc11c\ube44\uc2a4 \uc81c\uacf5\uc5d0 \uc815\ub9d0 \ud544\uc694\ud55c \uacbd\uc6b0\uc5d0\ub9cc \uac1c\uc778 \uc815\ubcf4\ub97c \uc694\uccad\ud569\ub2c8\ub2e4. \uc774\ub7ec\ud55c \uc815\ubcf4 \uc218\uc9d1\uc740 \uadc0\ud558\uc758 \ub3d9\uc758\ub97c \uc5bb\uc5b4 \uacf5\uc815\ud558\uace0 \ud569\ubc95\uc801\uc778 \ubc29\uc2dd\uc73c\ub85c \uc774\ub8e8\uc5b4\uc9c0\uba70, \uc218\uc9d1 \uc774\uc720\uc640 \uc0ac\uc6a9 \ubaa9\uc801\uc5d0 \ub300\ud574 \uc54c\ub824\ub4dc\ub9bd\ub2c8\ub2e4.<\/p>\n\n\n\n<p>\uc218\uc9d1\ub41c \uc815\ubcf4\ub294 \uc694\uccad\ud558\uc2e0 \uc11c\ube44\uc2a4\ub97c \uc81c\uacf5\ud558\ub294 \ub370 \ud544\uc694\ud55c \uae30\uac04 \ub3d9\uc548\ub9cc \ubcf4\uad00\ud569\ub2c8\ub2e4. \ub370\uc774\ud130 \uc800\uc7a5 \uc2dc, \uc190\uc2e4 \ubc0f \ub3c4\ub09c\uc740 \ubb3c\ub860 \ubb34\ub2e8 \uc811\uadfc, \uacf5\uac1c, \ubcf5\uc0ac, \uc0ac\uc6a9 \ub610\ub294 \uc218\uc815\uc744 \ubc29\uc9c0\ud558\uae30 \uc704\ud574 \uc0c1\uc5c5\uc801\uc73c\ub85c \ud5c8\uc6a9 \uac00\ub2a5\ud55c \uc218\uc900\uc758 \ubcf4\uc548 \uc870\uce58\ub97c \ucde8\ud569\ub2c8\ub2e4.<\/p>\n\n\n\n<p>\ubc95\ub960\uc5d0 \uc758\ud574 \uc694\uad6c\ub418\ub294 \uacbd\uc6b0\ub97c \uc81c\uc678\ud558\uace0\ub294 \uac1c\uc778 \uc2dd\ubcc4 \uc815\ubcf4\ub97c \uacf5\uac1c\uc801\uc73c\ub85c \ub610\ub294 \uc81c3\uc790\uc640 \uacf5\uc720\ud558\uc9c0 \uc54a\uc2b5\ub2c8\ub2e4.<\/p>\n\n\n\n<p>\uc800\ud76c \uc6f9\uc0ac\uc774\ud2b8\uc5d0\ub294 \uc800\ud76c\uac00 \uc6b4\uc601\ud558\uc9c0 \uc54a\ub294 \uc678\ubd80 \uc0ac\uc774\ud2b8\ub85c \uc5f0\uacb0\ub418\ub294 \ub9c1\ud06c\uac00 \ud3ec\ud568\ub420 \uc218 \uc788\uc2b5\ub2c8\ub2e4. \uc774\ub7ec\ud55c \uc0ac\uc774\ud2b8\uc758 \ucf58\ud150\uce20 \ubc0f \uc6b4\uc601 \ubc29\uc2dd\uc5d0 \ub300\ud574\uc11c\ub294 \uc800\ud76c\uac00 \ud1b5\uc81c\ud560 \uc218 \uc5c6\uc73c\uba70, \ud574\ub2f9 \uc0ac\uc774\ud2b8\uc758 \uac1c\uc778\uc815\ubcf4 \ubcf4\ud638\uc815\ucc45\uc5d0 \ub300\ud55c \ucc45\uc784\ub3c4 \uc9c0\uc9c0 \uc54a\uc2b5\ub2c8\ub2e4.<\/p>\n\n\n\n<p>\uadc0\ud558\ub294 \uac1c\uc778\uc815\ubcf4 \uc81c\uacf5 \uc694\uccad\uc744 \uac70\ubd80\ud560 \uc218 \uc788\uc9c0\ub9cc, \uc774 \uacbd\uc6b0 \uc6d0\ud558\ub294 \uc77c\ubd80 \uc11c\ube44\uc2a4\ub97c \uc81c\uacf5\ud574 \ub4dc\ub9b4 \uc218 \uc5c6\uc744 \uc218\ub3c4 \uc788\uc74c\uc744 \uc591\ud574\ud574 \uc8fc\uc2dc\uae30 \ubc14\ub78d\ub2c8\ub2e4.<\/p>\n\n\n\n<p>\uc800\ud76c \uc6f9\uc0ac\uc774\ud2b8\ub97c \uacc4\uc18d \uc774\uc6a9\ud558\uc2dc\uba74 \uac1c\uc778\uc815\ubcf4 \ubcf4\ud638 \ubc0f \uac1c\uc778\uc815\ubcf4 \ucc98\ub9ac\ubc29\uce68\uc5d0 \ub3d9\uc758\ud558\ub294 \uac83\uc73c\ub85c \uac04\uc8fc\ub429\ub2c8\ub2e4. \uc0ac\uc6a9\uc790 \ub370\uc774\ud130 \ucc98\ub9ac \ubc29\uc2dd\uc5d0 \ub300\ud55c \ubb38\uc758\uc0ac\ud56d\uc740 \uc5b8\uc81c\ub4e0\uc9c0 \uc5f0\ub77d\uc8fc\uc2dc\uae30 \ubc14\ub78d\ub2c8\ub2e4.<\/p>\n\n\n\n<h2 class=\"wp-block-heading\">GoHot \uc0ac\uc774\ud2b8\uc758 \ubcf4\uc548 \ubc0f \uc2e0\ub8b0\uc131<\/h2>\n\n\n\n<p>\uac80\uc99d \uacb0\uacfc\uc5d0 \ub530\ub974\uba74 \ud574\ub2f9 \uc6f9\uc0ac\uc774\ud2b8\ub294 \uc2e0\ub8b0\ud560 \uc218 \uc788\uace0 \uc0ac\uc6a9\uc790\uac00 \uc548\uc804\ud558\uac8c \uc774\uc6a9\ud560 \uc218 \uc788\uc2b5\ub2c8\ub2e4. \uc774 \ud398\uc774\uc9c0\ub294 \uc6f9\uc0ac\uc774\ud2b8 \uc815\ubcf4\ub97c \ud655\uc778\ud558\uc5ec \uc7a0\uc7ac\uc801\uc778 \ubcf4\uc548 \ubb38\uc81c\ub97c \uc2dd\ubcc4\ud569\ub2c8\ub2e4. Google \ubcf4\uc548 \ub3c4\uad6c\ub97c \ud1b5\ud574 \uac80\uc99d\ub41c \uac80\uc0c9 \uae30\ub85d \ub610\ud55c \ud574\ub2f9 \uc6f9\uc0ac\uc774\ud2b8\uac00 \uc548\uc804\ud568\uc744 \ubcf4\uc5ec\uc90d\ub2c8\ub2e4.<\/p>\n\n\n\n<h2 class=\"wp-block-heading\">\ucfe0\ud0a4 \uc815\ucc45<\/h2>\n\n\n\n<h3 class=\"wp-block-heading\">\ucfe0\ud0a4\ub780 \ubb34\uc5c7\uc778\uac00\uc694?<\/h3>\n\n\n\n<p>\uac70\uc758 \ubaa8\ub4e0 \uc804\ubb38 \uc6f9\uc0ac\uc774\ud2b8\uc5d0\uc11c \ud754\ud788 \ubcfc \uc218 \uc788\ub4ef\uc774, \uc774 \uc0ac\uc774\ud2b8\ub3c4 \uc0ac\uc6a9\uc790 \uacbd\ud5d8 \ud5a5\uc0c1\uc744 \uc704\ud574 \ucfe0\ud0a4(\uc0ac\uc6a9\uc790 \ucef4\ud4e8\ud130\uc5d0 \ub2e4\uc6b4\ub85c\ub4dc\ub418\ub294 \uc791\uc740 \ud30c\uc77c)\ub97c \uc0ac\uc6a9\ud569\ub2c8\ub2e4.<\/p>\n\n\n\n<h3 class=\"wp-block-heading\">\ucfe0\ud0a4\ub294 \uc5b4\ub5bb\uac8c \uc0ac\uc6a9\ub418\ub098\uc694?<\/h3>\n\n\n\n<p>\ub2f9\uc0ac\ub294 \uc544\ub798\uc5d0 \uc790\uc138\ud788 \uc124\uba85\ub41c \uc5ec\ub7ec \uac00\uc9c0 \uc774\uc720\ub85c \ucfe0\ud0a4\ub97c \uc0ac\uc6a9\ud569\ub2c8\ub2e4. \ub9ce\uc740 \uacbd\uc6b0, \uae30\ub2a5\uc744 \uc800\ud574\ud558\uc9c0 \uc54a\uace0 \ucfe0\ud0a4\ub97c \ube44\ud65c\uc131\ud654\ud560 \uc218 \uc788\ub294 \ud45c\uc900\uc801\uc778 \ubc29\ubc95\uc740 \uc5c6\uc2b5\ub2c8\ub2e4.<\/p>\n\n\n\n<h3 class=\"wp-block-heading\">\ucfe0\ud0a4 \uc0ac\uc6a9 \uc548 \ud568<\/h3>\n\n\n\n<p>\ube0c\ub77c\uc6b0\uc800 \uc124\uc815\uc744 \uc870\uc815\ud558\uc5ec \ucfe0\ud0a4 \uc124\uc815 \uc790\uccb4\ub97c \ucc28\ub2e8\ud560 \uc218 \uc788\uc2b5\ub2c8\ub2e4. \ub2e8, \ucfe0\ud0a4\ub97c \ube44\ud65c\uc131\ud654\ud558\uba74 \uc774 \uc6f9\uc0ac\uc774\ud2b8\ub97c \ube44\ub86f\ud55c \ub2e4\ub978 \uc6f9\uc0ac\uc774\ud2b8\uc758 \uae30\ub2a5\uc5d0 \uc601\ud5a5\uc744 \ubbf8\uce60 \uc218 \uc788\ub2e4\ub294 \uc810\uc744 \uc720\uc758\ud558\uc2ed\uc2dc\uc624.<\/p>\n\n\n\n<h3 class=\"wp-block-heading\">\uc800\ud76c\uac00 \uc124\uc815\ud55c \ucfe0\ud0a4<\/h3>\n\n\n\n<h4 class=\"wp-block-heading\">\uacc4\uc815 \uad00\ub828 \ucfe0\ud0a4<\/h4>\n\n\n\n<p>\ud68c\uc6d0\uac00\uc785 \uc808\ucc28 \ubc0f \uc77c\ubc18 \uacc4\uc815 \uad00\ub9ac\uc5d0 \uc0ac\uc6a9\ub429\ub2c8\ub2e4.<\/p>\n\n\n\n<h4 class=\"wp-block-heading\">\ub85c\uadf8\uc778 \uad00\ub828 \ucfe0\ud0a4<\/h4>\n\n\n\n<p>\uc6f9\uc0ac\uc774\ud2b8\ub97c \ud0d0\uc0c9\ud558\ub294 \ub3d9\uc548 \ub85c\uadf8\uc778 \uc815\ubcf4\ub97c \uae30\uc5b5\ud569\ub2c8\ub2e4.<\/p>\n\n\n\n<h4 class=\"wp-block-heading\">\uc774\uba54\uc77c \ub274\uc2a4\ub808\ud130 \uad00\ub828 \ucfe0\ud0a4<\/h4>\n\n\n\n<p>\uc800\ud76c \ub274\uc2a4\ub808\ud130\ub97c \uad6c\ub3c5\ud558\uc168\ub294\uc9c0 \uae30\uc5b5\ud558\uc2dc\ub098\uc694?.<\/p>\n\n\n\n<h4 class=\"wp-block-heading\">\uc8fc\ubb38 \ucc98\ub9ac \ucfe0\ud0a4<\/h4>\n\n\n\n<p>\uc1fc\ud551\ud560 \ub54c \ud398\uc774\uc9c0 \uc0ac\uc774\uc5d0\uc11c \ud544\uc694\ud55c \ubb3c\uac74\ub4e4\uc744 \uae30\uc5b5\ud558\ub294 \ub370 \ud544\uc218\uc801\uc785\ub2c8\ub2e4.<\/p>\n\n\n\n<h4 class=\"wp-block-heading\">\uac80\uc0c9 \uad00\ub828 \ucfe0\ud0a4<\/h4>\n\n\n\n<p>\ucc38\uc5ec \ud69f\uc218\ub97c \uae30\ub85d\ud558\uace0 \uc815\ud655\ud55c \uacb0\uacfc\ub97c \uc720\uc9c0\ud558\ub294 \ub370 \uc0ac\uc6a9\ub429\ub2c8\ub2e4.<\/p>\n\n\n\n<h4 class=\"wp-block-heading\">\uc591\uc2dd \uad00\ub828 \ucfe0\ud0a4<\/h4>\n\n\n\n<p>\uadf8\ub4e4\uc740 \uc591\uc2dd\uc5d0 \uc81c\ucd9c\ub41c \ub370\uc774\ud130\ub97c \uc800\uc7a5\ud558\uc5ec \ub098\uc911\uc5d0 \uc644\ub8cc\ud560 \uc218 \uc788\ub3c4\ub85d \ud569\ub2c8\ub2e4.<\/p>\n\n\n\n<h4 class=\"wp-block-heading\">\uc0ac\uc774\ud2b8 \ud658\uacbd\uc124\uc815 \ucfe0\ud0a4<\/h4>\n\n\n\n<p>\uc0ac\uc6a9\uc790\uc758 \ube0c\ub77c\uc6b0\uc9d5 \uc124\uc815\uacfc \ud658\uacbd\uc124\uc815\uc744 \uc800\uc7a5\ud569\ub2c8\ub2e4.<\/p>\n\n\n\n<h3 class=\"wp-block-heading\">\ud0c0\uc0ac \ucfe0\ud0a4<\/h3>\n\n\n\n<p>\ud2b9\uc815 \uacbd\uc6b0\uc5d0\ub294 \uc2e0\ub8b0\ud560 \uc218 \uc788\ub294 \uc81c3\uc790\ub85c\ubd80\ud130 \ucfe0\ud0a4\ub97c \uc0ac\uc6a9\ud569\ub2c8\ub2e4.<\/p>\n\n\n\n<h4 class=\"wp-block-heading\">\uad6c\uae00 \uc560\ub110\ub9ac\ud2f1\uc2a4<\/h4>\n\n\n\n<p>\uc800\ud76c\ub294 \uc0ac\uc6a9\uc790\uac00 \uc6f9\uc0ac\uc774\ud2b8\ub97c \uc5b4\ub5bb\uac8c \uc774\uc6a9\ud558\ub294\uc9c0 \ud30c\uc545\ud558\uae30 \uc704\ud574 \uad6c\uae00 \uc560\ub110\ub9ac\ud2f1\uc2a4\ub97c \uc0ac\uc6a9\ud569\ub2c8\ub2e4.<\/p>\n\n\n\n<p>\ub354 \uc790\uc138\ud55c \ub0b4\uc6a9\uc740 \uad6c\uae00 \uc560\ub110\ub9ac\ud2f1\uc2a4 \uacf5\uc2dd \ud398\uc774\uc9c0\ub97c \ucc38\uc870\ud558\uc138\uc694.<\/p>\n\n\n\n<h4 class=\"wp-block-heading\">\ud0c0\uc0ac \ubd84\uc11d \ub3c4\uad6c<\/h4>\n\n\n\n<p>\uc0ac\uc6a9\uc790 \ud589\ub3d9\uc744 \uce21\uc815\ud558\uace0 \uc6f9\uc0ac\uc774\ud2b8 \uacbd\ud5d8\uc744 \uac1c\uc120\ud558\ub294 \ub370 \uc0ac\uc6a9\ub429\ub2c8\ub2e4.<\/p>\n\n\n\n<h4 class=\"wp-block-heading\">\uae30\ub2a5 \ud14c\uc2a4\ud2b8<\/h4>\n\n\n\n<p>\uc0c8\ub85c\uc6b4 \uae30\ub2a5\uc744 \ud14c\uc2a4\ud2b8\ud560 \ub54c \uc77c\uad00\uc131\uc744 \ubcf4\uc7a5\ud558\uae30 \uc704\ud574 \uc0ac\uc6a9\ub429\ub2c8\ub2e4.<\/p>\n\n\n\n<h4 class=\"wp-block-heading\">\uc804\uc790\uc0c1\uac70\ub798 \ud1b5\uacc4<\/h4>\n\n\n\n<p>\uc774\ub4e4\uc740 \ubc29\ubb38\uac1d \uc911 \uc5bc\ub9c8\ub098 \ub9ce\uc740 \uc0ac\ub78c\uc774 \uad6c\ub9e4\ud558\ub294\uc9c0 \uce21\uc815\ud558\uace0 \uc0ac\uc5c5 \uc608\uce21\uc744 \ub3d5\uc2b5\ub2c8\ub2e4.<\/p>\n\n\n\n<h2 class=\"wp-block-heading\">\uad11\uace0 \uc120\ud638\ub3c4 \ubc0f \uc218\uc2e0 \uac70\ubd80 \uc635\uc158<\/h2>\n\n\n\n<p>\uc678\ubd80 \ub3c4\uad6c\ub97c \uc0ac\uc6a9\ud558\uc5ec \uad11\uace0 \ud658\uacbd\uc124\uc815\uc744 \uad00\ub9ac\ud558\uace0 \ub9de\ucda4\ud615 \uad11\uace0\ub97c \uc704\ud55c \ub370\uc774\ud130 \uc0ac\uc6a9\uc744 \uc81c\ud55c\ud560 \uc218 \uc788\uc2b5\ub2c8\ub2e4. \uad11\uace0 \ud45c\uc2dc \ubc29\uc2dd\uc744 \uc870\uc815\ud558\ub824\uba74 [\ub9c1\ud06c\/\ub3c4\uad6c \uc774\ub984]\uc73c\ub85c \uc774\ub3d9\ud558\uc138\uc694. \n<a href=\"https:\/\/www.google.com\/settings\/ads\" target=\"_blank\">Google Ads \ud658\uacbd\uc124\uc815 \uad00\ub9ac\uc790<\/a>.<\/p>\n\n\n\n<p>\ub9de\ucda4\ud615 \uad11\uace0\ub97c \ube44\ud65c\uc131\ud654\ud558\ub824\uba74 \ub2e4\uc74c\uacfc \uac19\uc740 \ub3c5\ub9bd\uc801\uc778 \ubc29\ubc95\uc744 \uc0ac\uc6a9\ud560 \uc218\ub3c4 \uc788\uc2b5\ub2c8\ub2e4.<\/p>\n\n\n\n<ul class=\"wp-block-list\">\n<li><a href=\"https:\/\/optout.networkadvertising.org\/\" target=\"_blank\">\ub124\ud2b8\uc6cc\ud06c \uad11\uace0 \uc774\ub2c8\uc154\ud2f0\ube0c(NAI) \uc218\uc2e0 \uac70\ubd80<\/a><\/li>\n\n\n\n<li><a href=\"https:\/\/optout.aboutads.info\/\" target=\"_blank\">\ub514\uc9c0\ud138 \uad11\uace0 \uc5f0\ud569(DAA) \uc218\uc2e0 \uac70\ubd80<\/a><\/li>\n<\/ul>\n\n\n\n<p>\uc774\ub7ec\ud55c \uc2dc\uc2a4\ud15c\uc744 \ud1b5\ud574 \ub2e4\uc591\ud55c \ub514\uc9c0\ud138 \uad11\uace0 \uc11c\ube44\uc2a4\uc758 \ucfe0\ud0a4 \uc218\uc9d1 \ubc0f \uc0ac\uc6a9\uc744 \uc81c\uc5b4\ud560 \uc218 \uc788\uc2b5\ub2c8\ub2e4.<\/p>\n\n\n\n<h2 class=\"wp-block-heading\">\uc0ac\uc6a9\uc790 \ucc38\uc5ec<\/h2>\n\n\n\n<p>\uc0ac\uc6a9\uc790\ub294 \ub2e4\uc74c \uc0ac\ud56d\uc5d0 \ub3d9\uc758\ud569\ub2c8\ub2e4:<\/p>\n\n\n\n<ul class=\"wp-block-list\">\n<li>\ubd88\ubc95\uc801\uc778 \ud65c\ub3d9\uc774\ub098 \uc2e0\uc758\uc131\uc2e4 \ubc0f \uacf5\uacf5\uc9c8\uc11c\uc5d0 \ubc18\ud558\ub294 \ud65c\ub3d9\uc5d0 \uac00\ub2f4\ud558\uc9c0 \ub9c8\uc2ed\uc2dc\uc624.<\/li>\n\n\n\n<li>\ubd88\ubc95\uc801\uc774\uac70\ub098, \uc778\uc885\ucc28\ubcc4\uc801\uc774\uac70\ub098, \uc678\uad6d\uc778 \ud610\uc624\uc801\uc774\uac70\ub098, \ub3c4\ubc15 \uad00\ub828 \ucf58\ud150\uce20, \ubd88\ubc95 \uc74c\ub780\ubb3c, \ud14c\ub7ec \uad00\ub828 \ucf58\ud150\uce20 \ub610\ub294 \uc778\uad8c\uc744 \uce68\ud574\ud558\ub294 \ucf58\ud150\uce20\ub97c \uc720\ud3ec\ud558\uc9c0 \ub9c8\uc2ed\uc2dc\uc624.<\/li>\n\n\n\n<li>GoHot \uc0ac\uc774\ud2b8 \ub610\ub294 \uc81c3\uc790\uc758 \ubb3c\ub9ac\uc801 \ub610\ub294 \ub17c\ub9ac\uc801 \uc2dc\uc2a4\ud15c\uc5d0 \uc190\ud574\ub97c \uc785\ud788\uc9c0 \ub9c8\uc2ed\uc2dc\uc624.<\/li>\n\n\n\n<li>\ubc14\uc774\ub7ec\uc2a4\ub098 \uc545\uc131 \uc18c\ud504\ud2b8\uc6e8\uc5b4\ub97c \uc720\uc785\uc2dc\ud0a4\uc9c0 \ub9c8\uc2ed\uc2dc\uc624.<\/li>\n<\/ul>\n\n\n\n<h2 class=\"wp-block-heading\">\ucfe0\ud0a4 \ucc28\ub2e8<\/h2>\n\n\n\n<p>\ube0c\ub77c\uc6b0\uc800 \uc124\uc815\uc5d0\uc11c \uc5b8\uc81c\ub4e0\uc9c0 \ucfe0\ud0a4\ub97c \ucc28\ub2e8\ud560 \uc218 \uc788\uc2b5\ub2c8\ub2e4.<\/p>\n\n\n\n<p>\ub3c4\uc6c0\ub9d0 \uac00\uc774\ub4dc:<\/p>\n\n\n\n<ul class=\"wp-block-list\">\n<li><a href=\"https:\/\/support.google.com\/chrome\/answer\/95647\">\uad6c\uae00 \ud06c\ub86c<\/a><\/li>\n\n\n\n<li><a href=\"https:\/\/support.mozilla.org\/pt-BR\/kb\/desative-cookies-terceiros-impedir-rastreamento\">\ud30c\uc774\uc5b4\ud3ed\uc2a4<\/a><\/li>\n\n\n\n<li><a href=\"https:\/\/support.microsoft.com\/pt-br\/windows\/gerencie-cookies-no-microsoft-edge-exibir-permitir-bloquear-excluir-e-usar-168dab11-0753-043d-7c16-ede5947fc64d\">\ub9c8\uc774\ud06c\ub85c\uc18c\ud504\ud2b8 \uc5e3\uc9c0<\/a><\/li>\n\n\n\n<li><a href=\"https:\/\/help.opera.com\/en\/latest\/web-preferences\/#cookies\">\uc624\ud398\ub77c<\/a><\/li>\n\n\n\n<li><a href=\"https:\/\/support.apple.com\/pt-br\/HT201265\">\uc6d0\uc815 \uc5ec\ud589<\/a><\/li>\n<\/ul>\n\n\n\n<h2 class=\"wp-block-heading\">\ub354 \uc790\uc138\ud55c \uc815\ubcf4<\/h2>\n\n\n\n<p>\uc774 \uc815\ubcf4\uac00 \uba85\ud655\ud558\uae38 \ubc14\ub78d\ub2c8\ub2e4. \ucfe0\ud0a4\ub97c \ube44\ud65c\uc131\ud654\ud574\uc57c \ud560\uc9c0 \uc5ec\ubd80\uac00 \ud655\uc2e4\ud558\uc9c0 \uc54a\uc740 \uacbd\uc6b0, \ud65c\uc131\ud654 \uc0c1\ud0dc\ub85c \uc720\uc9c0\ud558\ub294 \uac83\uc774 \ub354 \uc548\uc804\ud569\ub2c8\ub2e4.<\/p>\n\n\n\n<p>\uc774 \uc815\ucc45\uc740 \ub2e4\uc74c \ub0a0\uc9dc\ubd80\ud130 \ud6a8\ub825\uc774 \ubc1c\uc0dd\ud569\ub2c8\ub2e4: <strong>2026\ub144 2\uc6d4<\/strong>.<\/p>","protected":false},"excerpt":{"rendered":"<p>A sua privacidade \u00e9 importante para n\u00f3s. \u00c9 pol\u00edtica do GoHot Site respeitar a sua privacidade em rela\u00e7\u00e3o a qualquer informa\u00e7\u00e3o sua&#8230;<\/p>","protected":false},"author":1,"featured_media":0,"parent":0,"menu_order":0,"comment_status":"closed","ping_status":"open","template":"","meta":{"footnotes":""},"class_list":["post-3","page","type-page","status-publish","hentry","entry"],"_links":{"self":[{"href":"https:\/\/gohotsite.com\/ko\/wp-json\/wp\/v2\/pages\/3","targetHints":{"allow":["GET"]}}],"collection":[{"href":"https:\/\/gohotsite.com\/ko\/wp-json\/wp\/v2\/pages"}],"about":[{"href":"https:\/\/gohotsite.com\/ko\/wp-json\/wp\/v2\/types\/page"}],"author":[{"embeddable":true,"href":"https:\/\/gohotsite.com\/ko\/wp-json\/wp\/v2\/users\/1"}],"replies":[{"embeddable":true,"href":"https:\/\/gohotsite.com\/ko\/wp-json\/wp\/v2\/comments?post=3"}],"version-history":[{"count":8,"href":"https:\/\/gohotsite.com\/ko\/wp-json\/wp\/v2\/pages\/3\/revisions"}],"predecessor-version":[{"id":4089,"href":"https:\/\/gohotsite.com\/ko\/wp-json\/wp\/v2\/pages\/3\/revisions\/4089"}],"wp:attachment":[{"href":"https:\/\/gohotsite.com\/ko\/wp-json\/wp\/v2\/media?parent=3"}],"curies":[{"name":"wp","href":"https:\/\/api.w.org\/{rel}","templated":true}]}}