{"id":3,"date":"2024-03-25T20:34:32","date_gmt":"2024-03-25T20:34:32","guid":{"rendered":"https:\/\/gohotsite.com\/?page_id=3"},"modified":"2026-02-27T13:32:01","modified_gmt":"2026-02-27T13:32:01","slug":"privacy-policy","status":"publish","type":"page","link":"https:\/\/gohotsite.com\/nb\/privacy-policy\/","title":{"rendered":"Personvernerkl\u00e6ring"},"content":{"rendered":"<p>Ditt personvern er viktig for oss. Det er GoHot Sites policy \u00e5 respektere ditt personvern ang\u00e5ende all informasjon vi samler inn fra deg p\u00e5 GoHot-nettstedet og andre nettsteder vi eier og driver.<\/p>\n\n\n\n<p>Vi ber bare om personopplysninger n\u00e5r vi virkelig trenger dem for \u00e5 kunne tilby deg en tjeneste. Vi gj\u00f8r det p\u00e5 en rettferdig og lovlig m\u00e5te, med din viten og ditt samtykke. Vi informerer deg ogs\u00e5 om hvorfor vi samler dem inn og hvordan de vil bli brukt.<\/p>\n\n\n\n<p>Vi oppbevarer kun innsamlet informasjon s\u00e5 lenge det er n\u00f8dvendig for \u00e5 levere den forespurte tjenesten. N\u00e5r vi lagrer data, beskytter vi dem innenfor kommersielt akseptable metoder for \u00e5 forhindre tap og tyveri, samt uautorisert tilgang, avsl\u00f8ring, kopiering, bruk eller endring.<\/p>\n\n\n\n<p>Vi deler ikke personlig identifiserbar informasjon offentlig eller med tredjeparter, unntatt n\u00e5r det er p\u00e5krevd ved lov.<\/p>\n\n\n\n<p>Nettstedet v\u00e5rt kan inneholde lenker til eksterne nettsteder som ikke drives av oss. V\u00e6r oppmerksom p\u00e5 at vi ikke har kontroll over innholdet og praksisen p\u00e5 disse nettstedene, og vi kan ikke ta ansvar for deres respektive personvernregler.<\/p>\n\n\n\n<p>Du st\u00e5r fritt til \u00e5 avsl\u00e5 v\u00e5r foresp\u00f8rsel om personopplysninger, men du er klar over at vi kanskje ikke kan tilby noen av tjenestene du \u00f8nsker.<\/p>\n\n\n\n<p>Fortsatt bruk av nettstedet v\u00e5rt vil bli ansett som aksept av v\u00e5re retningslinjer ang\u00e5ende personvern og personlig informasjon. Hvis du har sp\u00f8rsm\u00e5l om hvordan vi h\u00e5ndterer brukerdata, kan du kontakte oss.<\/p>\n\n\n\n<h2 class=\"wp-block-heading\">Sikkerhet og tillit til GoHot-nettstedet<\/h2>\n\n\n\n<p>Nettstedet er p\u00e5litelig og trygt for brukersurfing, noe som indikeres av bekreftelsen. Siden sjekker nettstedsinformasjon for \u00e5 identifisere potensielle sikkerhetsproblemer. Nettleserloggen som er bekreftet av Googles sikkerhetsverkt\u00f8y, viser at nettstedet er sikkert.<\/p>\n\n\n\n<h2 class=\"wp-block-heading\">Informasjonskapsler<\/h2>\n\n\n\n<h3 class=\"wp-block-heading\">Hva er informasjonskapsler?<\/h3>\n\n\n\n<p>Som vanlig praksis p\u00e5 nesten alle profesjonelle nettsteder, bruker dette nettstedet informasjonskapsler, som er sm\u00e5 filer som lastes ned til datamaskinen din, for \u00e5 forbedre opplevelsen din.<\/p>\n\n\n\n<h3 class=\"wp-block-heading\">Hvordan bruker vi informasjonskapsler?<\/h3>\n\n\n\n<p>Vi bruker informasjonskapsler av flere grunner, som er beskrevet nedenfor. I mange tilfeller finnes det ingen standardalternativer for \u00e5 deaktivere informasjonskapsler uten at det g\u00e5r utover funksjonaliteten.<\/p>\n\n\n\n<h3 class=\"wp-block-heading\">Deaktiver informasjonskapsler<\/h3>\n\n\n\n<p>Du kan forhindre at informasjonskapsler lagres ved \u00e5 justere nettleserinnstillingene dine. Husk at deaktivering av dem kan p\u00e5virke funksjonaliteten til dette og andre nettsteder.<\/p>\n\n\n\n<h3 class=\"wp-block-heading\">Informasjonskapsler vi setter<\/h3>\n\n\n\n<h4 class=\"wp-block-heading\">Kontorelaterte informasjonskapsler<\/h4>\n\n\n\n<p>Brukes til \u00e5 administrere registreringsprosessen og generell kontoadministrasjon.<\/p>\n\n\n\n<h4 class=\"wp-block-heading\">Informasjonskapsler knyttet til p\u00e5logging<\/h4>\n\n\n\n<p>De husker innloggingsinformasjonen din mens du surfer p\u00e5 nettstedet.<\/p>\n\n\n\n<h4 class=\"wp-block-heading\">Informasjonskapsler knyttet til e-postnyhetsbrev<\/h4>\n\n\n\n<p>Husker du om du allerede abonnerer p\u00e5 nyhetsbrevene v\u00e5re?.<\/p>\n\n\n\n<h4 class=\"wp-block-heading\">Informasjonskapsler for ordrebehandling<\/h4>\n\n\n\n<p>Viktig for \u00e5 huske varer mellom sidene n\u00e5r du handler.<\/p>\n\n\n\n<h4 class=\"wp-block-heading\">Informasjonskapsler relatert til s\u00f8k<\/h4>\n\n\n\n<p>Brukes til \u00e5 huske deltakelser og opprettholde n\u00f8yaktige resultater.<\/p>\n\n\n\n<h4 class=\"wp-block-heading\">Skjemarelaterte informasjonskapsler<\/h4>\n\n\n\n<p>De lagrer data som sendes inn i skjemaer for senere utfylling.<\/p>\n\n\n\n<h4 class=\"wp-block-heading\">Informasjonskapsler for nettstedpreferanser<\/h4>\n\n\n\n<p>De lagrer nettleserinnstillingene og preferansene dine.<\/p>\n\n\n\n<h3 class=\"wp-block-heading\">Tredjeparts informasjonskapsler<\/h3>\n\n\n\n<p>I noen spesielle tilfeller bruker vi informasjonskapsler fra p\u00e5litelige tredjeparter.<\/p>\n\n\n\n<h4 class=\"wp-block-heading\">Google Analytics<\/h4>\n\n\n\n<p>Vi bruker Google Analytics for \u00e5 forst\u00e5 hvordan du bruker nettstedet.<\/p>\n\n\n\n<p>For mer informasjon, vennligst bes\u00f8k den offisielle Google Analytics-siden.<\/p>\n\n\n\n<h4 class=\"wp-block-heading\">Tredjeparts analyseverkt\u00f8y<\/h4>\n\n\n\n<p>Brukes til \u00e5 m\u00e5le brukeratferd og forbedre nettstedsopplevelsen.<\/p>\n\n\n\n<h4 class=\"wp-block-heading\">Funksjonalitetstester<\/h4>\n\n\n\n<p>Brukes ved testing av nye funksjoner for \u00e5 sikre konsistens.<\/p>\n\n\n\n<h4 class=\"wp-block-heading\">E-handelsstatistikk<\/h4>\n\n\n\n<p>De m\u00e5ler hvor mange bes\u00f8kende som foretar kj\u00f8p og hjelper med bedriftsprognoser.<\/p>\n\n\n\n<h2 class=\"wp-block-heading\">Annonseringsinnstillinger og alternativer for \u00e5 reservere seg<\/h2>\n\n\n\n<p>Du kan administrere annonseinnstillingene dine og begrense bruken av dataene dine til personlig tilpasset annonsering ved hjelp av eksterne verkt\u00f8y. For \u00e5 justere hvordan annonser vises for deg, g\u00e5 til [link\/tool name]. \n<a href=\"https:\/\/www.google.com\/settings\/ads\" target=\"_blank\">Google Annonseinnstillingsbehandling<\/a>.<\/p>\n\n\n\n<p>Hvis du \u00f8nsker \u00e5 deaktivere personlig tilpassede annonser, kan du ogs\u00e5 bruke uavhengige mekanismer som:<\/p>\n\n\n\n<ul class=\"wp-block-list\">\n<li><a href=\"https:\/\/optout.networkadvertising.org\/\" target=\"_blank\">Bortmelding fra Network Advertising Initiative (NAI)<\/a><\/li>\n\n\n\n<li><a href=\"https:\/\/optout.aboutads.info\/\" target=\"_blank\">Avmelding fra Digital Advertising Alliance (DAA)<\/a><\/li>\n<\/ul>\n\n\n\n<p>Disse systemene lar deg kontrollere innsamlingen og bruken av informasjonskapsler av ulike digitale annonseringstjenester.<\/p>\n\n\n\n<h2 class=\"wp-block-heading\">Brukerforpliktelse<\/h2>\n\n\n\n<p>Brukeren samtykker i \u00e5:<\/p>\n\n\n\n<ul class=\"wp-block-list\">\n<li>Ikke delta i ulovlige aktiviteter eller aktiviteter som strider mot god tro og offentlig orden.<\/li>\n\n\n\n<li>Ikke spre ulovlig, rasistisk, fremmedfiendtlig, gamblingrelatert, ulovlig pornografi, terroristisk innhold eller innhold som bryter med menneskerettighetene.<\/li>\n\n\n\n<li>Ikke for\u00e5rsake skade p\u00e5 de fysiske eller logiske systemene til GoHot-nettstedet eller tredjeparter.<\/li>\n\n\n\n<li>Ikke introduser virus eller skadelig programvare.<\/li>\n<\/ul>\n\n\n\n<h2 class=\"wp-block-heading\">Blokker informasjonskapsler<\/h2>\n\n\n\n<p>Du kan n\u00e5r som helst blokkere informasjonskapsler i nettleserinnstillingene dine.<\/p>\n\n\n\n<p>Hjelpeguider:<\/p>\n\n\n\n<ul class=\"wp-block-list\">\n<li><a href=\"https:\/\/support.google.com\/chrome\/answer\/95647\">Google Chrome<\/a><\/li>\n\n\n\n<li><a href=\"https:\/\/support.mozilla.org\/pt-BR\/kb\/desative-cookies-terceiros-impedir-rastreamento\">Firefox<\/a><\/li>\n\n\n\n<li><a href=\"https:\/\/support.microsoft.com\/pt-br\/windows\/gerencie-cookies-no-microsoft-edge-exibir-permitir-bloquear-excluir-e-usar-168dab11-0753-043d-7c16-ede5947fc64d\">Microsoft Edge<\/a><\/li>\n\n\n\n<li><a href=\"https:\/\/help.opera.com\/en\/latest\/web-preferences\/#cookies\">Opera<\/a><\/li>\n\n\n\n<li><a href=\"https:\/\/support.apple.com\/pt-br\/HT201265\">Safari<\/a><\/li>\n<\/ul>\n\n\n\n<h2 class=\"wp-block-heading\">Mer informasjon<\/h2>\n\n\n\n<p>Vi h\u00e5per denne informasjonen er tydelig. Hvis du er usikker p\u00e5 om du trenger \u00e5 deaktivere informasjonskapsler, er det tryggere \u00e5 la dem v\u00e6re aktivert.<\/p>\n\n\n\n<p>Denne policyen gjelder fra: <strong>Februar 2026<\/strong>.<\/p>","protected":false},"excerpt":{"rendered":"<p>A sua privacidade \u00e9 importante para n\u00f3s. \u00c9 pol\u00edtica do GoHot Site respeitar a sua privacidade em rela\u00e7\u00e3o a qualquer informa\u00e7\u00e3o sua&#8230;<\/p>","protected":false},"author":1,"featured_media":0,"parent":0,"menu_order":0,"comment_status":"closed","ping_status":"open","template":"","meta":{"footnotes":""},"class_list":["post-3","page","type-page","status-publish","hentry","entry"],"_links":{"self":[{"href":"https:\/\/gohotsite.com\/nb\/wp-json\/wp\/v2\/pages\/3","targetHints":{"allow":["GET"]}}],"collection":[{"href":"https:\/\/gohotsite.com\/nb\/wp-json\/wp\/v2\/pages"}],"about":[{"href":"https:\/\/gohotsite.com\/nb\/wp-json\/wp\/v2\/types\/page"}],"author":[{"embeddable":true,"href":"https:\/\/gohotsite.com\/nb\/wp-json\/wp\/v2\/users\/1"}],"replies":[{"embeddable":true,"href":"https:\/\/gohotsite.com\/nb\/wp-json\/wp\/v2\/comments?post=3"}],"version-history":[{"count":8,"href":"https:\/\/gohotsite.com\/nb\/wp-json\/wp\/v2\/pages\/3\/revisions"}],"predecessor-version":[{"id":4089,"href":"https:\/\/gohotsite.com\/nb\/wp-json\/wp\/v2\/pages\/3\/revisions\/4089"}],"wp:attachment":[{"href":"https:\/\/gohotsite.com\/nb\/wp-json\/wp\/v2\/media?parent=3"}],"curies":[{"name":"wp","href":"https:\/\/api.w.org\/{rel}","templated":true}]}}