{"id":110,"date":"2024-04-02T17:57:58","date_gmt":"2024-04-02T17:57:58","guid":{"rendered":"https:\/\/gohotsite.com\/?page_id=110"},"modified":"2026-02-27T13:35:11","modified_gmt":"2026-02-27T13:35:11","slug":"termos-de-uso","status":"publish","type":"page","link":"https:\/\/gohotsite.com\/no\/termos-de-uso\/","title":{"rendered":"Bruksvilk\u00e5r"},"content":{"rendered":"<ul class=\"wp-block-list\">\n<li>Vilk\u00e5r<\/li>\n<\/ul>\n\n\n\n<p>Ved \u00e5 g\u00e5 inn p\u00e5 Gohotsite-nettstedet, godtar du \u00e5 overholde disse tjenestevilk\u00e5rene, alle gjeldende lover og forskrifter, og samtykker i at du er ansvarlig for \u00e5 overholde alle gjeldende lokale lover. Hvis du ikke godtar noen av disse vilk\u00e5rene, er du forbudt \u00e5 bruke eller f\u00e5 tilgang til dette nettstedet. Materialene p\u00e5 dette nettstedet er beskyttet av gjeldende lover om opphavsrett og varemerker.<\/p>\n\n\n\n<ul start=\"2\" class=\"wp-block-list\">\n<li>Lisensbruk<\/li>\n<\/ul>\n\n\n\n<p>Det gis tillatelse til midlertidig \u00e5 laste ned \u00e9n kopi av materialene (informasjon eller programvare) p\u00e5 Gohotsite-nettstedet kun for personlig, ikke-kommersiell og midlertidig visning. Dette er tildeling av en lisens, ikke en overf\u00f8ring av eierskap, og under denne lisensen kan du ikke:<\/p>\n\n\n\n<p>Du har ikke lov til \u00e5 endre eller kopiere materialene; bruke materialene til kommersielle form\u00e5l eller til offentlig visning (kommersiell eller ikke-kommersiell); fors\u00f8ke \u00e5 dekompilere eller reversere programvare som finnes p\u00e5 Gohotsite-nettstedet; fjerne opphavsrettslige eller andre propriet\u00e6re merknader fra materialene; eller overf\u00f8re materialene til en annen person eller \u2018speile\u2019 materialene p\u00e5 en annen server. Denne lisensen skal automatisk opph\u00f8re hvis du bryter noen av disse restriksjonene, og kan sies opp av Gohotsite n\u00e5r som helst. N\u00e5r du avslutter visningen av disse materialene, eller n\u00e5r lisensen opph\u00f8rer, m\u00e5 du \u00f8delegge alt nedlastet materiale i din besittelse, enten i elektronisk eller trykt format.<\/p>\n\n\n\n<ul class=\"wp-block-list\">\n<li>Ansvarsfraskrivelse<\/li>\n<\/ul>\n\n\n\n<p>Materialene p\u00e5 Gohotsite-nettstedet leveres \u2018som de er\u2019. Gohotsite gir ingen garantier, verken uttrykte eller underforst\u00e5tte, og fraskriver seg herved alle andre garantier, inkludert, uten begrensning, underforst\u00e5tte garantier eller betingelser for salgbarhet, egnethet for et bestemt form\u00e5l eller ikke-krenkelse av immaterielle rettigheter eller andre brudd p\u00e5 rettigheter. Videre garanterer eller gir ikke Gohotsite noen representasjoner ang\u00e5ende n\u00f8yaktigheten, sannsynlige resultater eller p\u00e5liteligheten av bruken av materialene p\u00e5 nettstedet sitt eller p\u00e5 annen m\u00e5te relatert til slikt materiale eller p\u00e5 nettsteder lenket til dette nettstedet.<\/p>\n\n\n\n<ul class=\"wp-block-list\">\n<li>Begrensninger<\/li>\n<\/ul>\n\n\n\n<p>Gohotsite eller dets leverand\u00f8rer skal under ingen omstendigheter v\u00e6re ansvarlige for noen skader (inkludert, uten begrensning, skader for tap av data eller fortjeneste, eller p\u00e5 grunn av driftsavbrudd) som f\u00f8lge av bruk eller manglende evne til \u00e5 bruke materialene p\u00e5 Gohotsite, selv om Gohotsite eller en autorisert representant for Gohotsite har blitt varslet muntlig eller skriftlig om muligheten for slike skader. Fordi noen jurisdiksjoner ikke tillater begrensninger p\u00e5 underforst\u00e5tte garantier, eller begrensninger av ansvar for f\u00f8lgeskader eller tilfeldige skader, gjelder kanskje ikke disse begrensningene for deg.<\/p>\n\n\n\n<ul start=\"5\" class=\"wp-block-list\">\n<li>Materialpresisjon<\/li>\n<\/ul>\n\n\n\n<p>Materialene som vises p\u00e5 Gohotsite-nettstedet kan inneholde tekniske, typografiske eller fotografiske feil. Gohotsite garanterer ikke at noe materiale p\u00e5 nettstedet er n\u00f8yaktig, fullstendig eller oppdatert. Gohotsite kan n\u00e5r som helst gj\u00f8re endringer i materialene p\u00e5 nettstedet uten varsel. Gohotsite forplikter seg imidlertid ikke til \u00e5 oppdatere materialene.<\/p>\n\n\n\n<ul start=\"6\" class=\"wp-block-list\">\n<li>Lenker<\/li>\n<\/ul>\n\n\n\n<p>Gohotsite har ikke gjennomg\u00e5tt alle nettstedene som er lenket til nettstedet sitt, og er ikke ansvarlig for innholdet p\u00e5 noen av de lenkede nettstedene. Inkludering av en lenke inneb\u00e6rer ikke at Gohotsite godkjenner nettstedet. Bruk av lenkede nettsteder skjer p\u00e5 brukerens egen risiko.<\/p>\n\n\n\n<ul class=\"wp-block-list\">\n<li>Modifikasjoner<\/li>\n<\/ul>\n\n\n\n<p>Gohotsite kan endre disse tjenestevilk\u00e5rene n\u00e5r som helst uten forvarsel. Ved \u00e5 bruke dette nettstedet godtar du \u00e5 v\u00e6re bundet av den gjeldende versjonen av disse tjenestevilk\u00e5rene.<\/p>\n\n\n\n<ul class=\"wp-block-list\">\n<li>Gjeldende lov<\/li>\n<\/ul>\n\n\n\n<p><strong>Gjeldende lov<\/strong> Disse vilk\u00e5rene og betingelsene er underlagt og tolkes i samsvar med lovene i [Stat\/Land]. <strong>Den f\u00f8derale republikken Brasil<\/strong>. Forholdet som her er etablert mellom <strong>Gohotsite<\/strong> og brukeren observerer spesielt <strong>Generell lov om beskyttelse av personopplysninger (LGPD \u2013 lov nr. 13.709\/2018)<\/strong>, de <strong>Brasiliansk rettighetserkl\u00e6ring for internett (lov nr. 12.965\/2014)<\/strong> og den <strong>Forbrukervernloven (lov nr. 8.078\/1990)<\/strong>, der det er aktuelt.<\/p>\n\n\n\n<p><strong>Valgforum<\/strong> For \u00e5 l\u00f8se eventuelle tvister som m\u00e5tte oppst\u00e5 fra disse vilk\u00e5rene, velger partene <strong>Rett i distriktet S\u00e3o Paulo, SP<\/strong>, med utelukkelse av enhver annen, uansett hvor privilegert den m\u00e5tte v\u00e6re, til \u00e5 h\u00f8re og avgj\u00f8re eventuelle juridiske tvister.<\/p>","protected":false},"excerpt":{"rendered":"<p>Ao acessar ao site Gohotsite, concorda em cumprir estes termos de servi\u00e7o, todas as leis e regulamentos aplic\u00e1veis \u200b\u200be concorda que \u00e9&#8230;<\/p>","protected":false},"author":1,"featured_media":0,"parent":0,"menu_order":0,"comment_status":"closed","ping_status":"closed","template":"","meta":{"footnotes":""},"class_list":["post-110","page","type-page","status-publish","hentry","entry"],"_links":{"self":[{"href":"https:\/\/gohotsite.com\/no\/wp-json\/wp\/v2\/pages\/110","targetHints":{"allow":["GET"]}}],"collection":[{"href":"https:\/\/gohotsite.com\/no\/wp-json\/wp\/v2\/pages"}],"about":[{"href":"https:\/\/gohotsite.com\/no\/wp-json\/wp\/v2\/types\/page"}],"author":[{"embeddable":true,"href":"https:\/\/gohotsite.com\/no\/wp-json\/wp\/v2\/users\/1"}],"replies":[{"embeddable":true,"href":"https:\/\/gohotsite.com\/no\/wp-json\/wp\/v2\/comments?post=110"}],"version-history":[{"count":2,"href":"https:\/\/gohotsite.com\/no\/wp-json\/wp\/v2\/pages\/110\/revisions"}],"predecessor-version":[{"id":4091,"href":"https:\/\/gohotsite.com\/no\/wp-json\/wp\/v2\/pages\/110\/revisions\/4091"}],"wp:attachment":[{"href":"https:\/\/gohotsite.com\/no\/wp-json\/wp\/v2\/media?parent=110"}],"curies":[{"name":"wp","href":"https:\/\/api.w.org\/{rel}","templated":true}]}}