{"id":160,"date":"2024-04-24T22:52:38","date_gmt":"2024-04-24T22:52:38","guid":{"rendered":"https:\/\/gohotsite.com\/?page_id=160"},"modified":"2026-02-27T13:34:28","modified_gmt":"2026-02-27T13:34:28","slug":"sobre-nos","status":"publish","type":"page","link":"https:\/\/gohotsite.com\/no\/sobre-nos\/","title":{"rendered":"Om oss"},"content":{"rendered":"<p>O <strong>Gohotsite<\/strong> Vi ble f\u00f8dt med et m\u00e5l om \u00e5 forenkle reisen din i et univers av digitale forbindelser og teknologi anvendt i hverdagen. Vi er en portal som spesialiserer seg p\u00e5 \u00e5 forvandle kompleksiteten til moderne plattformer til reelle muligheter for deg til \u00e5 skille deg ut og kommunisere effektivt.<\/p>\n\n\n\n<h4 class=\"wp-block-heading\">V\u00e5rt redaksjonelle forslag og form\u00e5l<\/h4>\n\n\n\n<p>Vi vet at det kan v\u00e6re utfordrende \u00e5 navigere i apper og ny teknologi. V\u00e5r forpliktelse er \u00e5 levere direkte, nyttig og strengt oppdatert innhold. Vi kombinerer teknologi, atferd og kommunikasjon for \u00e5 hjelpe deg med \u00e5 ta tryggere og smartere valg, enten du \u00f8nsker et forhold, optimaliserer din tilstedev\u00e6relse p\u00e5 nett eller bruker digitale verkt\u00f8y.<\/p>\n\n\n\n<h4 class=\"wp-block-heading\">Hva du finner her <\/h4>\n\n\n\n<p>Innholds\u00f8kosystemet v\u00e5rt er delt inn i strategiske s\u00f8yler for \u00e5 dekke alle dine digitale behov:<\/p>\n\n\n\n<ul class=\"wp-block-list\">\n<li><strong>Datingapper:<\/strong> Omfattende analyser og strategier for plattformer som Tinder, Bumble, Happn og andre, som hjelper deg med \u00e5 lage profiler med h\u00f8y effekt og forst\u00e5 algoritmene.<\/li>\n\n\n\n<li><strong>Tips og livsstilsguide:<\/strong> Vi har utvidet fokuset v\u00e5rt til \u00e5 omfatte utover bare kamper. I denne kategorien tilbyr vi veiledninger om digital atferd, nettsikkerhet, nettetikette og praktiske tips for \u00e5 forbedre kommunikasjonen og produktiviteten din i ulike hverdagssammenhenger.<\/li>\n\n\n\n<li><strong>Sammenligninger og veiledninger:<\/strong> Vi evaluerer de viktigste verkt\u00f8yene og ressursene p\u00e5 markedet, og tilbyr detaljerte trinnvise veiledninger slik at du kan mestre funksjonene til hvert program med letthet og ansvar.<\/li>\n<\/ul>\n\n\n\n<h4 class=\"wp-block-heading\">V\u00e5r forretningsmodell<\/h4>\n\n\n\n<p>O <strong>Gohotsite<\/strong> Vi opererer som en gratis innholdsportal for leseren. Forretningsmodellen v\u00e5r er basert p\u00e5 digital annonsering og partnerskap med affiliate-markedsf\u00f8ring. Dette betyr at vi kan motta en provisjon n\u00e5r du klikker p\u00e5 lenker eller kj\u00f8per tjenester som anbefales i anmeldelsene v\u00e5re, uten ekstra kostnad for deg. Denne modellen sikrer uavhengigheten til redaksjonen v\u00e5r og opprettholdelsen av en struktur fokusert p\u00e5 research og redaksjonell kvalitet.<\/p>\n\n\n\n<p>Enten det er for \u00e5 m\u00f8te nye mennesker, f\u00e5 venner eller bare forst\u00e5 hvordan teknologi kan gj\u00f8re det sosiale livet ditt enklere, <strong>Gohotsite<\/strong> Dette er ditt utgangspunkt.<\/p>\n\n\n\n<p><strong>Velkomst.<\/strong> <em>Ditt neste steg i den digitale verden starter her.<\/em><\/p>\n\n\n\n<p><\/p>","protected":false},"excerpt":{"rendered":"<p>O Gohotsite nasceu com a miss\u00e3o de simplificar a sua jornada no universo das conex\u00f5es digitais e da tecnologia aplicada ao dia&#8230;<\/p>","protected":false},"author":1,"featured_media":0,"parent":0,"menu_order":0,"comment_status":"closed","ping_status":"closed","template":"","meta":{"footnotes":""},"class_list":["post-160","page","type-page","status-publish","hentry","entry"],"_links":{"self":[{"href":"https:\/\/gohotsite.com\/no\/wp-json\/wp\/v2\/pages\/160","targetHints":{"allow":["GET"]}}],"collection":[{"href":"https:\/\/gohotsite.com\/no\/wp-json\/wp\/v2\/pages"}],"about":[{"href":"https:\/\/gohotsite.com\/no\/wp-json\/wp\/v2\/types\/page"}],"author":[{"embeddable":true,"href":"https:\/\/gohotsite.com\/no\/wp-json\/wp\/v2\/users\/1"}],"replies":[{"embeddable":true,"href":"https:\/\/gohotsite.com\/no\/wp-json\/wp\/v2\/comments?post=160"}],"version-history":[{"count":3,"href":"https:\/\/gohotsite.com\/no\/wp-json\/wp\/v2\/pages\/160\/revisions"}],"predecessor-version":[{"id":4090,"href":"https:\/\/gohotsite.com\/no\/wp-json\/wp\/v2\/pages\/160\/revisions\/4090"}],"wp:attachment":[{"href":"https:\/\/gohotsite.com\/no\/wp-json\/wp\/v2\/media?parent=160"}],"curies":[{"name":"wp","href":"https:\/\/api.w.org\/{rel}","templated":true}]}}