{"id":1125,"date":"2025-04-20T07:15:01","date_gmt":"2025-04-20T07:15:01","guid":{"rendered":"https:\/\/gohotsite.com\/?page_id=1125"},"modified":"2025-05-03T05:00:30","modified_gmt":"2025-05-03T05:00:30","slug":"quiz-robux-gratis-roblox1","status":"publish","type":"page","link":"https:\/\/gohotsite.com\/pl\/quiz-robux-gratis-roblox1\/","title":{"rendered":"QUIZ ROBUX GR\u00c1TIS ROBLOX1"},"content":{"rendered":"<div class=\"wp-block-columns is-layout-flex wp-container-core-columns-is-layout-9d6595d7 wp-block-columns-is-layout-flex\">\n<div class=\"wp-block-column is-layout-flow wp-block-column-is-layout-flow\"><div class=\"wp-block-image\">\n<figure class=\"aligncenter size-full\"><img loading=\"lazy\" decoding=\"async\" width=\"96\" height=\"96\" src=\"https:\/\/gohotsite.com\/wp-content\/uploads\/2025\/04\/icons8-robux-96.png\" alt=\"\" class=\"wp-image-1128\"\/><\/figure>\n<\/div><\/div>\n<\/div>\n\n\n\n<h2 class=\"wp-block-heading\">Robux Gr\u00e1tis<\/h2>\n\n\n\n<p>Sabe como voc\u00ea pode conseguir Robux gr\u00e1tis?<\/p>\n\n\n<div class=\"lazyblock-cta-links-maior-11cDnn wp-block-lazyblock-cta-links-maior\">\n<!-- <div class=\"mt-5\"> -->\n    <!-- <div class=\"h-1 bg-gray-200 rounded overflow-hidden\">\n    <div class=\"w-16 h-full bg-custom\"><\/div>\n    <\/div> -->\n\n    <div class=\"mt-8 mb-8\">       \n        <div class=\"flex flex-col gap-2 mt-5\">\n                            <a style=\"padding-top: 20px !important;padding-bottom: 20px !important;\" class=\"cta-click1 flex justify-between items-center pl-4 pr-3 py-3 bg-custom rounded-lg text-white uppercase text-sm font-medium\" href=\"https:\/\/gohotsite.com\/pl\/como-ganhar-robux-gratis-dicas-e-truques-2025\/\" aria-label=\"SIM\">\n                    SIM                    <svg xmlns=\"http:\/\/www.w3.org\/2000\/svg\" width=\"24\" height=\"24\" viewbox=\"0 0 24 24\"><title>circle-ctrl-right<\/title><g fill=\"#F7F7F7\"><path d=\"M24,12A12,12,0,1,0,12,24,12.013,12.013,0,0,0,24,12ZM10.293,16.707a1,1,0,0,1,0-1.414L13.586,12,10.293,8.707a1,1,0,1,1,1.414-1.414l4,4a1,1,0,0,1,0,1.414l-4,4a1,1,0,0,1-1.414,0Z\" fill=\"#F7F7F7\"><\/path><\/g><\/svg>\n                <\/a>\n                            <a style=\"padding-top: 20px !important;padding-bottom: 20px !important;\" class=\"cta-click1 flex justify-between items-center pl-4 pr-3 py-3 bg-custom rounded-lg text-white uppercase text-sm font-medium\" href=\"https:\/\/gohotsite.com\/pl\/como-ganhar-robux-gratis-dicas-e-truques-2025\/\" aria-label=\"N\u00c3O\">\n                    N\u00c3O                    <svg xmlns=\"http:\/\/www.w3.org\/2000\/svg\" width=\"24\" height=\"24\" viewbox=\"0 0 24 24\"><title>circle-ctrl-right<\/title><g fill=\"#F7F7F7\"><path d=\"M24,12A12,12,0,1,0,12,24,12.013,12.013,0,0,0,24,12ZM10.293,16.707a1,1,0,0,1,0-1.414L13.586,12,10.293,8.707a1,1,0,1,1,1.414-1.414l4,4a1,1,0,0,1,0,1.414l-4,4a1,1,0,0,1-1.414,0Z\" fill=\"#F7F7F7\"><\/path><\/g><\/svg>\n                <\/a>\n                    <\/div>\n    <\/div>\n<!-- <\/div> --><\/div>\n\n\n<p><\/p>","protected":false},"excerpt":{"rendered":"<p>Robux Gr\u00e1tis Sabe como voc\u00ea pode conseguir Robux gr\u00e1tis?<\/p>","protected":false},"author":1,"featured_media":0,"parent":0,"menu_order":0,"comment_status":"closed","ping_status":"closed","template":"blank-page.php","meta":{"footnotes":""},"class_list":["post-1125","page","type-page","status-publish","hentry","entry"],"_links":{"self":[{"href":"https:\/\/gohotsite.com\/pl\/wp-json\/wp\/v2\/pages\/1125","targetHints":{"allow":["GET"]}}],"collection":[{"href":"https:\/\/gohotsite.com\/pl\/wp-json\/wp\/v2\/pages"}],"about":[{"href":"https:\/\/gohotsite.com\/pl\/wp-json\/wp\/v2\/types\/page"}],"author":[{"embeddable":true,"href":"https:\/\/gohotsite.com\/pl\/wp-json\/wp\/v2\/users\/1"}],"replies":[{"embeddable":true,"href":"https:\/\/gohotsite.com\/pl\/wp-json\/wp\/v2\/comments?post=1125"}],"version-history":[{"count":11,"href":"https:\/\/gohotsite.com\/pl\/wp-json\/wp\/v2\/pages\/1125\/revisions"}],"predecessor-version":[{"id":1240,"href":"https:\/\/gohotsite.com\/pl\/wp-json\/wp\/v2\/pages\/1125\/revisions\/1240"}],"wp:attachment":[{"href":"https:\/\/gohotsite.com\/pl\/wp-json\/wp\/v2\/media?parent=1125"}],"curies":[{"name":"wp","href":"https:\/\/api.w.org\/{rel}","templated":true}]}}