{"id":3,"date":"2024-03-25T20:34:32","date_gmt":"2024-03-25T20:34:32","guid":{"rendered":"https:\/\/gohotsite.com\/?page_id=3"},"modified":"2026-02-27T13:32:01","modified_gmt":"2026-02-27T13:32:01","slug":"privacy-policy","status":"publish","type":"page","link":"https:\/\/gohotsite.com\/pl\/privacy-policy\/","title":{"rendered":"Polityka prywatno\u015bci"},"content":{"rendered":"<p>Twoja prywatno\u015b\u0107 jest dla nas wa\u017cna. Polityk\u0105 witryny GoHot jest poszanowanie Twojej prywatno\u015bci w odniesieniu do wszelkich informacji, kt\u00f3re mo\u017cemy od Ciebie gromadzi\u0107 w witrynie GoHot oraz na innych stronach, kt\u00f3re posiadamy i obs\u0142ugujemy.<\/p>\n\n\n\n<p>\u017b\u0105damy podania danych osobowych tylko wtedy, gdy jest to rzeczywi\u015bcie niezb\u0119dne do \u015bwiadczenia Ci us\u0142ugi. Robimy to uczciwie i zgodnie z prawem, za Twoj\u0105 wiedz\u0105 i zgod\u0105. Informujemy Ci\u0119 r\u00f3wnie\u017c, dlaczego je gromadzimy i jak b\u0119d\u0105 wykorzystywane.<\/p>\n\n\n\n<p>Zebrane informacje przechowujemy tylko tak d\u0142ugo, jak jest to konieczne do \u015bwiadczenia \u017c\u0105danej us\u0142ugi. Przechowuj\u0105c dane, chronimy je w spos\u00f3b komercyjnie akceptowalny, aby zapobiec ich utracie i kradzie\u017cy, a tak\u017ce nieautoryzowanemu dost\u0119powi, ujawnieniu, kopiowaniu, wykorzystaniu lub modyfikacji.<\/p>\n\n\n\n<p>Nie udost\u0119pniamy danych osobowych publicznie ani osobom trzecim, chyba \u017ce wymaga tego prawo.<\/p>\n\n\n\n<p>Nasza strona internetowa mo\u017ce zawiera\u0107 linki do stron zewn\u0119trznych, kt\u00f3re nie s\u0105 przez nas obs\u0142ugiwane. Prosimy pami\u0119ta\u0107, \u017ce nie mamy kontroli nad tre\u015bci\u0105 ani praktykami stosowanymi na tych stronach i nie ponosimy odpowiedzialno\u015bci za ich polityk\u0119 prywatno\u015bci.<\/p>\n\n\n\n<p>Masz prawo odm\u00f3wi\u0107 podania danych osobowych, rozumiej\u0105c, \u017ce mo\u017cemy nie by\u0107 w stanie dostarczy\u0107 Ci niekt\u00f3rych us\u0142ug, kt\u00f3rych potrzebujesz.<\/p>\n\n\n\n<p>Dalsze korzystanie z naszej strony internetowej b\u0119dzie r\u00f3wnoznaczne z akceptacj\u0105 naszych zasad dotycz\u0105cych prywatno\u015bci i danych osobowych. W przypadku pyta\u0144 dotycz\u0105cych sposobu przetwarzania danych u\u017cytkownik\u00f3w prosimy o kontakt.<\/p>\n\n\n\n<h2 class=\"wp-block-heading\">Bezpiecze\u0144stwo i zaufanie do witryny GoHot<\/h2>\n\n\n\n<p>Strona jest godna zaufania i bezpieczna dla u\u017cytkownik\u00f3w, co potwierdza Weryfikacja. Strona weryfikuje informacje o witrynie w celu wykrycia potencjalnych problem\u00f3w z bezpiecze\u0144stwem. Historia przegl\u0105dania zweryfikowana przez narz\u0119dzie bezpiecze\u0144stwa Google potwierdza bezpiecze\u0144stwo witryny.<\/p>\n\n\n\n<h2 class=\"wp-block-heading\">Polityka plik\u00f3w cookie<\/h2>\n\n\n\n<h3 class=\"wp-block-heading\">Czym s\u0105 pliki cookie?<\/h3>\n\n\n\n<p>Zgodnie z powszechn\u0105 praktyk\u0105 stosowan\u0105 na wi\u0119kszo\u015bci profesjonalnych stron internetowych, ta witryna u\u017cywa plik\u00f3w cookie, czyli ma\u0142ych plik\u00f3w pobieranych na Tw\u00f3j komputer, kt\u00f3re maj\u0105 na celu popraw\u0119 komfortu korzystania z witryny.<\/p>\n\n\n\n<h3 class=\"wp-block-heading\">Jak u\u017cywamy plik\u00f3w cookie?<\/h3>\n\n\n\n<p>U\u017cywamy plik\u00f3w cookie z kilku powod\u00f3w, szczeg\u00f3\u0142owo opisanych poni\u017cej. W wielu przypadkach nie ma standardowych opcji wy\u0142\u0105czania plik\u00f3w cookie bez ograniczania funkcjonalno\u015bci.<\/p>\n\n\n\n<h3 class=\"wp-block-heading\">Wy\u0142\u0105cz pliki cookie<\/h3>\n\n\n\n<p>Mo\u017cesz zablokowa\u0107 zapisywanie plik\u00f3w cookie, zmieniaj\u0105c ustawienia swojej przegl\u0105darki. Pami\u0119taj, \u017ce ich wy\u0142\u0105czenie mo\u017ce wp\u0142yn\u0105\u0107 na funkcjonalno\u015b\u0107 tej i innych stron internetowych.<\/p>\n\n\n\n<h3 class=\"wp-block-heading\">Pliki cookie, kt\u00f3re ustawiamy<\/h3>\n\n\n\n<h4 class=\"wp-block-heading\">Pliki cookie zwi\u0105zane z kontem<\/h4>\n\n\n\n<p>S\u0142u\u017cy do zarz\u0105dzania procesem rejestracji i og\u00f3lnego administrowania kontem.<\/p>\n\n\n\n<h4 class=\"wp-block-heading\">Pliki cookie zwi\u0105zane z logowaniem<\/h4>\n\n\n\n<p>Zapami\u0119tuj\u0105 Twoje dane logowania podczas przegl\u0105dania witryny.<\/p>\n\n\n\n<h4 class=\"wp-block-heading\">Pliki cookie zwi\u0105zane z biuletynami e-mail<\/h4>\n\n\n\n<p>Czy pami\u0119tasz, czy jeste\u015b ju\u017c zapisany na nasz newsletter?.<\/p>\n\n\n\n<h4 class=\"wp-block-heading\">Pliki cookie przetwarzania zam\u00f3wie\u0144<\/h4>\n\n\n\n<p>Niezb\u0119dne do zapami\u0119tywania produkt\u00f3w i zmian artyku\u0142\u00f3w podczas zakup\u00f3w.<\/p>\n\n\n\n<h4 class=\"wp-block-heading\">Pliki cookie zwi\u0105zane z wyszukiwaniami<\/h4>\n\n\n\n<p>S\u0142u\u017cy do zapami\u0119tywania uczestnictwa i utrzymywania dok\u0142adnych wynik\u00f3w.<\/p>\n\n\n\n<h4 class=\"wp-block-heading\">Pliki cookie zwi\u0105zane z formularzem<\/h4>\n\n\n\n<p>Przechowuj\u0105 dane przes\u0142ane w formularzach w celu ich p\u00f3\u017aniejszego uzupe\u0142nienia.<\/p>\n\n\n\n<h4 class=\"wp-block-heading\">Pliki cookie preferencji witryny<\/h4>\n\n\n\n<p>Przechowuj\u0105 Twoje ustawienia i preferencje przegl\u0105dania.<\/p>\n\n\n\n<h3 class=\"wp-block-heading\">Pliki cookie stron trzecich<\/h3>\n\n\n\n<p>W niekt\u00f3rych szczeg\u00f3lnych przypadkach wykorzystujemy pliki cookie pochodz\u0105ce od zaufanych stron trzecich.<\/p>\n\n\n\n<h4 class=\"wp-block-heading\">Google Analytics<\/h4>\n\n\n\n<p>U\u017cywamy narz\u0119dzia Google Analytics, aby zrozumie\u0107, w jaki spos\u00f3b korzystasz z naszej witryny.<\/p>\n\n\n\n<p>Wi\u0119cej informacji znajdziesz na oficjalnej stronie Google Analytics.<\/p>\n\n\n\n<h4 class=\"wp-block-heading\">Narz\u0119dzia analityczne stron trzecich<\/h4>\n\n\n\n<p>S\u0142u\u017cy do pomiaru zachowa\u0144 u\u017cytkownik\u00f3w i poprawy jako\u015bci korzystania ze strony internetowej.<\/p>\n\n\n\n<h4 class=\"wp-block-heading\">Testy funkcjonalno\u015bci<\/h4>\n\n\n\n<p>U\u017cywane podczas testowania nowych funkcji w celu zapewnienia sp\u00f3jno\u015bci.<\/p>\n\n\n\n<h4 class=\"wp-block-heading\">Statystyki e-commerce<\/h4>\n\n\n\n<p>Mierz\u0105 liczb\u0119 odwiedzaj\u0105cych dokonuj\u0105cych zakup\u00f3w i pomagaj\u0105 w prognozowaniu wynik\u00f3w biznesowych.<\/p>\n\n\n\n<h2 class=\"wp-block-heading\">Preferencje reklamowe i opcje rezygnacji<\/h2>\n\n\n\n<p>Mo\u017cesz zarz\u0105dza\u0107 swoimi preferencjami reklamowymi i ogranicza\u0107 wykorzystanie swoich danych do personalizacji reklam za pomoc\u0105 narz\u0119dzi zewn\u0119trznych. Aby dostosowa\u0107 spos\u00f3b wy\u015bwietlania reklam, przejd\u017a do [link\/nazwa narz\u0119dzia]. \n<a href=\"https:\/\/www.google.com\/settings\/ads\" target=\"_blank\">Mened\u017cer preferencji reklam Google<\/a>.<\/p>\n\n\n\n<p>Je\u015bli chcesz wy\u0142\u0105czy\u0107 reklamy spersonalizowane, mo\u017cesz r\u00f3wnie\u017c skorzysta\u0107 z niezale\u017cnych mechanizm\u00f3w, takich jak:<\/p>\n\n\n\n<ul class=\"wp-block-list\">\n<li><a href=\"https:\/\/optout.networkadvertising.org\/\" target=\"_blank\">Rezygnacja z Network Advertising Initiative (NAI)<\/a><\/li>\n\n\n\n<li><a href=\"https:\/\/optout.aboutads.info\/\" target=\"_blank\">Rezygnacja z Digital Advertising Alliance (DAA)<\/a><\/li>\n<\/ul>\n\n\n\n<p>Systemy te umo\u017cliwiaj\u0105 kontrolowanie gromadzenia i wykorzystywania plik\u00f3w cookie przez r\u00f3\u017cne us\u0142ugi reklamy cyfrowej.<\/p>\n\n\n\n<h2 class=\"wp-block-heading\">Zaanga\u017cowanie u\u017cytkownika<\/h2>\n\n\n\n<p>U\u017cytkownik wyra\u017ca zgod\u0119 na:<\/p>\n\n\n\n<ul class=\"wp-block-list\">\n<li>Nie podejmuj dzia\u0142a\u0144 niezgodnych z prawem lub sprzecznych z dobr\u0105 wiar\u0105 i porz\u0105dkiem publicznym.<\/li>\n\n\n\n<li>Nie rozpowszechniaj tre\u015bci nielegalnych, rasistowskich, ksenofobicznych, hazardowych, pornografii, tre\u015bci terrorystycznych ani tre\u015bci naruszaj\u0105cych prawa cz\u0142owieka.<\/li>\n\n\n\n<li>Nie wolno powodowa\u0107 uszkodze\u0144 system\u00f3w fizycznych i logicznych serwisu GoHot ani os\u00f3b trzecich.<\/li>\n\n\n\n<li>Nie wprowadzaj wirus\u00f3w ani szkodliwego oprogramowania.<\/li>\n<\/ul>\n\n\n\n<h2 class=\"wp-block-heading\">Blokuj pliki cookie<\/h2>\n\n\n\n<p>Mo\u017cesz w ka\u017cdej chwili zablokowa\u0107 pliki cookie w ustawieniach swojej przegl\u0105darki.<\/p>\n\n\n\n<p>Przewodniki pomocy:<\/p>\n\n\n\n<ul class=\"wp-block-list\">\n<li><a href=\"https:\/\/support.google.com\/chrome\/answer\/95647\">Google Chrome<\/a><\/li>\n\n\n\n<li><a href=\"https:\/\/support.mozilla.org\/pt-BR\/kb\/desative-cookies-terceiros-impedir-rastreamento\">Firefox<\/a><\/li>\n\n\n\n<li><a href=\"https:\/\/support.microsoft.com\/pt-br\/windows\/gerencie-cookies-no-microsoft-edge-exibir-permitir-bloquear-excluir-e-usar-168dab11-0753-043d-7c16-ede5947fc64d\">Microsoft Edge<\/a><\/li>\n\n\n\n<li><a href=\"https:\/\/help.opera.com\/en\/latest\/web-preferences\/#cookies\">Opera<\/a><\/li>\n\n\n\n<li><a href=\"https:\/\/support.apple.com\/pt-br\/HT201265\">Safari<\/a><\/li>\n<\/ul>\n\n\n\n<h2 class=\"wp-block-heading\">Wi\u0119cej informacji<\/h2>\n\n\n\n<p>Mamy nadziej\u0119, \u017ce te informacje s\u0105 jasne. Je\u015bli nie masz pewno\u015bci, czy musisz wy\u0142\u0105czy\u0107 obs\u0142ug\u0119 plik\u00f3w cookie, bezpieczniej b\u0119dzie pozostawi\u0107 je w\u0142\u0105czone.<\/p>\n\n\n\n<p>Niniejsza polityka obowi\u0105zuje od: <strong>Luty 2026<\/strong>.<\/p>","protected":false},"excerpt":{"rendered":"<p>A sua privacidade \u00e9 importante para n\u00f3s. \u00c9 pol\u00edtica do GoHot Site respeitar a sua privacidade em rela\u00e7\u00e3o a qualquer informa\u00e7\u00e3o sua&#8230;<\/p>","protected":false},"author":1,"featured_media":0,"parent":0,"menu_order":0,"comment_status":"closed","ping_status":"open","template":"","meta":{"footnotes":""},"class_list":["post-3","page","type-page","status-publish","hentry","entry"],"_links":{"self":[{"href":"https:\/\/gohotsite.com\/pl\/wp-json\/wp\/v2\/pages\/3","targetHints":{"allow":["GET"]}}],"collection":[{"href":"https:\/\/gohotsite.com\/pl\/wp-json\/wp\/v2\/pages"}],"about":[{"href":"https:\/\/gohotsite.com\/pl\/wp-json\/wp\/v2\/types\/page"}],"author":[{"embeddable":true,"href":"https:\/\/gohotsite.com\/pl\/wp-json\/wp\/v2\/users\/1"}],"replies":[{"embeddable":true,"href":"https:\/\/gohotsite.com\/pl\/wp-json\/wp\/v2\/comments?post=3"}],"version-history":[{"count":8,"href":"https:\/\/gohotsite.com\/pl\/wp-json\/wp\/v2\/pages\/3\/revisions"}],"predecessor-version":[{"id":4089,"href":"https:\/\/gohotsite.com\/pl\/wp-json\/wp\/v2\/pages\/3\/revisions\/4089"}],"wp:attachment":[{"href":"https:\/\/gohotsite.com\/pl\/wp-json\/wp\/v2\/media?parent=3"}],"curies":[{"name":"wp","href":"https:\/\/api.w.org\/{rel}","templated":true}]}}