{"id":3,"date":"2024-03-25T20:34:32","date_gmt":"2024-03-25T20:34:32","guid":{"rendered":"https:\/\/gohotsite.com\/?page_id=3"},"modified":"2026-02-27T13:32:01","modified_gmt":"2026-02-27T13:32:01","slug":"privacy-policy","status":"publish","type":"page","link":"https:\/\/gohotsite.com\/pt\/privacy-policy\/","title":{"rendered":"Pol\u00edtica de Privacidade"},"content":{"rendered":"\n<p>A sua privacidade \u00e9 importante para n\u00f3s. \u00c9 pol\u00edtica do GoHot Site respeitar \na sua privacidade em rela\u00e7\u00e3o a qualquer informa\u00e7\u00e3o sua que possamos coletar \nno site GoHot Site, e outros sites que possu\u00edmos e operamos.<\/p>\n\n\n\n<p>Solicitamos informa\u00e7\u00f5es pessoais apenas quando realmente precisamos delas \npara lhe fornecer um servi\u00e7o. Fazemo-lo por meios justos e legais, com o seu \nconhecimento e consentimento. Tamb\u00e9m informamos por que estamos coletando e \ncomo ser\u00e1 usado.<\/p>\n\n\n\n<p>Apenas retemos as informa\u00e7\u00f5es coletadas pelo tempo necess\u00e1rio para fornecer \no servi\u00e7o solicitado. Quando armazenamos dados, protegemos dentro de meios \ncomercialmente aceit\u00e1veis para evitar perdas e roubos, bem como acesso, \ndivulga\u00e7\u00e3o, c\u00f3pia, uso ou modifica\u00e7\u00e3o n\u00e3o autorizados.<\/p>\n\n\n\n<p>N\u00e3o compartilhamos informa\u00e7\u00f5es de identifica\u00e7\u00e3o pessoal publicamente ou com \nterceiros, exceto quando exigido por lei.<\/p>\n\n\n\n<p>O nosso site pode ter links para sites externos que n\u00e3o s\u00e3o operados por n\u00f3s. \nEsteja ciente de que n\u00e3o temos controle sobre o conte\u00fado e pr\u00e1ticas desses sites \ne n\u00e3o podemos aceitar responsabilidade por suas respectivas pol\u00edticas de privacidade.<\/p>\n\n\n\n<p>Voc\u00ea \u00e9 livre para recusar a nossa solicita\u00e7\u00e3o de informa\u00e7\u00f5es pessoais, \nentendendo que talvez n\u00e3o possamos fornecer alguns dos servi\u00e7os desejados.<\/p>\n\n\n\n<p>O uso continuado de nosso site ser\u00e1 considerado como aceita\u00e7\u00e3o de nossas \npr\u00e1ticas em torno de privacidade e informa\u00e7\u00f5es pessoais. Se voc\u00ea tiver alguma \nd\u00favida sobre como lidamos com dados do usu\u00e1rio, entre em contato conosco.<\/p>\n\n\n\n<h2 class=\"wp-block-heading\">Seguran\u00e7a e Confian\u00e7a do GoHot Site<\/h2>\n\n\n\n<p>O site \u00e9 confi\u00e1vel e seguro para navega\u00e7\u00e3o do usu\u00e1rio conforme informado \npela Verifica\u00e7\u00e3o. A p\u00e1gina verifica informa\u00e7\u00f5es do site para identificar poss\u00edveis \nproblemas de seguran\u00e7a. A navega\u00e7\u00e3o verificada pela ferramenta de seguran\u00e7a do Google \nmostra que o site \u00e9 seguro.<\/p>\n\n\n\n<h2 class=\"wp-block-heading\">Pol\u00edtica de Cookies<\/h2>\n\n\n\n<h3 class=\"wp-block-heading\">O que s\u00e3o cookies?<\/h3>\n\n\n\n<p>Como \u00e9 pr\u00e1tica comum em quase todos os sites profissionais, este site usa cookies, \nque s\u00e3o pequenos arquivos baixados no seu computador, para melhorar sua experi\u00eancia.<\/p>\n\n\n\n<h3 class=\"wp-block-heading\">Como usamos os cookies?<\/h3>\n\n\n\n<p>Utilizamos cookies por v\u00e1rios motivos, detalhados abaixo. Em muitos casos, \nn\u00e3o h\u00e1 op\u00e7\u00f5es padr\u00e3o para desativar cookies sem comprometer funcionalidades.<\/p>\n\n\n\n<h3 class=\"wp-block-heading\">Desativar cookies<\/h3>\n\n\n\n<p>Voc\u00ea pode impedir a configura\u00e7\u00e3o de cookies ajustando as configura\u00e7\u00f5es do seu navegador. \nTenha em mente que desativ\u00e1-los pode afetar funcionalidades deste e de outros sites.<\/p>\n\n\n\n<h3 class=\"wp-block-heading\">Cookies que definimos<\/h3>\n\n\n\n<h4 class=\"wp-block-heading\">Cookies relacionados \u00e0 conta<\/h4>\n\n\n\n<p>Usados para gerenciar o processo de inscri\u00e7\u00e3o e administra\u00e7\u00e3o geral da conta.<\/p>\n\n\n\n<h4 class=\"wp-block-heading\">Cookies relacionados ao login<\/h4>\n\n\n\n<p>Memorizam seu login enquanto navega pelo site.<\/p>\n\n\n\n<h4 class=\"wp-block-heading\">Cookies relacionados a boletins por e-mail<\/h4>\n\n\n\n<p>Lembram se voc\u00ea j\u00e1 est\u00e1 registrado em newsletters.<\/p>\n\n\n\n<h4 class=\"wp-block-heading\">Cookies de processamento de pedidos<\/h4>\n\n\n\n<p>Essenciais para lembrar itens entre p\u00e1ginas nas compras.<\/p>\n\n\n\n<h4 class=\"wp-block-heading\">Cookies relacionados a pesquisas<\/h4>\n\n\n\n<p>Usados para lembrar participa\u00e7\u00f5es e manter resultados precisos.<\/p>\n\n\n\n<h4 class=\"wp-block-heading\">Cookies relacionados a formul\u00e1rios<\/h4>\n\n\n\n<p>Memorizam dados enviados em formul\u00e1rios para preenchimento futuro.<\/p>\n\n\n\n<h4 class=\"wp-block-heading\">Cookies de prefer\u00eancias do site<\/h4>\n\n\n\n<p>Armazenam suas configura\u00e7\u00f5es e prefer\u00eancias de navega\u00e7\u00e3o.<\/p>\n\n\n\n<h3 class=\"wp-block-heading\">Cookies de Terceiros<\/h3>\n\n\n\n<p>Em alguns casos especiais, usamos cookies de terceiros confi\u00e1veis.<\/p>\n\n\n\n<h4 class=\"wp-block-heading\">Google Analytics<\/h4>\n\n\n\n<p>Usamos o Google Analytics para entender como voc\u00ea usa o site.<\/p>\n\n\n\n<p>Mais informa\u00e7\u00f5es: consulte a p\u00e1gina oficial do Google Analytics.<\/p>\n\n\n\n<h4 class=\"wp-block-heading\">Ferramentas de an\u00e1lise de terceiros<\/h4>\n\n\n\n<p>Usadas para medir comportamento do usu\u00e1rio e melhorar a experi\u00eancia no site.<\/p>\n\n\n\n<h4 class=\"wp-block-heading\">Testes de funcionalidades<\/h4>\n\n\n\n<p>Usados quando testamos novos recursos para garantir consist\u00eancia.<\/p>\n\n\n\n<h4 class=\"wp-block-heading\">Estat\u00edsticas de e-commerce<\/h4>\n\n\n\n<p>Medem quantos visitantes realizam compras e ajudam em previs\u00f5es comerciais.<\/p>\n\n\n\n<h2 class=\"wp-block-heading\">Prefer\u00eancias de An\u00fancios e Op\u00e7\u00f5es de Opt-Out<\/h2>\n\n\n\n<p>Voc\u00ea pode gerenciar suas prefer\u00eancias de an\u00fancios e limitar o uso dos seus dados \npara publicidade personalizada utilizando ferramentas externas. Para ajustar como \nos an\u00fancios s\u00e3o exibidos para voc\u00ea, acesse o \n<a href=\"https:\/\/www.google.com\/settings\/ads\" target=\"_blank\">Gerenciador de Prefer\u00eancias de An\u00fancios do Google<\/a>.<\/p>\n\n\n\n<p>Se desejar desativar an\u00fancios personalizados, voc\u00ea tamb\u00e9m pode usar mecanismos \nindependentes como:<\/p>\n\n\n\n<ul class=\"wp-block-list\">\n<li><a href=\"https:\/\/optout.networkadvertising.org\/\" target=\"_blank\">Network Advertising Initiative (NAI) Opt-Out<\/a><\/li>\n\n\n\n<li><a href=\"https:\/\/optout.aboutads.info\/\" target=\"_blank\">Digital Advertising Alliance (DAA) Opt-Out<\/a><\/li>\n<\/ul>\n\n\n\n<p>Esses sistemas permitem controlar a coleta e uso de cookies por diversos servi\u00e7os \nde publicidade digital.<\/p>\n\n\n\n<h2 class=\"wp-block-heading\">Compromisso do Usu\u00e1rio<\/h2>\n\n\n\n<p>O usu\u00e1rio se compromete a:<\/p>\n\n\n\n<ul class=\"wp-block-list\">\n<li>N\u00e3o se envolver em atividades ilegais ou contr\u00e1rias \u00e0 boa f\u00e9 e \u00e0 ordem p\u00fablica.<\/li>\n\n\n\n<li>N\u00e3o difundir conte\u00fado ilegal, racista, xenof\u00f3bico, de apostas, pornografia ilegal, terrorismo ou viola\u00e7\u00e3o dos direitos humanos.<\/li>\n\n\n\n<li>N\u00e3o causar danos a sistemas f\u00edsicos ou l\u00f3gicos do GoHot Site ou de terceiros.<\/li>\n\n\n\n<li>N\u00e3o introduzir v\u00edrus ou softwares prejudiciais.<\/li>\n<\/ul>\n\n\n\n<h2 class=\"wp-block-heading\">Bloquear cookies<\/h2>\n\n\n\n<p>Voc\u00ea pode bloquear cookies a qualquer momento nas configura\u00e7\u00f5es do seu navegador.<\/p>\n\n\n\n<p>Guias de ajuda:<\/p>\n\n\n\n<ul class=\"wp-block-list\">\n<li><a href=\"https:\/\/support.google.com\/chrome\/answer\/95647\">Google Chrome<\/a><\/li>\n\n\n\n<li><a href=\"https:\/\/support.mozilla.org\/pt-BR\/kb\/desative-cookies-terceiros-impedir-rastreamento\">Firefox<\/a><\/li>\n\n\n\n<li><a href=\"https:\/\/support.microsoft.com\/pt-br\/windows\/gerencie-cookies-no-microsoft-edge-exibir-permitir-bloquear-excluir-e-usar-168dab11-0753-043d-7c16-ede5947fc64d\">Microsoft Edge<\/a><\/li>\n\n\n\n<li><a href=\"https:\/\/help.opera.com\/en\/latest\/web-preferences\/#cookies\">Opera<\/a><\/li>\n\n\n\n<li><a href=\"https:\/\/support.apple.com\/pt-br\/HT201265\">Safari<\/a><\/li>\n<\/ul>\n\n\n\n<h2 class=\"wp-block-heading\">Mais Informa\u00e7\u00f5es<\/h2>\n\n\n\n<p>Esperamos que as informa\u00e7\u00f5es estejam claras. Caso n\u00e3o tenha certeza se precisa ou n\u00e3o \ndesativar cookies, \u00e9 mais seguro deix\u00e1-los ativados.<\/p>\n\n\n\n<p>Esta pol\u00edtica \u00e9 efetiva a partir de: <strong>Fevereiro\/2026<\/strong>.<\/p>\n","protected":false},"excerpt":{"rendered":"<p>A sua privacidade \u00e9 importante para n\u00f3s. \u00c9 pol\u00edtica do GoHot Site respeitar a sua privacidade em rela\u00e7\u00e3o a qualquer informa\u00e7\u00e3o sua&#8230;<\/p>\n","protected":false},"author":1,"featured_media":0,"parent":0,"menu_order":0,"comment_status":"closed","ping_status":"open","template":"","meta":{"footnotes":""},"class_list":["post-3","page","type-page","status-publish","hentry","entry"],"_links":{"self":[{"href":"https:\/\/gohotsite.com\/pt\/wp-json\/wp\/v2\/pages\/3","targetHints":{"allow":["GET"]}}],"collection":[{"href":"https:\/\/gohotsite.com\/pt\/wp-json\/wp\/v2\/pages"}],"about":[{"href":"https:\/\/gohotsite.com\/pt\/wp-json\/wp\/v2\/types\/page"}],"author":[{"embeddable":true,"href":"https:\/\/gohotsite.com\/pt\/wp-json\/wp\/v2\/users\/1"}],"replies":[{"embeddable":true,"href":"https:\/\/gohotsite.com\/pt\/wp-json\/wp\/v2\/comments?post=3"}],"version-history":[{"count":8,"href":"https:\/\/gohotsite.com\/pt\/wp-json\/wp\/v2\/pages\/3\/revisions"}],"predecessor-version":[{"id":4089,"href":"https:\/\/gohotsite.com\/pt\/wp-json\/wp\/v2\/pages\/3\/revisions\/4089"}],"wp:attachment":[{"href":"https:\/\/gohotsite.com\/pt\/wp-json\/wp\/v2\/media?parent=3"}],"curies":[{"name":"wp","href":"https:\/\/api.w.org\/{rel}","templated":true}]}}