{"id":3,"date":"2024-03-25T20:34:32","date_gmt":"2024-03-25T20:34:32","guid":{"rendered":"https:\/\/gohotsite.com\/?page_id=3"},"modified":"2026-02-27T13:32:01","modified_gmt":"2026-02-27T13:32:01","slug":"privacy-policy","status":"publish","type":"page","link":"https:\/\/gohotsite.com\/sv\/privacy-policy\/","title":{"rendered":"Integritetspolicy"},"content":{"rendered":"<p>Din integritet \u00e4r viktig f\u00f6r oss. GoHot-webbplatsens policy \u00e4r att respektera din integritet g\u00e4llande all information vi kan samla in fr\u00e5n dig p\u00e5 GoHot-webbplatsen och andra webbplatser som vi \u00e4ger och driver.<\/p>\n\n\n\n<p>Vi beg\u00e4r endast personuppgifter n\u00e4r vi verkligen beh\u00f6ver dem f\u00f6r att tillhandah\u00e5lla en tj\u00e4nst till dig. Vi g\u00f6r det p\u00e5 ett r\u00e4ttvist och lagligt s\u00e4tt, med din vetskap och ditt samtycke. Vi informerar dig ocks\u00e5 om varf\u00f6r vi samlar in dem och hur de kommer att anv\u00e4ndas.<\/p>\n\n\n\n<p>Vi beh\u00e5ller endast insamlad information s\u00e5 l\u00e4nge som det \u00e4r n\u00f6dv\u00e4ndigt f\u00f6r att tillhandah\u00e5lla den beg\u00e4rda tj\u00e4nsten. N\u00e4r vi lagrar data skyddar vi den med kommersiellt acceptabla medel f\u00f6r att f\u00f6rhindra f\u00f6rlust och st\u00f6ld, samt obeh\u00f6rig \u00e5tkomst, avsl\u00f6jande, kopiering, anv\u00e4ndning eller modifiering.<\/p>\n\n\n\n<p>Vi delar inte personligt identifierbar information offentligt eller med tredje part, f\u00f6rutom n\u00e4r det kr\u00e4vs enligt lag.<\/p>\n\n\n\n<p>V\u00e5r webbplats kan inneh\u00e5lla l\u00e4nkar till externa webbplatser som inte drivs av oss. Observera att vi inte har n\u00e5gon kontroll \u00f6ver inneh\u00e5llet och praxisen p\u00e5 dessa webbplatser och kan inte ta ansvar f\u00f6r deras respektive integritetspolicyer.<\/p>\n\n\n\n<p>Du kan avb\u00f6ja v\u00e5r beg\u00e4ran om personuppgifter, med f\u00f6rst\u00e5else f\u00f6r att vi kanske inte kan tillhandah\u00e5lla vissa av de tj\u00e4nster du \u00f6nskar.<\/p>\n\n\n\n<p>Fortsatt anv\u00e4ndning av v\u00e5r webbplats kommer att betraktas som godk\u00e4nnande av v\u00e5ra rutiner g\u00e4llande integritet och personuppgifter. Om du har n\u00e5gra fr\u00e5gor om hur vi hanterar anv\u00e4ndardata, v\u00e4nligen kontakta oss.<\/p>\n\n\n\n<h2 class=\"wp-block-heading\">S\u00e4kerhet och f\u00f6rtroende f\u00f6r GoHot-webbplatsen<\/h2>\n\n\n\n<p>Webbplatsen \u00e4r p\u00e5litlig och s\u00e4ker f\u00f6r anv\u00e4ndare att surfa p\u00e5, vilket framg\u00e5r av verifieringen. Sidan kontrollerar webbplatsinformation f\u00f6r att identifiera potentiella s\u00e4kerhetsproblem. Webbhistoriken som verifierats av Googles s\u00e4kerhetsverktyg visar att webbplatsen \u00e4r s\u00e4ker.<\/p>\n\n\n\n<h2 class=\"wp-block-heading\">Cookiepolicy<\/h2>\n\n\n\n<h3 class=\"wp-block-heading\">Vad \u00e4r kakor?<\/h3>\n\n\n\n<p>Som vanligt p\u00e5 n\u00e4stan alla professionella webbplatser anv\u00e4nder den h\u00e4r webbplatsen cookies, sm\u00e5 filer som laddas ner till din dator, f\u00f6r att f\u00f6rb\u00e4ttra din upplevelse.<\/p>\n\n\n\n<h3 class=\"wp-block-heading\">Hur anv\u00e4nder vi cookies?<\/h3>\n\n\n\n<p>Vi anv\u00e4nder cookies av flera anledningar, vilka beskrivs nedan. I m\u00e5nga fall finns det inga standardalternativ f\u00f6r att inaktivera cookies utan att kompromissa med funktionaliteten.<\/p>\n\n\n\n<h3 class=\"wp-block-heading\">Inaktivera cookies<\/h3>\n\n\n\n<p>Du kan f\u00f6rhindra att cookies sparas genom att justera dina webbl\u00e4sarinst\u00e4llningar. T\u00e4nk p\u00e5 att inaktivering av dem kan p\u00e5verka funktionaliteten p\u00e5 denna och andra webbplatser.<\/p>\n\n\n\n<h3 class=\"wp-block-heading\">Cookies vi anv\u00e4nder<\/h3>\n\n\n\n<h4 class=\"wp-block-heading\">Kontorelaterade cookies<\/h4>\n\n\n\n<p>Anv\u00e4nds f\u00f6r att hantera registreringsprocessen och allm\u00e4n kontoadministration.<\/p>\n\n\n\n<h4 class=\"wp-block-heading\">Inloggningsrelaterade cookies<\/h4>\n\n\n\n<p>De kommer ih\u00e5g dina inloggningsuppgifter medan du surfar p\u00e5 webbplatsen.<\/p>\n\n\n\n<h4 class=\"wp-block-heading\">Cookies relaterade till e-postnyhetsbrev<\/h4>\n\n\n\n<p>Kommer du ih\u00e5g om du redan prenumererar p\u00e5 v\u00e5ra nyhetsbrev?.<\/p>\n\n\n\n<h4 class=\"wp-block-heading\">Kakor f\u00f6r orderhantering<\/h4>\n\n\n\n<p>Viktigt f\u00f6r att komma ih\u00e5g varor mellan sidorna n\u00e4r man handlar.<\/p>\n\n\n\n<h4 class=\"wp-block-heading\">Cookies relaterade till s\u00f6kningar<\/h4>\n\n\n\n<p>Anv\u00e4nds f\u00f6r att komma ih\u00e5g deltagande och bibeh\u00e5lla korrekta resultat.<\/p>\n\n\n\n<h4 class=\"wp-block-heading\">Formul\u00e4rrelaterade cookies<\/h4>\n\n\n\n<p>De lagrar data som skickas in i formul\u00e4r f\u00f6r framtida ifyllande.<\/p>\n\n\n\n<h4 class=\"wp-block-heading\">Webbplatspreferenscookies<\/h4>\n\n\n\n<p>De lagrar dina webbinst\u00e4llningar och preferenser.<\/p>\n\n\n\n<h3 class=\"wp-block-heading\">Tredjepartscookies<\/h3>\n\n\n\n<p>I vissa specialfall anv\u00e4nder vi cookies fr\u00e5n betrodda tredje parter.<\/p>\n\n\n\n<h4 class=\"wp-block-heading\">Google Analytics<\/h4>\n\n\n\n<p>Vi anv\u00e4nder Google Analytics f\u00f6r att f\u00f6rst\u00e5 hur du anv\u00e4nder webbplatsen.<\/p>\n\n\n\n<p>F\u00f6r mer information, bes\u00f6k den officiella Google Analytics-sidan.<\/p>\n\n\n\n<h4 class=\"wp-block-heading\">Analysverktyg fr\u00e5n tredje part<\/h4>\n\n\n\n<p>Anv\u00e4nds f\u00f6r att m\u00e4ta anv\u00e4ndarbeteende och f\u00f6rb\u00e4ttra webbplatsupplevelsen.<\/p>\n\n\n\n<h4 class=\"wp-block-heading\">Funktionstester<\/h4>\n\n\n\n<p>Anv\u00e4nds vid testning av nya funktioner f\u00f6r att s\u00e4kerst\u00e4lla konsekvens.<\/p>\n\n\n\n<h4 class=\"wp-block-heading\">E-handelsstatistik<\/h4>\n\n\n\n<p>De m\u00e4ter hur m\u00e5nga bes\u00f6kare som g\u00f6r k\u00f6p och hj\u00e4lper till med aff\u00e4rsprognoser.<\/p>\n\n\n\n<h2 class=\"wp-block-heading\">Annonsinst\u00e4llningar och alternativ f\u00f6r att v\u00e4lja bort<\/h2>\n\n\n\n<p>Du kan hantera dina annonsinst\u00e4llningar och begr\u00e4nsa anv\u00e4ndningen av dina uppgifter f\u00f6r personlig annonsering med hj\u00e4lp av externa verktyg. F\u00f6r att justera hur annonser visas f\u00f6r dig, g\u00e5 till [l\u00e4nk\/verktygsnamn]. \n<a href=\"https:\/\/www.google.com\/settings\/ads\" target=\"_blank\">Google Ads-inst\u00e4llningshanteraren<\/a>.<\/p>\n\n\n\n<p>Om du vill inaktivera personliga annonser kan du \u00e4ven anv\u00e4nda oberoende mekanismer som:<\/p>\n\n\n\n<ul class=\"wp-block-list\">\n<li><a href=\"https:\/\/optout.networkadvertising.org\/\" target=\"_blank\">Avanm\u00e4lan fr\u00e5n Network Advertising Initiative (NAI)<\/a><\/li>\n\n\n\n<li><a href=\"https:\/\/optout.aboutads.info\/\" target=\"_blank\">Avanm\u00e4lan fr\u00e5n Digital Advertising Alliance (DAA)<\/a><\/li>\n<\/ul>\n\n\n\n<p>Dessa system l\u00e5ter dig kontrollera insamlingen och anv\u00e4ndningen av cookies av olika digitala annonstj\u00e4nster.<\/p>\n\n\n\n<h2 class=\"wp-block-heading\">Anv\u00e4ndarengagemang<\/h2>\n\n\n\n<p>Anv\u00e4ndaren samtycker till att:<\/p>\n\n\n\n<ul class=\"wp-block-list\">\n<li>Delta inte i olagliga aktiviteter eller aktiviteter som strider mot god tro och allm\u00e4n ordning.<\/li>\n\n\n\n<li>Sprid inte olagligt, rasistiskt, fr\u00e4mlingsfientligt, spelrelaterat, olaglig pornografi, terroristinneh\u00e5ll eller inneh\u00e5ll som bryter mot m\u00e4nskliga r\u00e4ttigheter.<\/li>\n\n\n\n<li>Orsaka inte skada p\u00e5 GoHot-webbplatsens eller tredje parts fysiska eller logiska system.<\/li>\n\n\n\n<li>Introducera inte virus eller skadlig programvara.<\/li>\n<\/ul>\n\n\n\n<h2 class=\"wp-block-heading\">Blockera cookies<\/h2>\n\n\n\n<p>Du kan blockera cookies n\u00e4r som helst i dina webbl\u00e4sarinst\u00e4llningar.<\/p>\n\n\n\n<p>Hj\u00e4lpguider:<\/p>\n\n\n\n<ul class=\"wp-block-list\">\n<li><a href=\"https:\/\/support.google.com\/chrome\/answer\/95647\">Google Chrome<\/a><\/li>\n\n\n\n<li><a href=\"https:\/\/support.mozilla.org\/pt-BR\/kb\/desative-cookies-terceiros-impedir-rastreamento\">Firefox<\/a><\/li>\n\n\n\n<li><a href=\"https:\/\/support.microsoft.com\/pt-br\/windows\/gerencie-cookies-no-microsoft-edge-exibir-permitir-bloquear-excluir-e-usar-168dab11-0753-043d-7c16-ede5947fc64d\">Microsoft Edge<\/a><\/li>\n\n\n\n<li><a href=\"https:\/\/help.opera.com\/en\/latest\/web-preferences\/#cookies\">Opera<\/a><\/li>\n\n\n\n<li><a href=\"https:\/\/support.apple.com\/pt-br\/HT201265\">Safari<\/a><\/li>\n<\/ul>\n\n\n\n<h2 class=\"wp-block-heading\">Mer information<\/h2>\n\n\n\n<p>Vi hoppas att denna information \u00e4r tydlig. Om du \u00e4r os\u00e4ker p\u00e5 om du beh\u00f6ver inaktivera cookies \u00e4r det s\u00e4krare att l\u00e5ta dem vara aktiverade.<\/p>\n\n\n\n<p>Denna policy g\u00e4ller fr\u00e5n och med: <strong>Februari 2026<\/strong>.<\/p>","protected":false},"excerpt":{"rendered":"<p>A sua privacidade \u00e9 importante para n\u00f3s. \u00c9 pol\u00edtica do GoHot Site respeitar a sua privacidade em rela\u00e7\u00e3o a qualquer informa\u00e7\u00e3o sua&#8230;<\/p>","protected":false},"author":1,"featured_media":0,"parent":0,"menu_order":0,"comment_status":"closed","ping_status":"open","template":"","meta":{"footnotes":""},"class_list":["post-3","page","type-page","status-publish","hentry","entry"],"_links":{"self":[{"href":"https:\/\/gohotsite.com\/sv\/wp-json\/wp\/v2\/pages\/3","targetHints":{"allow":["GET"]}}],"collection":[{"href":"https:\/\/gohotsite.com\/sv\/wp-json\/wp\/v2\/pages"}],"about":[{"href":"https:\/\/gohotsite.com\/sv\/wp-json\/wp\/v2\/types\/page"}],"author":[{"embeddable":true,"href":"https:\/\/gohotsite.com\/sv\/wp-json\/wp\/v2\/users\/1"}],"replies":[{"embeddable":true,"href":"https:\/\/gohotsite.com\/sv\/wp-json\/wp\/v2\/comments?post=3"}],"version-history":[{"count":8,"href":"https:\/\/gohotsite.com\/sv\/wp-json\/wp\/v2\/pages\/3\/revisions"}],"predecessor-version":[{"id":4089,"href":"https:\/\/gohotsite.com\/sv\/wp-json\/wp\/v2\/pages\/3\/revisions\/4089"}],"wp:attachment":[{"href":"https:\/\/gohotsite.com\/sv\/wp-json\/wp\/v2\/media?parent=3"}],"curies":[{"name":"wp","href":"https:\/\/api.w.org\/{rel}","templated":true}]}}